{"id":533769,"date":"2025-09-04T18:48:23","date_gmt":"2025-09-04T15:48:23","guid":{"rendered":"https:\/\/nbg.eu\/product\/utg-h3-carbine-buffer-ar15-m4-rb-t6bfh3\/"},"modified":"2026-01-21T12:22:40","modified_gmt":"2026-01-21T09:22:40","slug":"utg-h3-carbine-buffer-ar15-m4-rb-t6bfh3","status":"publish","type":"product","link":"https:\/\/nbg.eu\/pl\/produkt\/utg-h3-carbine-buffer-ar15-m4-rb-t6bfh3\/","title":{"rendered":"UTG &#8211; H3 Carbine Buffer &#8211; AR15 \/ M4 &#8211; RB-T6BFH3"},"content":{"rendered":"<div class=\"product-description\">\n<h2>UTG &#8211; Bufor H3 do karabinu &#8211; AR15 \/ M4 &#8211; RB-T6BFH3<\/h2>\n<p>Bufor Leapers UTG H3 do AR15 posiada nast\u0119puj\u0105ce cechy:<\/p>\n<ul>\n<li>3 ci\u0119\u017ckie wolframowe ci\u0119\u017carki<\/li>\n<li>Wzmocniony korpus z aluminium 6061-T6 z anodowanym wyko\u0144czeniem<\/li>\n<li>Dok\u0142adnie dopasowany zderzak ko\u0144cowy<\/li>\n<li>Zwi\u0119ksza czas przebywania pocisku w lufie i u\u0142atwia ekstrakcj\u0119<\/li>\n<li>Zmniejsza odczuwalny odrzut<\/li>\n<li>Mo\u017ce poprawi\u0107 celno\u015b\u0107 przy nieco ci\u0119\u017cszych kalibrach<\/li>\n<\/ul>\n<p>Wa\u017c\u0105cy 5,4 uncji bufor jest przeznaczony do platformy AR. Komponent ten mo\u017ce poprawi\u0107 komfort i potencjalnie celno\u015b\u0107.<\/p>\n","protected":false},"excerpt":{"rendered":"<p>Bufor UTG H3 Carbine: Zmniejsza odrzut, poprawia komfort strzelania dla AR15\/M4.<\/p>\n","protected":false},"featured_media":494324,"template":"","meta":{"_acf_changed":false},"product_brand":[14418],"product_cat":[12584],"product_tag":[],"class_list":{"0":"post-533769","1":"product","2":"type-product","3":"status-publish","4":"has-post-thumbnail","6":"product_brand-leapers-inc","7":"product_cat-tuning-karabinowy","9":"first","10":"outofstock","11":"taxable","12":"shipping-taxable","13":"purchasable","14":"product-type-simple"},"acf":[],"_links":{"self":[{"href":"https:\/\/nbg.eu\/pl\/wp-json\/wp\/v2\/product\/533769","targetHints":{"allow":["GET"]}}],"collection":[{"href":"https:\/\/nbg.eu\/pl\/wp-json\/wp\/v2\/product"}],"about":[{"href":"https:\/\/nbg.eu\/pl\/wp-json\/wp\/v2\/types\/product"}],"wp:featuredmedia":[{"embeddable":true,"href":"https:\/\/nbg.eu\/pl\/wp-json\/wp\/v2\/media\/494324"}],"wp:attachment":[{"href":"https:\/\/nbg.eu\/pl\/wp-json\/wp\/v2\/media?parent=533769"}],"wp:term":[{"taxonomy":"product_brand","embeddable":true,"href":"https:\/\/nbg.eu\/pl\/wp-json\/wp\/v2\/product_brand?post=533769"},{"taxonomy":"product_cat","embeddable":true,"href":"https:\/\/nbg.eu\/pl\/wp-json\/wp\/v2\/product_cat?post=533769"},{"taxonomy":"product_tag","embeddable":true,"href":"https:\/\/nbg.eu\/pl\/wp-json\/wp\/v2\/product_tag?post=533769"}],"curies":[{"name":"wp","href":"https:\/\/api.w.org\/{rel}","templated":true}]}}