{"id":533986,"date":"2025-09-04T18:48:31","date_gmt":"2025-09-04T15:48:31","guid":{"rendered":"https:\/\/nbg.eu\/product\/ftcs-buttstock-mounting-adapter-picatinny-for-saiga-cerakote-h-146-nr-28\/"},"modified":"2026-01-21T11:40:09","modified_gmt":"2026-01-21T08:40:09","slug":"ftcs-buttstock-mounting-adapter-picatinny-for-saiga-cerakote-h-146-nr-28","status":"publish","type":"product","link":"https:\/\/nbg.eu\/pl\/produkt\/ftcs-buttstock-mounting-adapter-picatinny-for-saiga-cerakote-h-146-nr-28\/","title":{"rendered":"FTCS &#8211; Buttstock Mounting Adapter Picatinny for Saiga &#8211; Cerakote &#8211; H-146 &#8211; Nr. 28"},"content":{"rendered":"<div class=\"product-description\">\n<h2>FTCS &#8211; Adapter monta\u017cowy kolby Picatinny do Saiga &#8211; Cerakote H-146<\/h2>\n<p>Adapter do monta\u017cu kolby dla Saiga i podobnych platform. Wykonany z aluminium, wyko\u0144czony pow\u0142ok\u0105 Cerakote H-146 w kolorze grafitowym.<\/p>\n<ul>\n<li>Kompatybilny z Saiga i podobnymi platformami<\/li>\n<li>Umo\u017cliwia monta\u017c kolb lub stabilizator\u00f3w kompatybilnych z Picatinny<\/li>\n<li>Nie wymaga dodatkowych cz\u0119\u015bci do instalacji<\/li>\n<li>Grawerowane logo producenta<\/li>\n<li>Wymiary: 35 x 31 x 30 mm<\/li>\n<li>Waga: 49 g<\/li>\n<\/ul>\n<p>Do u\u017cytku z kolbami Strike Industries, takimi jak SI-FSA-DUAL, SI-FSA-DUAL-STOCK lub SI-FSA-DUAL-STAB. Adapter zwi\u0119ksza wszechstronno\u015b\u0107 i wygod\u0119 broni.<\/p>\n<\/div>\n","protected":false},"excerpt":{"rendered":"<p>Adapter kolby do Saigi. Szyna Picatinny. Pow\u0142oka Cerakote H-146. FTCS Nr. 28.<\/p>\n","protected":false},"featured_media":494453,"template":"","meta":{"_acf_changed":false},"product_brand":[],"product_cat":[12623,12561,12584],"product_tag":[],"class_list":{"0":"post-533986","1":"product","2":"type-product","3":"status-publish","4":"has-post-thumbnail","6":"product_cat-karabin","7":"product_cat-tuning-ak","8":"product_cat-tuning-karabinowy","10":"first","11":"instock","12":"taxable","13":"shipping-taxable","14":"purchasable","15":"product-type-simple"},"acf":[],"_links":{"self":[{"href":"https:\/\/nbg.eu\/pl\/wp-json\/wp\/v2\/product\/533986","targetHints":{"allow":["GET"]}}],"collection":[{"href":"https:\/\/nbg.eu\/pl\/wp-json\/wp\/v2\/product"}],"about":[{"href":"https:\/\/nbg.eu\/pl\/wp-json\/wp\/v2\/types\/product"}],"wp:featuredmedia":[{"embeddable":true,"href":"https:\/\/nbg.eu\/pl\/wp-json\/wp\/v2\/media\/494453"}],"wp:attachment":[{"href":"https:\/\/nbg.eu\/pl\/wp-json\/wp\/v2\/media?parent=533986"}],"wp:term":[{"taxonomy":"product_brand","embeddable":true,"href":"https:\/\/nbg.eu\/pl\/wp-json\/wp\/v2\/product_brand?post=533986"},{"taxonomy":"product_cat","embeddable":true,"href":"https:\/\/nbg.eu\/pl\/wp-json\/wp\/v2\/product_cat?post=533986"},{"taxonomy":"product_tag","embeddable":true,"href":"https:\/\/nbg.eu\/pl\/wp-json\/wp\/v2\/product_tag?post=533986"}],"curies":[{"name":"wp","href":"https:\/\/api.w.org\/{rel}","templated":true}]}}