{"id":535203,"date":"2025-09-04T23:53:22","date_gmt":"2025-09-04T20:53:22","guid":{"rendered":"https:\/\/nbg.eu\/product\/law-tactical-llc-armorers-flange-tool-2019aft\/"},"modified":"2026-01-21T11:58:40","modified_gmt":"2026-01-21T08:58:40","slug":"law-tactical-llc-armorers-flange-tool-2019aft","status":"publish","type":"product","link":"https:\/\/nbg.eu\/pl\/produkt\/law-tactical-llc-armorers-flange-tool-2019aft\/","title":{"rendered":"LAW TACTICAL LLC Armorer&#8217;s Flange Tool (2019AFT)"},"content":{"rendered":"<div class=\"product-description\">\n<h2>LAW TACTICAL LLC Narz\u0119dzie do ko\u0142nierza dla rusznikarzy (2019AFT)<\/h2>\n<p>Narz\u0119dzie do monta\u017cu i demonta\u017cu ko\u0142nierza do adaptera sk\u0142adanej kolby Law Tactical. Wykonane z hartowanej stali w\u0119glowej, zapewnia wytrzyma\u0142o\u015b\u0107 i trwa\u0142o\u015b\u0107.<\/p>\n<ul>\n<li>Wykonane z litego pr\u0119ta hartowanej stali w\u0119glowej<\/li>\n<li>Zaprojektowane z my\u015bl\u0105 o d\u0142ugotrwa\u0142ej niezawodno\u015bci<\/li>\n<li>Wyposa\u017cone w kwadratowy nap\u0119d 3\/8&#8243; do klucza dynamometrycznego<\/li>\n<li>Indywidualnie kontrolowane pod k\u0105tem jako\u015bci<\/li>\n<li>Pokryte czarn\u0105 pow\u0142ok\u0105 Melonite dla ochrony<\/li>\n<\/ul>\n<p>Narz\u0119dzie dla rusznikarzy, odpowiednie zar\u00f3wno dla entuzjast\u00f3w, jak i profesjonalist\u00f3w.<\/p>\n<\/div>\n","protected":false},"excerpt":{"rendered":"<p>Wytrzyma\u0142e stalowe narz\u0119dzie do ko\u0142nierzy adaptera sk\u0142adanej kolby Law Tactical.<\/p>\n","protected":false},"featured_media":495829,"template":"","meta":{"_acf_changed":false},"product_brand":[14393],"product_cat":[12639],"product_tag":[],"class_list":{"0":"post-535203","1":"product","2":"type-product","3":"status-publish","4":"has-post-thumbnail","6":"product_brand-law-tactical-llc","7":"product_cat-bez-kategorii","9":"first","10":"outofstock","11":"taxable","12":"shipping-taxable","13":"purchasable","14":"product-type-simple"},"acf":[],"_links":{"self":[{"href":"https:\/\/nbg.eu\/pl\/wp-json\/wp\/v2\/product\/535203","targetHints":{"allow":["GET"]}}],"collection":[{"href":"https:\/\/nbg.eu\/pl\/wp-json\/wp\/v2\/product"}],"about":[{"href":"https:\/\/nbg.eu\/pl\/wp-json\/wp\/v2\/types\/product"}],"wp:featuredmedia":[{"embeddable":true,"href":"https:\/\/nbg.eu\/pl\/wp-json\/wp\/v2\/media\/495829"}],"wp:attachment":[{"href":"https:\/\/nbg.eu\/pl\/wp-json\/wp\/v2\/media?parent=535203"}],"wp:term":[{"taxonomy":"product_brand","embeddable":true,"href":"https:\/\/nbg.eu\/pl\/wp-json\/wp\/v2\/product_brand?post=535203"},{"taxonomy":"product_cat","embeddable":true,"href":"https:\/\/nbg.eu\/pl\/wp-json\/wp\/v2\/product_cat?post=535203"},{"taxonomy":"product_tag","embeddable":true,"href":"https:\/\/nbg.eu\/pl\/wp-json\/wp\/v2\/product_tag?post=535203"}],"curies":[{"name":"wp","href":"https:\/\/api.w.org\/{rel}","templated":true}]}}