{"id":535525,"date":"2025-09-05T00:00:24","date_gmt":"2025-09-04T21:00:24","guid":{"rendered":"https:\/\/nbg.eu\/product\/rh-504-2-screws-iwb\/"},"modified":"2026-01-21T11:34:53","modified_gmt":"2026-01-21T08:34:53","slug":"rh-504-2-screws-iwb","status":"publish","type":"product","link":"https:\/\/nbg.eu\/pl\/produkt\/rh-504-2-screws-iwb\/","title":{"rendered":"RH 504-2 Screws IWB"},"content":{"rendered":"<h1>RH 504-2 \u015aruby IWB &#8211; Zestaw zapasowy do kabur IWB<\/h1>\n<p>Zestaw zapasowy RH 504-2 \u015aruby IWB jest przeznaczony do naszych kabur IWB Black Trident, zapewniaj\u0105c dopasowanie i funkcjonalno\u015b\u0107.<\/p>\n<h2>Zawarto\u015b\u0107 zestawu:<\/h2>\n<ul>\n<li>4 x 9mm \u015bruby z tulejami i przek\u0142adkami<\/li>\n<li>4 x 3mm przek\u0142adki<\/li>\n<li>4 x 6mm \u015bruby<\/li>\n<li>4 x 4.7mm tuleje<\/li>\n<\/ul>\n<p>Kompatybilne z modelami kabur Viking, Quasimodo i Guardian.<\/p>\n<p><strong>Wskaz\u00f3wka:<\/strong> Dla zwi\u0119kszenia bezpiecze\u0144stwa, zalecamy u\u017cycie kleju do \u015brub (sprzedawany oddzielnie).<\/p>\n<p>Zam\u00f3w zestaw RH 504-2 \u015aruby IWB, aby utrzyma\u0107 swoj\u0105 kabur\u0119 w dobrym stanie.<\/p>\n","protected":false},"excerpt":{"rendered":"<p>Zestaw \u015brub zamiennych do kabur IWB Black Trident. W zestawie 16 sztuk.<\/p>\n","protected":false},"featured_media":0,"template":"","meta":{"_acf_changed":false},"product_brand":[11641],"product_cat":[12604],"product_tag":[],"class_list":{"0":"post-535525","1":"product","2":"type-product","3":"status-publish","5":"product_brand-rh-holsters","6":"product_cat-akcesoria-do-kabur","8":"first","9":"instock","10":"taxable","11":"shipping-taxable","12":"purchasable","13":"product-type-simple"},"acf":[],"_links":{"self":[{"href":"https:\/\/nbg.eu\/pl\/wp-json\/wp\/v2\/product\/535525","targetHints":{"allow":["GET"]}}],"collection":[{"href":"https:\/\/nbg.eu\/pl\/wp-json\/wp\/v2\/product"}],"about":[{"href":"https:\/\/nbg.eu\/pl\/wp-json\/wp\/v2\/types\/product"}],"wp:attachment":[{"href":"https:\/\/nbg.eu\/pl\/wp-json\/wp\/v2\/media?parent=535525"}],"wp:term":[{"taxonomy":"product_brand","embeddable":true,"href":"https:\/\/nbg.eu\/pl\/wp-json\/wp\/v2\/product_brand?post=535525"},{"taxonomy":"product_cat","embeddable":true,"href":"https:\/\/nbg.eu\/pl\/wp-json\/wp\/v2\/product_cat?post=535525"},{"taxonomy":"product_tag","embeddable":true,"href":"https:\/\/nbg.eu\/pl\/wp-json\/wp\/v2\/product_tag?post=535525"}],"curies":[{"name":"wp","href":"https:\/\/api.w.org\/{rel}","templated":true}]}}