{"id":536280,"date":"2025-09-05T00:15:54","date_gmt":"2025-09-04T21:15:54","guid":{"rendered":"https:\/\/nbg.eu\/product\/dillon-aluminum-roller-handle\/"},"modified":"2026-01-21T11:59:38","modified_gmt":"2026-01-21T08:59:38","slug":"dillon-aluminum-roller-handle","status":"publish","type":"product","link":"https:\/\/nbg.eu\/pl\/produkt\/dillon-aluminum-roller-handle\/","title":{"rendered":"Dillon Aluminum Roller Handle"},"content":{"rendered":"<div class=\"product-description\">\n<h2>Aluminiowa r\u0105czka rolkowa Dillon<\/h2>\n<p>R\u0105czka akcesoryjny Dillon Precision. Ta lekka aluminiowa r\u0105czka rolkowa jest przeznaczona do u\u017cytku podczas d\u0142ugich sesji prze\u0142adowywania.<\/p>\n<ul>\n<li>Kompatybilna z \u0142adowarkami RL550, XL750 i 650<\/li>\n<li>Zmniejsza zm\u0119czenie operatora<\/li>\n<li>U\u0142atwia osadzanie sp\u0142onek<\/li>\n<li>Wykonana z wytrzyma\u0142ego aluminium<\/li>\n<li>Dost\u0119pna w charakterystycznym niebieskim kolorze Dillon<\/li>\n<\/ul>\n<p>To akcesorium do procesu prze\u0142adowywania.<\/p>\n<\/div>\n","protected":false},"excerpt":{"rendered":"<p>Ergonomiczny aluminiowy uchwyt rolki dla p\u0142ynniejszego prze\u0142adowywania. Pasuje do RL550\/XL750\/650.<\/p>\n","protected":false},"featured_media":496395,"template":"","meta":{"_acf_changed":false},"product_brand":[14342],"product_cat":[12598,12609],"product_tag":[],"class_list":{"0":"post-536280","1":"product","2":"type-product","3":"status-publish","4":"has-post-thumbnail","6":"product_brand-dillon-precision","7":"product_cat-akcesoria-do-przeladowania","8":"product_cat-przeladownictwo","10":"first","11":"outofstock","12":"taxable","13":"shipping-taxable","14":"purchasable","15":"product-type-simple"},"acf":[],"_links":{"self":[{"href":"https:\/\/nbg.eu\/pl\/wp-json\/wp\/v2\/product\/536280","targetHints":{"allow":["GET"]}}],"collection":[{"href":"https:\/\/nbg.eu\/pl\/wp-json\/wp\/v2\/product"}],"about":[{"href":"https:\/\/nbg.eu\/pl\/wp-json\/wp\/v2\/types\/product"}],"wp:featuredmedia":[{"embeddable":true,"href":"https:\/\/nbg.eu\/pl\/wp-json\/wp\/v2\/media\/496395"}],"wp:attachment":[{"href":"https:\/\/nbg.eu\/pl\/wp-json\/wp\/v2\/media?parent=536280"}],"wp:term":[{"taxonomy":"product_brand","embeddable":true,"href":"https:\/\/nbg.eu\/pl\/wp-json\/wp\/v2\/product_brand?post=536280"},{"taxonomy":"product_cat","embeddable":true,"href":"https:\/\/nbg.eu\/pl\/wp-json\/wp\/v2\/product_cat?post=536280"},{"taxonomy":"product_tag","embeddable":true,"href":"https:\/\/nbg.eu\/pl\/wp-json\/wp\/v2\/product_tag?post=536280"}],"curies":[{"name":"wp","href":"https:\/\/api.w.org\/{rel}","templated":true}]}}