{"id":536392,"date":"2025-09-05T00:16:15","date_gmt":"2025-09-04T21:16:15","guid":{"rendered":"https:\/\/nbg.eu\/product\/ar-15-a2-pistol-grip\/"},"modified":"2026-01-21T11:34:07","modified_gmt":"2026-01-21T08:34:07","slug":"ar-15-a2-pistol-grip","status":"publish","type":"product","link":"https:\/\/nbg.eu\/pl\/produkt\/ar-15-a2-pistol-grip\/","title":{"rendered":"AR-15 A2 PISTOL GRIP"},"content":{"rendered":"<h1>CZ Shadow 2 Orange &#8211; Pistolet Konkurencyjny<\/h1>\n<p>CZ Shadow 2 Orange posiada nast\u0119puj\u0105ce cechy:<\/p>\n<ul>\n<li>Fabrycznie dopasowana tuleja lufy<\/li>\n<li>Zmodyfikowany spust z kr\u00f3tkim resetem<\/li>\n<li>R\u0119cznie dopasowany zamek i szkielet<\/li>\n<li>Charakterystyczne uchwyty i powi\u0119kszony zwalniacz magazynka<\/li>\n<li>Regulowany przycisk zwalniania magazynka z trzema ustawieniami<\/li>\n<li>Wyko\u0144czenie azotowane z dodatkow\u0105 pow\u0142ok\u0105 na szkielecie<\/li>\n<li>Cienkie aluminiowe uchwyty z tekstur\u0105<\/li>\n<li>\u015awiat\u0142owodowa muszka i regulowana szczerbinka HAJO<\/li>\n<li>Obur\u0119czny bezpiecznik manualny<\/li>\n<\/ul>\n<p>Kaliber 9mm Luger, pojemno\u015b\u0107 17+1 naboi, stalowy szkielet o wadze 46,5 uncji, przeznaczony dla strzelc\u00f3w sportowych.<\/p>\n","protected":false},"excerpt":{"rendered":"<p>Klasyczny chwyt AR-15. Ergonomiczna konstrukcja. Wytrzyma\u0142a polimerowa budowa.<\/p>\n","protected":false},"featured_media":496418,"template":"","meta":{"_acf_changed":false},"product_brand":[],"product_cat":[12623,12584],"product_tag":[],"class_list":{"0":"post-536392","1":"product","2":"type-product","3":"status-publish","4":"has-post-thumbnail","6":"product_cat-karabin","7":"product_cat-tuning-karabinowy","9":"first","10":"outofstock","11":"taxable","12":"shipping-taxable","13":"purchasable","14":"product-type-simple"},"acf":[],"_links":{"self":[{"href":"https:\/\/nbg.eu\/pl\/wp-json\/wp\/v2\/product\/536392","targetHints":{"allow":["GET"]}}],"collection":[{"href":"https:\/\/nbg.eu\/pl\/wp-json\/wp\/v2\/product"}],"about":[{"href":"https:\/\/nbg.eu\/pl\/wp-json\/wp\/v2\/types\/product"}],"wp:featuredmedia":[{"embeddable":true,"href":"https:\/\/nbg.eu\/pl\/wp-json\/wp\/v2\/media\/496418"}],"wp:attachment":[{"href":"https:\/\/nbg.eu\/pl\/wp-json\/wp\/v2\/media?parent=536392"}],"wp:term":[{"taxonomy":"product_brand","embeddable":true,"href":"https:\/\/nbg.eu\/pl\/wp-json\/wp\/v2\/product_brand?post=536392"},{"taxonomy":"product_cat","embeddable":true,"href":"https:\/\/nbg.eu\/pl\/wp-json\/wp\/v2\/product_cat?post=536392"},{"taxonomy":"product_tag","embeddable":true,"href":"https:\/\/nbg.eu\/pl\/wp-json\/wp\/v2\/product_tag?post=536392"}],"curies":[{"name":"wp","href":"https:\/\/api.w.org\/{rel}","templated":true}]}}