{"id":538106,"date":"2025-09-05T17:27:03","date_gmt":"2025-09-05T14:27:03","guid":{"rendered":"https:\/\/nbg.eu\/product\/colt-ar-15-stock-assy-collapsible-oem-blk\/"},"modified":"2026-01-21T11:34:53","modified_gmt":"2026-01-21T08:34:53","slug":"colt-ar-15-stock-assy-collapsible-oem-blk","status":"publish","type":"product","link":"https:\/\/nbg.eu\/pl\/produkt\/colt-ar-15-stock-assy-collapsible-oem-blk\/","title":{"rendered":"COLT AR-15 Stock Assy Collapsible OEM BLK"},"content":{"rendered":"<h1>COLT AR-15 Sk\u0142adana Kolba OEM Czarna<\/h1>\n<p>COLT AR-15 Sk\u0142adana Kolba OEM Czarna oferuje:<\/p>\n<ul>\n<li>Kompatybilno\u015b\u0107 z modelami AR-15, M16 i AR-15\/M4<\/li>\n<li>Sk\u0142adana konstrukcja<\/li>\n<li>Matowe czarne wyko\u0144czenie<\/li>\n<li>Konstrukcja z kompozytu<\/li>\n<li>Jako\u015b\u0107 OEM<\/li>\n<\/ul>\n<p>Ta kolba umo\u017cliwia regulacj\u0119 d\u0142ugo\u015bci i poprawia obs\u0142ug\u0119 w r\u00f3\u017cnych sytuacjach.<\/p>\n<p>Specyfikacja:<\/p>\n<ul>\n<li>Waga: 0,181 kg<\/li>\n<li>Wymiary: 157 mm x 130 mm x 28 mm<\/li>\n<li>Wyprodukowano w USA<\/li>\n<li>Klasyfikacja eksportowa USA: 0A501.y.1<\/li>\n<\/ul>\n","protected":false},"excerpt":{"rendered":"<p>Sk\u0142adana kolba do AR-15. Oryginalna, czarna, matowe wyko\u0144czenie.<\/p>\n","protected":false},"featured_media":496986,"template":"","meta":{"_acf_changed":false},"product_brand":[],"product_cat":[12619,12584],"product_tag":[],"class_list":{"0":"post-538106","1":"product","2":"type-product","3":"status-publish","4":"has-post-thumbnail","6":"product_cat-kolby-karabinowe","7":"product_cat-tuning-karabinowy","9":"first","10":"outofstock","11":"taxable","12":"shipping-taxable","13":"purchasable","14":"product-type-simple"},"acf":[],"_links":{"self":[{"href":"https:\/\/nbg.eu\/pl\/wp-json\/wp\/v2\/product\/538106","targetHints":{"allow":["GET"]}}],"collection":[{"href":"https:\/\/nbg.eu\/pl\/wp-json\/wp\/v2\/product"}],"about":[{"href":"https:\/\/nbg.eu\/pl\/wp-json\/wp\/v2\/types\/product"}],"wp:featuredmedia":[{"embeddable":true,"href":"https:\/\/nbg.eu\/pl\/wp-json\/wp\/v2\/media\/496986"}],"wp:attachment":[{"href":"https:\/\/nbg.eu\/pl\/wp-json\/wp\/v2\/media?parent=538106"}],"wp:term":[{"taxonomy":"product_brand","embeddable":true,"href":"https:\/\/nbg.eu\/pl\/wp-json\/wp\/v2\/product_brand?post=538106"},{"taxonomy":"product_cat","embeddable":true,"href":"https:\/\/nbg.eu\/pl\/wp-json\/wp\/v2\/product_cat?post=538106"},{"taxonomy":"product_tag","embeddable":true,"href":"https:\/\/nbg.eu\/pl\/wp-json\/wp\/v2\/product_tag?post=538106"}],"curies":[{"name":"wp","href":"https:\/\/api.w.org\/{rel}","templated":true}]}}