{"id":53859,"date":"2024-03-04T08:23:25","date_gmt":"2024-09-13T12:54:25","guid":{"rendered":"https:\/\/nbg.eu\/product\/bore-tech-bronze-rifle-brush-3-pack-multiple-calibers\/"},"modified":"2026-05-13T16:01:16","modified_gmt":"2026-05-13T13:01:16","slug":"bore-tech-bronze-rifle-brush-3-pack-multiple-calibers","status":"publish","type":"product","link":"https:\/\/nbg.eu\/pl\/produkt\/bore-tech-bronze-rifle-brush-3-pack-multiple-calibers\/","title":{"rendered":"Bore Tech Bronze Rifle Brush (3 Pack, Multiple Calibers)"},"content":{"rendered":"<p>\nSzczotka do karabinu Bore Tech Bronze oferuje solidn\u0105 konstrukcj\u0119 i specjalne cechy. Szczotka zawiera podw\u00f3jn\u0105 ilo\u015b\u0107 fosforobr\u0105zowych w\u0142osien i zapewnia:<\/p>\n<ul>\n<li>P\u0119tlowy, podw\u00f3jnie pleciony rdze\u0144 dla bezpiecze\u0144stwa lufy<\/li>\n<li>Aluminiowe ko\u0144c\u00f3wki lotniczej jako\u015bci<\/li>\n<li>\u015arednice w\u0142osien dostosowane do kalibru<\/li>\n<li>Dost\u0119pne w kalibrach od .17 do .50<\/li>\n<\/ul>\n<p>Szczotki Bore Tech umo\u017cliwiaj\u0105 efektywne czyszczenie.<\/p>\n","protected":false},"excerpt":{"rendered":"<p>Wysokiej jako\u015bci br\u0105zowa szczotka do karabinu zapewniaj\u0105ca efektywne i bezpieczne czyszczenie lufy.<\/p>\n","protected":false},"featured_media":53860,"template":"","meta":{"_acf_changed":false},"product_brand":[11165],"product_cat":[12565,12582],"product_tag":[],"class_list":{"0":"post-53859","1":"product","2":"type-product","3":"status-publish","4":"has-post-thumbnail","6":"product_brand-boretech","7":"product_cat-czyszczenie-broni","8":"product_cat-szczotki","10":"first","11":"instock","12":"taxable","13":"shipping-taxable","14":"purchasable","15":"product-type-variable","16":"wvs-archive-product-wrapper"},"acf":[],"_links":{"self":[{"href":"https:\/\/nbg.eu\/pl\/wp-json\/wp\/v2\/product\/53859","targetHints":{"allow":["GET"]}}],"collection":[{"href":"https:\/\/nbg.eu\/pl\/wp-json\/wp\/v2\/product"}],"about":[{"href":"https:\/\/nbg.eu\/pl\/wp-json\/wp\/v2\/types\/product"}],"wp:featuredmedia":[{"embeddable":true,"href":"https:\/\/nbg.eu\/pl\/wp-json\/wp\/v2\/media\/53860"}],"wp:attachment":[{"href":"https:\/\/nbg.eu\/pl\/wp-json\/wp\/v2\/media?parent=53859"}],"wp:term":[{"taxonomy":"product_brand","embeddable":true,"href":"https:\/\/nbg.eu\/pl\/wp-json\/wp\/v2\/product_brand?post=53859"},{"taxonomy":"product_cat","embeddable":true,"href":"https:\/\/nbg.eu\/pl\/wp-json\/wp\/v2\/product_cat?post=53859"},{"taxonomy":"product_tag","embeddable":true,"href":"https:\/\/nbg.eu\/pl\/wp-json\/wp\/v2\/product_tag?post=53859"}],"curies":[{"name":"wp","href":"https:\/\/api.w.org\/{rel}","templated":true}]}}