{"id":538733,"date":"2025-09-05T17:36:57","date_gmt":"2025-09-05T14:36:57","guid":{"rendered":"https:\/\/nbg.eu\/product\/aero-precision-receiver-extension-end-plate-for-ar-15-black\/"},"modified":"2026-01-21T12:01:59","modified_gmt":"2026-01-21T09:01:59","slug":"aero-precision-receiver-extension-end-plate-for-ar-15-black","status":"publish","type":"product","link":"https:\/\/nbg.eu\/pl\/produkt\/aero-precision-receiver-extension-end-plate-for-ar-15-black\/","title":{"rendered":"AERO PRECISION RECEIVER EXTENSION END PLATE FOR AR-15 BLACK"},"content":{"rendered":"<div class=\"product-description\">\n<h1>P\u0141YTA KO\u0143COWA PRZED\u0141U\u017bENIA ODBIORNIKA AERO PRECISION DO AR-15 CZARNA<\/h1>\n<p>P\u0142yta ko\u0144cowa przed\u0142u\u017cenia odbiornika Aero Precision do AR-15. Ten element jest niezb\u0119dny dla karabin\u00f3w z regulowan\u0105 kolb\u0105, zapewniaj\u0105c po\u0142\u0105czenie mi\u0119dzy rur\u0105 buforow\u0105 a odbiornikiem.<\/p>\n<ul>\n<li>Wyprodukowano w USA<\/li>\n<li>Kompatybilna z platformami AR-15 i AR-308<\/li>\n<li>Przeznaczona do karabinowych rur buforowych<\/li>\n<li>Wykonana ze stali<\/li>\n<li>Czarne wyko\u0144czenie<\/li>\n<li>Zapewnia odpowiednie ustawienie i stabilno\u015b\u0107<\/li>\n<\/ul>\n<p>P\u0142yta ko\u0144cowa Aero Precision to element AR-15, kt\u00f3ry zapewnia niezawodno\u015b\u0107 i wydajno\u015b\u0107.<\/p>\n<\/div>\n","protected":false},"excerpt":{"rendered":"<p>Ko\u0144c\u00f3wka kolby do karabinu AR-15 zgodna ze specyfikacj\u0105 wojskow\u0105. Wykonana w USA z czarnej stali.<\/p>\n","protected":false},"featured_media":497279,"template":"","meta":{"_acf_changed":false},"product_brand":[],"product_cat":[12584],"product_tag":[],"class_list":{"0":"post-538733","1":"product","2":"type-product","3":"status-publish","4":"has-post-thumbnail","6":"product_cat-tuning-karabinowy","8":"first","9":"outofstock","10":"taxable","11":"shipping-taxable","12":"purchasable","13":"product-type-simple"},"acf":[],"_links":{"self":[{"href":"https:\/\/nbg.eu\/pl\/wp-json\/wp\/v2\/product\/538733","targetHints":{"allow":["GET"]}}],"collection":[{"href":"https:\/\/nbg.eu\/pl\/wp-json\/wp\/v2\/product"}],"about":[{"href":"https:\/\/nbg.eu\/pl\/wp-json\/wp\/v2\/types\/product"}],"wp:featuredmedia":[{"embeddable":true,"href":"https:\/\/nbg.eu\/pl\/wp-json\/wp\/v2\/media\/497279"}],"wp:attachment":[{"href":"https:\/\/nbg.eu\/pl\/wp-json\/wp\/v2\/media?parent=538733"}],"wp:term":[{"taxonomy":"product_brand","embeddable":true,"href":"https:\/\/nbg.eu\/pl\/wp-json\/wp\/v2\/product_brand?post=538733"},{"taxonomy":"product_cat","embeddable":true,"href":"https:\/\/nbg.eu\/pl\/wp-json\/wp\/v2\/product_cat?post=538733"},{"taxonomy":"product_tag","embeddable":true,"href":"https:\/\/nbg.eu\/pl\/wp-json\/wp\/v2\/product_tag?post=538733"}],"curies":[{"name":"wp","href":"https:\/\/api.w.org\/{rel}","templated":true}]}}