{"id":539276,"date":"2025-09-05T17:38:16","date_gmt":"2025-09-05T14:38:16","guid":{"rendered":"https:\/\/nbg.eu\/product\/zero-compromise-optic-zc527-10mil-mpct2x\/"},"modified":"2026-01-21T11:29:44","modified_gmt":"2026-01-21T08:29:44","slug":"zero-compromise-optic-zc527-10mil-mpct2x","status":"publish","type":"product","link":"https:\/\/nbg.eu\/pl\/produkt\/zero-compromise-optic-zc527-10mil-mpct2x\/","title":{"rendered":"Zero Compromise Optic ZC527 10MIL MPCT2X"},"content":{"rendered":"<h1>Zero Compromise Optic ZC527 10MIL MPCT2X<\/h1>\n<p>ZC527 to luneta celownicza o d\u0142ugo\u015bci 387 mm i wadze 1122 g, oferuj\u0105ca nast\u0119puj\u0105ce parametry:<\/p>\n<ul>\n<li>Regulacja podniesienia 35 mil<\/li>\n<li>Regulacja wiatru 20 mil<\/li>\n<li>Pole widzenia 7m\/100m<\/li>\n<li>Transmisja \u015bwiat\u0142a<\/li>\n<li>Rozdzielczo\u015b\u0107<\/li>\n<\/ul>\n<p>ZC527 zosta\u0142 wykonany z wysokiej jako\u015bci materia\u0142\u00f3w. Dost\u0119pny w standardowym wyko\u0144czeniu lub w kolorze FDE (flat dark earth).<\/p>\n<p>Zero Compromise Optic ZC527 to luneta celownicza o wysokiej jako\u015bci i wydajno\u015bci.<\/p>\n","protected":false},"excerpt":{"rendered":"<p>Luneta strzelecka premium: Niezr\u00f3wnana przejrzysto\u015b\u0107, szerokie pole widzenia, precyzyjne regulacje.<\/p>\n","protected":false},"featured_media":497394,"template":"","meta":{"_acf_changed":false},"product_brand":[15202],"product_cat":[12574,12587],"product_tag":[],"class_list":{"0":"post-539276","1":"product","2":"type-product","3":"status-publish","4":"has-post-thumbnail","6":"product_brand-zero-compromise-optics","7":"product_cat-celowanie","8":"product_cat-optyka-powiekszajaca","10":"first","11":"outofstock","12":"taxable","13":"shipping-taxable","14":"purchasable","15":"product-type-simple"},"acf":[],"_links":{"self":[{"href":"https:\/\/nbg.eu\/pl\/wp-json\/wp\/v2\/product\/539276","targetHints":{"allow":["GET"]}}],"collection":[{"href":"https:\/\/nbg.eu\/pl\/wp-json\/wp\/v2\/product"}],"about":[{"href":"https:\/\/nbg.eu\/pl\/wp-json\/wp\/v2\/types\/product"}],"wp:featuredmedia":[{"embeddable":true,"href":"https:\/\/nbg.eu\/pl\/wp-json\/wp\/v2\/media\/497394"}],"wp:attachment":[{"href":"https:\/\/nbg.eu\/pl\/wp-json\/wp\/v2\/media?parent=539276"}],"wp:term":[{"taxonomy":"product_brand","embeddable":true,"href":"https:\/\/nbg.eu\/pl\/wp-json\/wp\/v2\/product_brand?post=539276"},{"taxonomy":"product_cat","embeddable":true,"href":"https:\/\/nbg.eu\/pl\/wp-json\/wp\/v2\/product_cat?post=539276"},{"taxonomy":"product_tag","embeddable":true,"href":"https:\/\/nbg.eu\/pl\/wp-json\/wp\/v2\/product_tag?post=539276"}],"curies":[{"name":"wp","href":"https:\/\/api.w.org\/{rel}","templated":true}]}}