{"id":539788,"date":"2025-09-05T17:40:49","date_gmt":"2025-09-05T14:40:49","guid":{"rendered":"https:\/\/nbg.eu\/product\/scope-mount-30mm-vortex-pro-series-low-pr30-l\/"},"modified":"2026-01-21T12:26:40","modified_gmt":"2026-01-21T09:26:40","slug":"scope-mount-30mm-vortex-pro-series-low-pr30-l","status":"publish","type":"product","link":"https:\/\/nbg.eu\/pl\/produkt\/scope-mount-30mm-vortex-pro-series-low-pr30-l\/","title":{"rendered":"Scope mount 30mm Vortex Pro Series LOW PR30-l"},"content":{"rendered":"<h1>Pier\u015bcienie do lunety Vortex Pro 30mm niskie (0,90&#8243;) PR30-L<\/h1>\n<p>Pier\u015bcienie Vortex Pro Series 30mm o niskiej wysoko\u015bci do monta\u017cu lunety. Wykonane z aluminium lotniczego 6061, zapewniaj\u0105 niezawodno\u015b\u0107 i wytrzyma\u0142o\u015b\u0107.<\/p>\n<h2>G\u0142\u00f3wne cechy:<\/h2>\n<ul>\n<li>Matowe czarne wyko\u0144czenie anodowane<\/li>\n<li>Laserowo grawerowane specyfikacje momentu obrotowego<\/li>\n<li>Mocne elementy mocuj\u0105ce #8<\/li>\n<li>Zintegrowany wyst\u0119p przeciwodrzutowy<\/li>\n<li>Kompatybilne z szynami Weaver lub Picatinny<\/li>\n<li>Lekka konstrukcja o wadze 44,7 g<\/li>\n<\/ul>\n<p>Pier\u015bcienie Vortex Pro PR30-L zapewniaj\u0105 stabilne mocowanie lunety. Przeznaczone dla my\u015bliwych wymagaj\u0105cych jako\u015bci i warto\u015bci.<\/p>\n","protected":false},"excerpt":{"rendered":"<p>Wytrzyma\u0142e niskie pier\u015bcienie do lunet 30mm do szyn Weaver\/Picatinny. Precyzyjnie obrobione.<\/p>\n","protected":false},"featured_media":497578,"template":"","meta":{"_acf_changed":false},"product_brand":[11972],"product_cat":[12599,12574],"product_tag":[],"class_list":{"0":"post-539788","1":"product","2":"type-product","3":"status-publish","4":"has-post-thumbnail","6":"product_brand-vortex","7":"product_cat-akcesoria-celownicze","8":"product_cat-celowanie","10":"first","11":"outofstock","12":"taxable","13":"shipping-taxable","14":"purchasable","15":"product-type-simple"},"acf":[],"_links":{"self":[{"href":"https:\/\/nbg.eu\/pl\/wp-json\/wp\/v2\/product\/539788","targetHints":{"allow":["GET"]}}],"collection":[{"href":"https:\/\/nbg.eu\/pl\/wp-json\/wp\/v2\/product"}],"about":[{"href":"https:\/\/nbg.eu\/pl\/wp-json\/wp\/v2\/types\/product"}],"wp:featuredmedia":[{"embeddable":true,"href":"https:\/\/nbg.eu\/pl\/wp-json\/wp\/v2\/media\/497578"}],"wp:attachment":[{"href":"https:\/\/nbg.eu\/pl\/wp-json\/wp\/v2\/media?parent=539788"}],"wp:term":[{"taxonomy":"product_brand","embeddable":true,"href":"https:\/\/nbg.eu\/pl\/wp-json\/wp\/v2\/product_brand?post=539788"},{"taxonomy":"product_cat","embeddable":true,"href":"https:\/\/nbg.eu\/pl\/wp-json\/wp\/v2\/product_cat?post=539788"},{"taxonomy":"product_tag","embeddable":true,"href":"https:\/\/nbg.eu\/pl\/wp-json\/wp\/v2\/product_tag?post=539788"}],"curies":[{"name":"wp","href":"https:\/\/api.w.org\/{rel}","templated":true}]}}