{"id":540631,"date":"2025-09-05T17:42:22","date_gmt":"2025-09-05T14:42:22","guid":{"rendered":"https:\/\/nbg.eu\/product\/lyman-pro-trim-die\/"},"modified":"2026-01-21T11:45:39","modified_gmt":"2026-01-21T08:45:39","slug":"lyman-pro-trim-die","status":"publish","type":"product","link":"https:\/\/nbg.eu\/pl\/produkt\/lyman-pro-trim-die\/","title":{"rendered":"Lyman Pro Trim Die"},"content":{"rendered":"<div class=\"product-description\">\n<h2>Matryce do przycinania Lyman Pro Trim<\/h2>\n<p>Matryce Lyman Pro Trim s\u0105 produkowane w USA. Cechy tych matryc to:<\/p>\n<ul>\n<li>Konstrukcja ze stali nierdzewnej<\/li>\n<li>Dolny gwint 7\/8-14, kompatybilny z prasami Lyman, Mark 7 i innymi popularnymi prasami do prze\u0142adowywania<\/li>\n<li>G\u00f3rny gwint 13\/16-20, przeznaczony do przycinarki montowanej na prasie Lyman i innych popularnych opcji<\/li>\n<li>Gwarancja na ca\u0142y okres u\u017cytkowania<\/li>\n<\/ul>\n<p>Matryce Lyman Pro Trim oferuj\u0105 precyzj\u0119 i wszechstronno\u015b\u0107. S\u0105 odpowiednie zar\u00f3wno dla do\u015bwiadczonych u\u017cytkownik\u00f3w, jak i pocz\u0105tkuj\u0105cych. Zapewniaj\u0105 jako\u015b\u0107 i kompatybilno\u015b\u0107 potrzebn\u0105 do uzyskania sp\u00f3jnych i dok\u0142adnych rezultat\u00f3w.<\/p>\n<\/div>\n","protected":false},"excerpt":{"rendered":"<p>Precyzyjnie wykonana stalowa matryca ze stali nierdzewnej pochodz\u0105ca z USA do przycinania \u0142usek. Kompatybilna z pras\u0105.<\/p>\n","protected":false},"featured_media":497834,"template":"","meta":{"_acf_changed":false},"product_brand":[11278],"product_cat":[12598,12609],"product_tag":[],"class_list":{"0":"post-540631","1":"product","2":"type-product","3":"status-publish","4":"has-post-thumbnail","6":"product_brand-doublealpha","7":"product_cat-akcesoria-do-przeladowania","8":"product_cat-przeladownictwo","10":"first","11":"outofstock","12":"taxable","13":"shipping-taxable","14":"purchasable","15":"product-type-simple"},"acf":[],"_links":{"self":[{"href":"https:\/\/nbg.eu\/pl\/wp-json\/wp\/v2\/product\/540631","targetHints":{"allow":["GET"]}}],"collection":[{"href":"https:\/\/nbg.eu\/pl\/wp-json\/wp\/v2\/product"}],"about":[{"href":"https:\/\/nbg.eu\/pl\/wp-json\/wp\/v2\/types\/product"}],"wp:featuredmedia":[{"embeddable":true,"href":"https:\/\/nbg.eu\/pl\/wp-json\/wp\/v2\/media\/497834"}],"wp:attachment":[{"href":"https:\/\/nbg.eu\/pl\/wp-json\/wp\/v2\/media?parent=540631"}],"wp:term":[{"taxonomy":"product_brand","embeddable":true,"href":"https:\/\/nbg.eu\/pl\/wp-json\/wp\/v2\/product_brand?post=540631"},{"taxonomy":"product_cat","embeddable":true,"href":"https:\/\/nbg.eu\/pl\/wp-json\/wp\/v2\/product_cat?post=540631"},{"taxonomy":"product_tag","embeddable":true,"href":"https:\/\/nbg.eu\/pl\/wp-json\/wp\/v2\/product_tag?post=540631"}],"curies":[{"name":"wp","href":"https:\/\/api.w.org\/{rel}","templated":true}]}}