{"id":546120,"date":"2025-09-05T18:15:45","date_gmt":"2025-09-05T15:15:45","guid":{"rendered":"https:\/\/nbg.eu\/product\/rrs-sc-arc-harris-bipod-adapter-black\/"},"modified":"2026-01-21T12:00:20","modified_gmt":"2026-01-21T09:00:20","slug":"rrs-sc-arc-harris-bipod-adapter-black","status":"publish","type":"product","link":"https:\/\/nbg.eu\/pl\/produkt\/rrs-sc-arc-harris-bipod-adapter-black\/","title":{"rendered":"RRS SC-ARC Harris Bipod Adapter Black"},"content":{"rendered":"<div class=\"product-description\">\n<h2>Adapter RRS SC-ARC do dw\u00f3jnogu Harris, czarny<\/h2>\n<h2>Adapter do dw\u00f3jnogu Harris<\/h2>\n<p>Adapter RRS SC-ARC do dw\u00f3jnogu Harris integruje si\u0119 z dw\u00f3jnogami Harris 'S&#8217;, zapewniaj\u0105c dodatkowe funkcje i zalety.<\/p>\n<h3>G\u0142\u00f3wne cechy:<\/h3>\n<ul>\n<li><strong>Szybka zmiana wyposa\u017cenia:<\/strong> Umo\u017cliwia szybkie przej\u015bcie mi\u0119dzy konfiguracjami.<\/li>\n<li><strong>Wi\u0119ksza stabilno\u015b\u0107:<\/strong> Zapewnia zwi\u0119kszon\u0105 stabilno\u015b\u0107.<\/li>\n<li><strong>Szeroka kompatybilno\u015b\u0107:<\/strong> Wsp\u00f3\u0142pracuje z zaciskami RRS, takimi jak BTC-Pro i SC-ARC.<\/li>\n<\/ul>\n<p>Adapter do dw\u00f3jnogu Harris \u0142\u0105czy obecn\u0105 konfiguracj\u0119 z wyposa\u017ceniem RRS.<\/p>\n<h3>Specyfikacja:<\/h3>\n<table>\n<tr>\n<td><strong>D\u0142ugo\u015b\u0107:<\/strong><\/td>\n<td>1,4 cala (35,6 mm)<\/td>\n<\/tr>\n<tr>\n<td><strong>Szeroko\u015b\u0107:<\/strong><\/td>\n<td>1,3 cala (33,8 mm)<\/td>\n<\/tr>\n<tr>\n<td><strong>Wysoko\u015b\u0107:<\/strong><\/td>\n<td>1,35 cala (34,3 mm)<\/td>\n<\/tr>\n<tr>\n<td><strong>Waga:<\/strong><\/td>\n<td>1,2 uncji (34,7 g)<\/td>\n<\/tr>\n<\/table>\n<p>Adapter RRS SC-ARC do dw\u00f3jnogu Harris zwi\u0119ksza funkcjonalno\u015b\u0107 dw\u00f3jnog\u00f3w Harris 'S&#8217;, umo\u017cliwiaj\u0105c integracj\u0119 z zaciskami RRS. Akcesorium to zapewnia wszechstronno\u015b\u0107 i stabilno\u015b\u0107 potrzebn\u0105 do precyzyjnych strza\u0142\u00f3w i szybkich regulacji w terenie.<\/p>\n<\/div>\n","protected":false},"excerpt":{"rendered":"<p>Zwi\u0119ksz stabilno\u015b\u0107 i wszechstronno\u015b\u0107 dzi\u0119ki tej lekkiej przystawce do dw\u00f3jnogu Harris.<\/p>\n","protected":false},"featured_media":499234,"template":"","meta":{"_acf_changed":false},"product_brand":[11672],"product_cat":[12602,12623],"product_tag":[],"class_list":{"0":"post-546120","1":"product","2":"type-product","3":"status-publish","4":"has-post-thumbnail","6":"product_brand-rrs","7":"product_cat-dwojnogi","8":"product_cat-karabin","10":"first","11":"instock","12":"taxable","13":"shipping-taxable","14":"purchasable","15":"product-type-simple"},"acf":[],"_links":{"self":[{"href":"https:\/\/nbg.eu\/pl\/wp-json\/wp\/v2\/product\/546120","targetHints":{"allow":["GET"]}}],"collection":[{"href":"https:\/\/nbg.eu\/pl\/wp-json\/wp\/v2\/product"}],"about":[{"href":"https:\/\/nbg.eu\/pl\/wp-json\/wp\/v2\/types\/product"}],"wp:featuredmedia":[{"embeddable":true,"href":"https:\/\/nbg.eu\/pl\/wp-json\/wp\/v2\/media\/499234"}],"wp:attachment":[{"href":"https:\/\/nbg.eu\/pl\/wp-json\/wp\/v2\/media?parent=546120"}],"wp:term":[{"taxonomy":"product_brand","embeddable":true,"href":"https:\/\/nbg.eu\/pl\/wp-json\/wp\/v2\/product_brand?post=546120"},{"taxonomy":"product_cat","embeddable":true,"href":"https:\/\/nbg.eu\/pl\/wp-json\/wp\/v2\/product_cat?post=546120"},{"taxonomy":"product_tag","embeddable":true,"href":"https:\/\/nbg.eu\/pl\/wp-json\/wp\/v2\/product_tag?post=546120"}],"curies":[{"name":"wp","href":"https:\/\/api.w.org\/{rel}","templated":true}]}}