{"id":547159,"date":"2025-09-05T18:15:58","date_gmt":"2025-09-05T15:15:58","guid":{"rendered":"https:\/\/nbg.eu\/product\/mount-arta435-34-34mm\/"},"modified":"2026-01-21T12:02:59","modified_gmt":"2026-01-21T09:02:59","slug":"mount-arta435-34-34mm","status":"publish","type":"product","link":"https:\/\/nbg.eu\/pl\/produkt\/mount-arta435-34-34mm\/","title":{"rendered":"Mount ARTA435-34, 34mm"},"content":{"rendered":"<div class=\"product-description\">\n<h2>XSKEL34TW Gen 2 Wyd\u0142u\u017cony Szkieletowy Monta\u017c MSR 34mm<\/h2>\n<p>XSKEL34TW Gen 2 to Wyd\u0142u\u017cony Szkieletowy Monta\u017c MSR 34mm przeznaczony do karabin\u00f3w AR15, AR10 i karabin\u00f3w sportowych z szyn\u0105 Picatinny o d\u0142ugo\u015bci 2,75&#8243; lub d\u0142u\u017csz\u0105.<\/p>\n<h2>G\u0142\u00f3wne cechy:<\/h2>\n<ul>\n<li>Idealna wysoko\u015b\u0107 MSR dla prawid\u0142owego ustawienia<\/li>\n<li>Ponad 2 cale wysuni\u0119cia do przodu dla lepszego wywa\u017cenia<\/li>\n<li>Stalowe gwintowane wk\u0142adki dla \u015brub<\/li>\n<li>Lekka, ale wytrzyma\u0142a konstrukcja szkieletowa<\/li>\n<li>Wykonany z aluminium 6061 za pomoc\u0105 obr\u00f3bki CNC<\/li>\n<li>Jednocz\u0119\u015bciowa konstrukcja zacisku bocznego dla dodatkowej wytrzyma\u0142o\u015bci<\/li>\n<\/ul>\n<p>XSKEL34TW jest przeznaczony dla wi\u0119kszych, ci\u0119\u017cszych lunet z tubusem 34mm, w tym optyki zmiennej o niskiej mocy i optyki dalekiego zasi\u0119gu z obiektywami do 56mm. Pozycjonuje optyk\u0119 na idealnej wysoko\u015bci i w odpowiednim miejscu na platformie AR.<\/p>\n<p>Kompatybilny z AR-15, M-4, SR-25, LR308, PTR-91 i innymi MSR z szyn\u0105 Picatinny o d\u0142ugo\u015bci co najmniej 3 cali. Popularny r\u00f3wnie\u017c w taktycznych karabinach d\u017awigniowych.<\/p>\n<p>XSKEL34TW MSR\/AR Mount jest u\u017cywany przez strzelc\u00f3w 3-gun, zawodnik\u00f3w i entuzjast\u00f3w taktycznych w zawodach, misjach taktycznych i polowaniach z AR.<\/p>\n<p>XSKEL34TW Gen 2 Wyd\u0142u\u017cony Szkieletowy Monta\u017c MSR 34mm \u0142\u0105czy lekk\u0105 konstrukcj\u0119 z wytrzyma\u0142o\u015bci\u0105.<\/p>\n<\/div>\n","protected":false},"excerpt":{"rendered":"<p>Lekki, wytrzyma\u0142y 34mm monta\u017c lunety AR. Idealna wysoko\u015b\u0107, 2&#8243; wysi\u0119gnik.<\/p>\n","protected":false},"featured_media":499257,"template":"","meta":{"_acf_changed":false},"product_brand":[11695],"product_cat":[12599,12574,12600,12594],"product_tag":[],"class_list":{"0":"post-547159","1":"product","2":"type-product","3":"status-publish","4":"has-post-thumbnail","6":"product_brand-rusan","7":"product_cat-akcesoria-celownicze","8":"product_cat-celowanie","9":"product_cat-mocowania","10":"product_cat-termowizja","12":"first","13":"outofstock","14":"taxable","15":"shipping-taxable","16":"purchasable","17":"product-type-simple"},"acf":[],"_links":{"self":[{"href":"https:\/\/nbg.eu\/pl\/wp-json\/wp\/v2\/product\/547159","targetHints":{"allow":["GET"]}}],"collection":[{"href":"https:\/\/nbg.eu\/pl\/wp-json\/wp\/v2\/product"}],"about":[{"href":"https:\/\/nbg.eu\/pl\/wp-json\/wp\/v2\/types\/product"}],"wp:featuredmedia":[{"embeddable":true,"href":"https:\/\/nbg.eu\/pl\/wp-json\/wp\/v2\/media\/499257"}],"wp:attachment":[{"href":"https:\/\/nbg.eu\/pl\/wp-json\/wp\/v2\/media?parent=547159"}],"wp:term":[{"taxonomy":"product_brand","embeddable":true,"href":"https:\/\/nbg.eu\/pl\/wp-json\/wp\/v2\/product_brand?post=547159"},{"taxonomy":"product_cat","embeddable":true,"href":"https:\/\/nbg.eu\/pl\/wp-json\/wp\/v2\/product_cat?post=547159"},{"taxonomy":"product_tag","embeddable":true,"href":"https:\/\/nbg.eu\/pl\/wp-json\/wp\/v2\/product_tag?post=547159"}],"curies":[{"name":"wp","href":"https:\/\/api.w.org\/{rel}","templated":true}]}}