{"id":547298,"date":"2025-09-05T18:17:28","date_gmt":"2025-09-05T15:17:28","guid":{"rendered":"https:\/\/nbg.eu\/product\/armazone-viper-fts\/"},"modified":"2026-01-21T11:40:18","modified_gmt":"2026-01-21T08:40:18","slug":"armazone-viper-fts","status":"publish","type":"product","link":"https:\/\/nbg.eu\/pl\/produkt\/armazone-viper-fts\/","title":{"rendered":"Armazone Viper FTS"},"content":{"rendered":"<div class=\"product-description\">\n<h2>Adapter Armazone Viper FTS<\/h2>\n<p>Adapter Armazone Viper FTS s\u0142u\u017cy do montowania nak\u0142adek noktowizyjnych lub termowizyjnych na podstawie Picatinny lub Weaver. Adapter ten oferuje:<\/p>\n<ul>\n<li>Mo\u017cliwo\u015b\u0107 szybkiego monta\u017cu nak\u0142adek termowizyjnych<\/li>\n<li>Integracj\u0119 z polem widzenia celownika dziennego<\/li>\n<li>Szybk\u0105 reakcj\u0119 w r\u00f3\u017cnych sytuacjach strzeleckich<\/li>\n<li>Kompatybilno\u015b\u0107 z podstawami Picatinny i Weaver<\/li>\n<li>Wytrzyma\u0142\u0105 konstrukcj\u0119 do u\u017cytku w terenie<\/li>\n<\/ul>\n<p>Adapter Armazone Viper FTS jest przeznaczony do u\u017cytku w operacjach taktycznych, podczas polowa\u0144 lub w strzelectwie sportowym. Umo\u017cliwia korzystanie z optyki w warunkach s\u0142abego o\u015bwietlenia.<\/p>\n<\/div>\n","protected":false},"excerpt":{"rendered":"<p>Armazone Viper FTS: Szybkomontowany adapter do nak\u0142adek termowizyjnych\/noktowizyjnych.<\/p>\n","protected":false},"featured_media":499314,"template":"","meta":{"_acf_changed":false},"product_brand":[14255],"product_cat":[12599,12574,12600,12594],"product_tag":[],"class_list":{"0":"post-547298","1":"product","2":"type-product","3":"status-publish","4":"has-post-thumbnail","6":"product_brand-armazone","7":"product_cat-akcesoria-celownicze","8":"product_cat-celowanie","9":"product_cat-mocowania","10":"product_cat-termowizja","12":"first","13":"instock","14":"taxable","15":"shipping-taxable","16":"purchasable","17":"product-type-simple"},"acf":[],"_links":{"self":[{"href":"https:\/\/nbg.eu\/pl\/wp-json\/wp\/v2\/product\/547298","targetHints":{"allow":["GET"]}}],"collection":[{"href":"https:\/\/nbg.eu\/pl\/wp-json\/wp\/v2\/product"}],"about":[{"href":"https:\/\/nbg.eu\/pl\/wp-json\/wp\/v2\/types\/product"}],"wp:featuredmedia":[{"embeddable":true,"href":"https:\/\/nbg.eu\/pl\/wp-json\/wp\/v2\/media\/499314"}],"wp:attachment":[{"href":"https:\/\/nbg.eu\/pl\/wp-json\/wp\/v2\/media?parent=547298"}],"wp:term":[{"taxonomy":"product_brand","embeddable":true,"href":"https:\/\/nbg.eu\/pl\/wp-json\/wp\/v2\/product_brand?post=547298"},{"taxonomy":"product_cat","embeddable":true,"href":"https:\/\/nbg.eu\/pl\/wp-json\/wp\/v2\/product_cat?post=547298"},{"taxonomy":"product_tag","embeddable":true,"href":"https:\/\/nbg.eu\/pl\/wp-json\/wp\/v2\/product_tag?post=547298"}],"curies":[{"name":"wp","href":"https:\/\/api.w.org\/{rel}","templated":true}]}}