{"id":575532,"date":"2025-10-10T12:34:58","date_gmt":"2025-10-10T09:34:58","guid":{"rendered":"https:\/\/nbg.eu\/product\/grips-kmr-l-dotmatrix-ergo-brass\/"},"modified":"2026-04-16T18:21:57","modified_gmt":"2026-04-16T15:21:57","slug":"grips-kmr-l-dotmatrix-ergo-brass","status":"publish","type":"product","link":"https:\/\/nbg.eu\/pl\/produkt\/grips-kmr-l-dotmatrix-ergo-brass\/","title":{"rendered":"KMR Ok\u0142adziny L DotMatrix Ergo Mosi\u0105dz"},"content":{"rendered":"<h2>GRIPS KMR L DOTMATRIX ERGO MOSI\u0104DZ<\/h2>\n<p>Uchwyty z mosi\u0105dzu firmy KMR Precision Arms nadaj\u0105 broni nowoczesny, wyr\u00f3\u017cniaj\u0105cy si\u0119 wygl\u0105d, jednocze\u015bnie dodaj\u0105c zr\u00f3wnowa\u017con\u0105 mas\u0119 poprawiaj\u0105c\u0105 kontrol\u0119. Ergonomicznie ukszta\u0142towana tekstura DotMatrix Ergo zapewnia pewny i wygodny chwyt, poprawiaj\u0105c stabilno\u015b\u0107 nawet podczas przed\u0142u\u017conego u\u017cytkowania lub w wymagaj\u0105cych warunkach. Dzi\u0119ki precyzyjnej obr\u00f3bce, wysokiej wytrzyma\u0142o\u015bci i wyrafinowanemu wzornictwu, te uchwyty s\u0105 doskona\u0142ym wyborem dla strzelc\u00f3w poszukuj\u0105cych po\u0142\u0105czenia funkcjonalno\u015bci, niezawodno\u015bci i stylu.<\/p>\n<p>Marka: KMR Precision Arms<br \/>\nDla broni: KMR<br \/>\nKompatybilno\u015b\u0107: KMR L-02 UMBRA OD 2024<br \/>\nD\u0142ugo\u015b\u0107 uchwytu: pe\u0142ny rozmiar &#8211; bez komory magazynka<br \/>\nTekstura: Dotmatrix Ergo<br \/>\nMateria\u0142: Mosi\u0105dz<\/p>\n","protected":false},"excerpt":{"rendered":"<p>Mosi\u0119\u017cne uchwyty KMR \u2013 wz\u00f3r DotMatrix Ergo. Ergonomiczny tekstura dla bezpiecznego i wygodnego uchwycenia, zr\u00f3wnowa\u017cona waga dla ulepszonej kontroli.<\/p>\n","protected":false},"featured_media":575560,"template":"","meta":{"_acf_changed":false},"product_brand":[11510],"product_cat":[12573,14882],"product_tag":[],"class_list":{"0":"post-575532","1":"product","2":"type-product","3":"status-publish","4":"has-post-thumbnail","6":"product_brand-kmr-precision","7":"product_cat-czesci-kmr","8":"product_cat-pistol-grips-pl","10":"first","11":"instock","12":"taxable","13":"shipping-taxable","14":"purchasable","15":"product-type-simple"},"acf":[],"_links":{"self":[{"href":"https:\/\/nbg.eu\/pl\/wp-json\/wp\/v2\/product\/575532","targetHints":{"allow":["GET"]}}],"collection":[{"href":"https:\/\/nbg.eu\/pl\/wp-json\/wp\/v2\/product"}],"about":[{"href":"https:\/\/nbg.eu\/pl\/wp-json\/wp\/v2\/types\/product"}],"wp:featuredmedia":[{"embeddable":true,"href":"https:\/\/nbg.eu\/pl\/wp-json\/wp\/v2\/media\/575560"}],"wp:attachment":[{"href":"https:\/\/nbg.eu\/pl\/wp-json\/wp\/v2\/media?parent=575532"}],"wp:term":[{"taxonomy":"product_brand","embeddable":true,"href":"https:\/\/nbg.eu\/pl\/wp-json\/wp\/v2\/product_brand?post=575532"},{"taxonomy":"product_cat","embeddable":true,"href":"https:\/\/nbg.eu\/pl\/wp-json\/wp\/v2\/product_cat?post=575532"},{"taxonomy":"product_tag","embeddable":true,"href":"https:\/\/nbg.eu\/pl\/wp-json\/wp\/v2\/product_tag?post=575532"}],"curies":[{"name":"wp","href":"https:\/\/api.w.org\/{rel}","templated":true}]}}