{"id":575959,"date":"2025-10-10T12:35:14","date_gmt":"2025-10-10T09:35:14","guid":{"rendered":"https:\/\/nbg.eu\/product\/safety-set-kmr-lw-rf\/"},"modified":"2026-04-16T18:21:51","modified_gmt":"2026-04-16T15:21:51","slug":"safety-set-kmr-lw-rf","status":"publish","type":"product","link":"https:\/\/nbg.eu\/pl\/produkt\/safety-set-kmr-lw-rf\/","title":{"rendered":"KMR Zestaw Bezpiecznika LW-RF"},"content":{"rendered":"<h2>ZESTAW BEZPIECZE\u0143STWA KMR LW-RF<\/h2>\n<p><strong>Numer referencyjny:<\/strong> 0671-03002-0000<\/p>\n<p>Zwi\u0119ksz bezpiecze\u0144stwo broni KMR dzi\u0119ki naszemu kompleksowemu ZESTAWOWI BEZPIECZE\u0143STWA KMR LW-RF. Ten niezb\u0119dny zestaw jest zaprojektowany, aby zapewni\u0107 optymaln\u0105 ochron\u0119 i funkcjonalno\u015b\u0107 dla szerokiej gamy modeli KMR, w tym:<\/p>\n<ul>\n<li>KMR L-02 ORCA (2024 i nowsze)<\/li>\n<li>KMR L-02 ORCA (2023 i starsze)<\/li>\n<li>KMR L-02 SPECTRA (2023 i starsze)<\/li>\n<li>KMR W-02 CUDA (2024 i nowsze)<\/li>\n<li>KMR W-02 CUDA (2023 i starsze)<\/li>\n<li>KMR W-02 UMBRA<\/li>\n<li>KMR W-02 UMBRA (OR)<\/li>\n<\/ul>\n<p>Nasz ZESTAW BEZPIECZE\u0143STWA KMR LW-RF jest zaprojektowany, aby spe\u0142nia\u0107 najwy\u017csze standardy niezawodno\u015bci i wydajno\u015bci. Niezale\u017cnie od tego, czy u\u017cywasz najnowszego modelu ORCA, czy klasycznego UMBRA, ten wszechstronny zestaw bezpiecze\u0144stwa zapewnia, \u017ce Twoja bro\u0144 dzia\u0142a bezpiecznie i wydajnie. Ulepsz swoj\u0105 bro\u0144 KMR ju\u017c dzi\u015b, korzystaj\u0105c z tego niezb\u0119dnego akcesorium bezpiecze\u0144stwa.<\/p>\n","protected":false},"excerpt":{"rendered":"<p>Niezb\u0119dny zestaw bezpiecze\u0144stwa dla broni KMR, kompatybilny z wieloma modelami<\/p>\n","protected":false},"featured_media":576035,"template":"","meta":{"_acf_changed":false},"product_brand":[],"product_cat":[12573],"product_tag":[],"class_list":{"0":"post-575959","1":"product","2":"type-product","3":"status-publish","4":"has-post-thumbnail","6":"product_cat-czesci-kmr","8":"first","9":"outofstock","10":"taxable","11":"shipping-taxable","12":"purchasable","13":"product-type-simple"},"acf":[],"_links":{"self":[{"href":"https:\/\/nbg.eu\/pl\/wp-json\/wp\/v2\/product\/575959","targetHints":{"allow":["GET"]}}],"collection":[{"href":"https:\/\/nbg.eu\/pl\/wp-json\/wp\/v2\/product"}],"about":[{"href":"https:\/\/nbg.eu\/pl\/wp-json\/wp\/v2\/types\/product"}],"wp:featuredmedia":[{"embeddable":true,"href":"https:\/\/nbg.eu\/pl\/wp-json\/wp\/v2\/media\/576035"}],"wp:attachment":[{"href":"https:\/\/nbg.eu\/pl\/wp-json\/wp\/v2\/media?parent=575959"}],"wp:term":[{"taxonomy":"product_brand","embeddable":true,"href":"https:\/\/nbg.eu\/pl\/wp-json\/wp\/v2\/product_brand?post=575959"},{"taxonomy":"product_cat","embeddable":true,"href":"https:\/\/nbg.eu\/pl\/wp-json\/wp\/v2\/product_cat?post=575959"},{"taxonomy":"product_tag","embeddable":true,"href":"https:\/\/nbg.eu\/pl\/wp-json\/wp\/v2\/product_tag?post=575959"}],"curies":[{"name":"wp","href":"https:\/\/api.w.org\/{rel}","templated":true}]}}