{"id":58018,"date":"2024-02-20T22:33:36","date_gmt":"2024-02-20T19:33:36","guid":{"rendered":"https:\/\/nbg.eu\/product\/geissele-super-precision-compm5s-series-optic-mounts-black-1-93\/"},"modified":"2026-01-21T12:00:56","modified_gmt":"2026-01-21T09:00:56","slug":"geissele-super-precision-compm5s-series-optic-mounts-black-1-93","status":"publish","type":"product","link":"https:\/\/nbg.eu\/pl\/produkt\/geissele-super-precision-compm5s-series-optic-mounts-black-1-93\/","title":{"rendered":"Geissele Super Precision\u00ae &#8211; CompM5s Series Optic Mounts, Black (1.93&#8243;)"},"content":{"rendered":"<div class=\"product-description\">\n<h2>Geissele Super Precision\u00ae &#8211; Mocowania optyczne serii CompM5s, Czarne (1,93&#8243;)<\/h2>\n<p>Mocowanie optyczne Geissele Super Precision\u00ae CompM5s Series. Zaprojektowane dla Aimpoint CompM5s i podobnych celownik\u00f3w kolimatorowych, oferuje precyzj\u0119 i trwa\u0142o\u015b\u0107.<\/p>\n<ul>\n<li>Frezowane precyzyjnie z jednego kawa\u0142ka wysokowytrzyma\u0142ego aluminium 7075-T6<\/li>\n<li>Opcja wysoko\u015bci 1,93&#8243; dla optymalnego obrazu celowniczego<\/li>\n<li>Metoda mocowania nakr\u0119tk\u0105 i \u015brub\u0105 z si\u0142\u0105 zacisku 1400 funt\u00f3w<\/li>\n<li>3 wyst\u0119py \u015bcinaj\u0105ce dla maksymalnej sztywno\u015bci i powrotu do zera<\/li>\n<li>Czarne wyko\u0144czenie anodowane typu 3 Hardcoat<\/li>\n<\/ul>\n<p>Mocowanie optyczne zapewnia niezawodno\u015b\u0107 i wydajno\u015b\u0107.<\/p>\n<\/div>\n","protected":false},"excerpt":{"rendered":"<p>Precyzyjnie obrobiony monta\u017c do Aimpoint CompM5s, ultra-bezpieczny i trwa\u0142y.<\/p>\n","protected":false},"featured_media":58019,"template":"","meta":{"_acf_changed":false},"product_brand":[11392],"product_cat":[12605,12569,12573,14894],"product_tag":[],"class_list":{"0":"post-58018","1":"product","2":"type-product","3":"status-publish","4":"has-post-thumbnail","6":"product_brand-geissele","7":"product_cat-celowniki-kolimatorowe-do-pistoletow","8":"product_cat-czesci-do-pistoletu","9":"product_cat-czesci-kmr","10":"product_cat-red-dot-sights-mounts-pl","12":"first","13":"instock","14":"taxable","15":"shipping-taxable","16":"product-type-simple"},"acf":[],"_links":{"self":[{"href":"https:\/\/nbg.eu\/pl\/wp-json\/wp\/v2\/product\/58018","targetHints":{"allow":["GET"]}}],"collection":[{"href":"https:\/\/nbg.eu\/pl\/wp-json\/wp\/v2\/product"}],"about":[{"href":"https:\/\/nbg.eu\/pl\/wp-json\/wp\/v2\/types\/product"}],"wp:featuredmedia":[{"embeddable":true,"href":"https:\/\/nbg.eu\/pl\/wp-json\/wp\/v2\/media\/58019"}],"wp:attachment":[{"href":"https:\/\/nbg.eu\/pl\/wp-json\/wp\/v2\/media?parent=58018"}],"wp:term":[{"taxonomy":"product_brand","embeddable":true,"href":"https:\/\/nbg.eu\/pl\/wp-json\/wp\/v2\/product_brand?post=58018"},{"taxonomy":"product_cat","embeddable":true,"href":"https:\/\/nbg.eu\/pl\/wp-json\/wp\/v2\/product_cat?post=58018"},{"taxonomy":"product_tag","embeddable":true,"href":"https:\/\/nbg.eu\/pl\/wp-json\/wp\/v2\/product_tag?post=58018"}],"curies":[{"name":"wp","href":"https:\/\/api.w.org\/{rel}","templated":true}]}}