{"id":582275,"date":"2025-10-10T18:10:10","date_gmt":"2025-10-10T15:10:10","guid":{"rendered":"https:\/\/nbg.eu\/product\/daa-magnet-inc-screw-and-thermal-nut-for-racer-pouch\/"},"modified":"2026-01-21T11:37:55","modified_gmt":"2026-01-21T08:37:55","slug":"daa-magnet-inc-screw-and-thermal-nut-for-racer-pouch","status":"publish","type":"product","link":"https:\/\/nbg.eu\/pl\/produkt\/daa-magnet-inc-screw-and-thermal-nut-for-racer-pouch\/","title":{"rendered":"DAA Magnet inc. screw and thermal nut for racer pouch"},"content":{"rendered":"<div class=\"product-description\">\n<h2>Zestaw magnes\u00f3w DAA do pojedynczych magazynk\u00f3w Racer<\/h2>\n<p>Zmodernizuj sw\u00f3j pojedynczy magazynek DAA Racer za pomoc\u0105 tego magnetycznego systemu monta\u017cowego. Nasz zestaw zawiera:<\/p>\n<ul>\n<li>Du\u017cy magnes N42 o \u015brednicy 42mm<\/li>\n<li>Nakr\u0119tk\u0119 wpuszczan\u0105 M5<\/li>\n<li>\u015arub\u0119 M5 12mm<\/li>\n<\/ul>\n<p>Instalacja jest prosta, wykorzystuj\u0105c istniej\u0105cy otw\u00f3r po zewn\u0119trznej stronie magazynka. Dla optymalnych rezultat\u00f3w:<\/p>\n<ol>\n<li>Ustal i zablokuj po\u017c\u0105dany k\u0105t magazynka przed instalacj\u0105<\/li>\n<li>Zainstaluj magnes u\u017cywaj\u0105c do\u0142\u0105czonych element\u00f3w<\/li>\n<\/ol>\n<p><strong>Uwaga:<\/strong> Po instalacji dost\u0119p do \u015brodkowej \u015bruby monta\u017cowej mo\u017ce by\u0107 ograniczony. Rozwa\u017c przygotowanie specjalnego klucza imbusowego 3mm z kr\u00f3tkim ramieniem do przysz\u0142ych regulacji.<\/p>\n<p>Ten zestaw monta\u017cowy z magnesem zwi\u0119ksza wszechstronno\u015b\u0107 i wygod\u0119 u\u017cytkowania magazynka.<\/p>\n<\/div>\n","protected":false},"excerpt":{"rendered":"<p>Zestaw mocowania magnetycznego do \u0142adownic DAA Single Stack Racer. \u0141atwy monta\u017c.<\/p>\n","protected":false},"featured_media":582349,"template":"","meta":{"_acf_changed":false},"product_brand":[11278],"product_cat":[12621,12557,12631],"product_tag":[],"class_list":{"0":"post-582275","1":"product","2":"type-product","3":"status-publish","4":"has-post-thumbnail","6":"product_brand-doublealpha","7":"product_cat-ladownice","8":"product_cat-paski-sportowe","9":"product_cat-wyposazenie","11":"first","12":"instock","13":"taxable","14":"shipping-taxable","15":"purchasable","16":"product-type-simple"},"acf":[],"_links":{"self":[{"href":"https:\/\/nbg.eu\/pl\/wp-json\/wp\/v2\/product\/582275","targetHints":{"allow":["GET"]}}],"collection":[{"href":"https:\/\/nbg.eu\/pl\/wp-json\/wp\/v2\/product"}],"about":[{"href":"https:\/\/nbg.eu\/pl\/wp-json\/wp\/v2\/types\/product"}],"wp:featuredmedia":[{"embeddable":true,"href":"https:\/\/nbg.eu\/pl\/wp-json\/wp\/v2\/media\/582349"}],"wp:attachment":[{"href":"https:\/\/nbg.eu\/pl\/wp-json\/wp\/v2\/media?parent=582275"}],"wp:term":[{"taxonomy":"product_brand","embeddable":true,"href":"https:\/\/nbg.eu\/pl\/wp-json\/wp\/v2\/product_brand?post=582275"},{"taxonomy":"product_cat","embeddable":true,"href":"https:\/\/nbg.eu\/pl\/wp-json\/wp\/v2\/product_cat?post=582275"},{"taxonomy":"product_tag","embeddable":true,"href":"https:\/\/nbg.eu\/pl\/wp-json\/wp\/v2\/product_tag?post=582275"}],"curies":[{"name":"wp","href":"https:\/\/api.w.org\/{rel}","templated":true}]}}