{"id":583020,"date":"2025-10-08T23:36:42","date_gmt":"2025-10-08T20:36:42","guid":{"rendered":"https:\/\/nbg.eu\/product\/utg-pro-m-lok-light-mount-for-mp5\/"},"modified":"2026-02-27T15:51:17","modified_gmt":"2026-02-27T12:51:17","slug":"utg-pro-m-lok-light-mount-for-mp5","status":"publish","type":"product","link":"https:\/\/nbg.eu\/pl\/produkt\/utg-pro-m-lok-light-mount-for-mp5\/","title":{"rendered":"UTG PRO\u00ae M-LOK\u00ae Light Mount, for MP5\u00ae"},"content":{"rendered":"<div class=\"product-description\">\n<h1>UTG PRO\u00ae M-LOK\u00ae Uchwyt na \u015awiat\u0142o, do MP5\u00ae<\/h1>\n<p><strong>SKU:<\/strong> MTU058SSM<\/p>\n<p>Uchwyt UTG PRO\u00ae M-LOK\u00ae do MP5\u00ae mocuje si\u0119 do przedniego celownika pistoletu lub karabinu typu MP5\u00ae. Akcesorium to s\u0142u\u017cy do monta\u017cu latarek, prze\u0142\u0105cznik\u00f3w i innych dodatk\u00f3w.<\/p>\n<h2>G\u0142\u00f3wne cechy:<\/h2>\n<ul>\n<li>Zaprojektowany i wyprodukowany w USA<\/li>\n<li>Wykonany z lekkiego aluminium anodowanego na czarno<\/li>\n<li>Sloty M-LOK\u00ae na pozycjach godziny 11, 12 i 1<\/li>\n<li>Kompatybilny z pistoletami i karabinami typu MP5 (nie pasuje do odbiornik\u00f3w typu K)<\/li>\n<li>Mocowanie do przedniego celownika<\/li>\n<\/ul>\n<p>Ten uchwyt na \u015bwiat\u0142o jest przeznaczony do u\u017cytku z MP5\u00ae.<\/p>\n<\/div>\n","protected":false},"excerpt":{"rendered":"<p>Uchwyt na latark\u0119 do MP5\u00ae wyprodukowany w USA. Wyposa\u017cony w sloty M-LOK\u00ae, pewne mocowanie, wszechstronny.<\/p>\n","protected":false},"featured_media":583133,"template":"","meta":{"_acf_changed":false},"product_brand":[14418],"product_cat":[14959,369],"product_tag":[],"class_list":{"0":"post-583020","1":"product","2":"type-product","3":"status-publish","4":"has-post-thumbnail","6":"product_brand-leapers-inc","7":"product_cat-m-lok-rail-systems-pl","8":"product_cat-uncategorized","10":"first","11":"instock","12":"taxable","13":"shipping-taxable","14":"purchasable","15":"product-type-simple"},"acf":[],"_links":{"self":[{"href":"https:\/\/nbg.eu\/pl\/wp-json\/wp\/v2\/product\/583020","targetHints":{"allow":["GET"]}}],"collection":[{"href":"https:\/\/nbg.eu\/pl\/wp-json\/wp\/v2\/product"}],"about":[{"href":"https:\/\/nbg.eu\/pl\/wp-json\/wp\/v2\/types\/product"}],"wp:featuredmedia":[{"embeddable":true,"href":"https:\/\/nbg.eu\/pl\/wp-json\/wp\/v2\/media\/583133"}],"wp:attachment":[{"href":"https:\/\/nbg.eu\/pl\/wp-json\/wp\/v2\/media?parent=583020"}],"wp:term":[{"taxonomy":"product_brand","embeddable":true,"href":"https:\/\/nbg.eu\/pl\/wp-json\/wp\/v2\/product_brand?post=583020"},{"taxonomy":"product_cat","embeddable":true,"href":"https:\/\/nbg.eu\/pl\/wp-json\/wp\/v2\/product_cat?post=583020"},{"taxonomy":"product_tag","embeddable":true,"href":"https:\/\/nbg.eu\/pl\/wp-json\/wp\/v2\/product_tag?post=583020"}],"curies":[{"name":"wp","href":"https:\/\/api.w.org\/{rel}","templated":true}]}}