{"id":58437,"date":"2024-02-17T21:23:00","date_gmt":"2024-02-17T18:23:00","guid":{"rendered":"https:\/\/nbg.eu\/product\/magazine-well-reaction-block-geissele-vise-block\/"},"modified":"2026-04-21T17:59:43","modified_gmt":"2026-04-21T14:59:43","slug":"magazine-well-reaction-block-geissele-vise-block","status":"publish","type":"product","link":"https:\/\/nbg.eu\/pl\/produkt\/magazine-well-reaction-block-geissele-vise-block\/","title":{"rendered":"Geissele Blok do Imad\u0142a Vise Block"},"content":{"rendered":"<p><strong>Geissele Automatics Magazine Well Vise Block<\/strong> to narz\u0119dzie do odbiornik\u00f3w AR15\/M4 i AR10\/SR25. To urz\u0105dzenie produkowane w USA zapewnia:<\/p>\n<ul>\n<li>Stabiln\u0105 platform\u0119 do prac na dolnym odbiorniku<\/li>\n<li>\u0141atw\u0105 instalacj\u0119 nakr\u0119tek MLOK<\/li>\n<li>Uproszczony monta\u017c rurki buforowej<\/li>\n<li>Mo\u017cliwo\u015b\u0107 pracy bez u\u017cycia r\u0105k<\/li>\n<\/ul>\n<p>Mo\u017cna go zamontowa\u0107 na stole warsztatowym do efektywnej pracy rusznikarskiej.<\/p>\n","protected":false},"excerpt":{"rendered":"<p>Zabezpiecz dolne cz\u0119\u015bci AR15\/M4\/AR10\/SR25 do pracy bez u\u017cycia r\u0105k. Wyprodukowane w USA.<\/p>\n","protected":false},"featured_media":58438,"template":"","meta":{"_acf_changed":false},"product_brand":[11392],"product_cat":[12603],"product_tag":[],"class_list":{"0":"post-58437","1":"product","2":"type-product","3":"status-publish","4":"has-post-thumbnail","6":"product_brand-geissele","7":"product_cat-narzedzia","9":"first","10":"outofstock","11":"taxable","12":"shipping-taxable","13":"product-type-simple"},"acf":[],"_links":{"self":[{"href":"https:\/\/nbg.eu\/pl\/wp-json\/wp\/v2\/product\/58437","targetHints":{"allow":["GET"]}}],"collection":[{"href":"https:\/\/nbg.eu\/pl\/wp-json\/wp\/v2\/product"}],"about":[{"href":"https:\/\/nbg.eu\/pl\/wp-json\/wp\/v2\/types\/product"}],"wp:featuredmedia":[{"embeddable":true,"href":"https:\/\/nbg.eu\/pl\/wp-json\/wp\/v2\/media\/58438"}],"wp:attachment":[{"href":"https:\/\/nbg.eu\/pl\/wp-json\/wp\/v2\/media?parent=58437"}],"wp:term":[{"taxonomy":"product_brand","embeddable":true,"href":"https:\/\/nbg.eu\/pl\/wp-json\/wp\/v2\/product_brand?post=58437"},{"taxonomy":"product_cat","embeddable":true,"href":"https:\/\/nbg.eu\/pl\/wp-json\/wp\/v2\/product_cat?post=58437"},{"taxonomy":"product_tag","embeddable":true,"href":"https:\/\/nbg.eu\/pl\/wp-json\/wp\/v2\/product_tag?post=58437"}],"curies":[{"name":"wp","href":"https:\/\/api.w.org\/{rel}","templated":true}]}}