{"id":66641,"date":"2024-01-30T18:10:41","date_gmt":"2024-01-30T18:10:41","guid":{"rendered":"https:\/\/nbg.eu\/product\/surefire-x300t-a\/"},"modified":"2026-01-21T12:20:19","modified_gmt":"2026-01-21T09:20:19","slug":"surefire-x300t-a","status":"publish","type":"product","link":"https:\/\/nbg.eu\/pl\/produkt\/surefire-x300t-a\/","title":{"rendered":"SureFire X300T-A"},"content":{"rendered":"<div class=\"product-description\">\n<h2>SureFire X300T-A Taktyczne O\u015bwietlenie Broni<\/h2>\n<p>SureFire X300T-A to taktyczne o\u015bwietlenie o wysokiej wydajno\u015bci. Charakteryzuje si\u0119 intensywno\u015bci\u0105 wi\u0105zki 66 000 kandeli i moc\u0105 650 lumen\u00f3w. Oferuje:<\/p>\n<ul>\n<li>Wz\u00f3r wi\u0105zki turbo do identyfikacji cel\u00f3w na du\u017cych odleg\u0142o\u015bciach<\/li>\n<li>System mocowania Lever Latch do szyn Universal i Picatinny<\/li>\n<li>Obur\u0119czny prze\u0142\u0105cznik do szybkiej aktywacji<\/li>\n<li>Kompatybilno\u015b\u0107 z kaburami X300U-A<\/li>\n<li>Korpus z aluminium lotniczego z anodowanym wyko\u0144czeniem<\/li>\n<li>Wodoodporno\u015b\u0107 IPX7 (1 metr przez 30 minut)<\/li>\n<li>1,5 godziny pracy na dw\u00f3ch do\u0142\u0105czonych bateriach litowych 123A<\/li>\n<\/ul>\n<p>X300T-A o\u015bwietla cele w odleg\u0142o\u015bci do 514 metr\u00f3w.<\/p>\n<\/div>\n","protected":false},"excerpt":{"rendered":"<p>SureFire X300T-A: Taktyczna latarka o mocy 66 000 kandeli do dalekodystansowej identyfikacji cel\u00f3w.<\/p>\n","protected":false},"featured_media":66642,"template":"","meta":{"_acf_changed":false},"product_brand":[11876],"product_cat":[12554,12571,12593],"product_tag":[],"class_list":{"0":"post-66641","1":"product","2":"type-product","3":"status-publish","4":"has-post-thumbnail","6":"product_brand-surefire","7":"product_cat-latarki","8":"product_cat-latarki-do-pistoletu","9":"product_cat-pistolet","11":"first","12":"instock","13":"taxable","14":"shipping-taxable","15":"purchasable","16":"product-type-variable","17":"wvs-archive-product-wrapper"},"acf":[],"_links":{"self":[{"href":"https:\/\/nbg.eu\/pl\/wp-json\/wp\/v2\/product\/66641","targetHints":{"allow":["GET"]}}],"collection":[{"href":"https:\/\/nbg.eu\/pl\/wp-json\/wp\/v2\/product"}],"about":[{"href":"https:\/\/nbg.eu\/pl\/wp-json\/wp\/v2\/types\/product"}],"wp:featuredmedia":[{"embeddable":true,"href":"https:\/\/nbg.eu\/pl\/wp-json\/wp\/v2\/media\/66642"}],"wp:attachment":[{"href":"https:\/\/nbg.eu\/pl\/wp-json\/wp\/v2\/media?parent=66641"}],"wp:term":[{"taxonomy":"product_brand","embeddable":true,"href":"https:\/\/nbg.eu\/pl\/wp-json\/wp\/v2\/product_brand?post=66641"},{"taxonomy":"product_cat","embeddable":true,"href":"https:\/\/nbg.eu\/pl\/wp-json\/wp\/v2\/product_cat?post=66641"},{"taxonomy":"product_tag","embeddable":true,"href":"https:\/\/nbg.eu\/pl\/wp-json\/wp\/v2\/product_tag?post=66641"}],"curies":[{"name":"wp","href":"https:\/\/api.w.org\/{rel}","templated":true}]}}