{"id":672194,"date":"2025-11-17T17:17:59","date_gmt":"2025-11-17T14:17:59","guid":{"rendered":"https:\/\/nbg.eu\/product\/termowizyjny-nocpix-vista-s50r-z-lrf-1280x1024-15mk-netd\/"},"modified":"2026-04-14T16:12:29","modified_gmt":"2026-04-14T13:12:29","slug":"termowizyjny-nocpix-vista-s50r-z-lrf-1280x1024-15mk-netd","status":"publish","type":"product","link":"https:\/\/nbg.eu\/pl\/produkt\/termowizyjny-nocpix-vista-s50r-z-lrf-1280x1024-15mk-netd\/","title":{"rendered":"Nocpix Kamera Termowizyjna VISTA S50R LRF"},"content":{"rendered":"<h2>Kamera termowizyjna Nocpix VISTA S50R z LRF 1280&#215;1024 \u226415mK NETD<\/h2>\n<p>System Vision+ Vista, z wy\u015bwietlaczem AMOLED 2560\u00d72560 i \u015brednic\u0105 wyj\u015bciow\u0105 soczewki 8 mm, oferuje immersyjne wra\u017cenia z ogl\u0105dania. Wyposa\u017cony w czujnik najwy\u017cszej klasy i zintegrowany dalmierz laserowy, Vista zapewnia najwy\u017csz\u0105 wydajno\u015b\u0107 na rynku. Jego intuicyjny design i ulepszony system zasilania czyni\u0105 go idealnym towarzyszem podczas pokonywania wyzwa\u0144 w plenerze.<\/p>\n<h2>System Vision+: Immersyjne widzenie<\/h2>\n<p>Okr\u0105g\u0142y wy\u015bwietlacz AMOLED 2560\u00d72560 optymalizuje wydajno\u015b\u0107 przestrzenn\u0105, dostarczaj\u0105c \u017cywych wizualizacji. Dzi\u0119ki \u015brednicy wyj\u015bciowej soczewki wynosz\u0105cej 8 mm i trybowi Pure Vision, Vista zapewnia komfortowe i immersyjne do\u015bwiadczenie ogl\u0105dania.<\/p>\n<h2>Czujnik najwy\u017cszej klasy: doskona\u0142a jako\u015b\u0107 obrazu<\/h2>\n<p>Nasz w\u0142asnie opracowany czujnik NETD \u226415mk 1280\u00d71024@12\u03bcm gwarantuje wysok\u0105 jako\u015b\u0107 obrazu i stabiln\u0105 wydajno\u015b\u0107. Sylwetki zwierz\u0105t, cechy anatomiczne i behawioralne staj\u0105 si\u0119 \u0142atwo rozr\u00f3\u017cnialne.<\/p>\n<h2>Zintegrowany dalmierz laserowy: precyzja i przeno\u015bno\u015b\u0107<\/h2>\n<p>Nasz zintegrowany dalmierz laserowy (LRF 1200 m) \u0142\u0105czy estetyk\u0119 z prawdziwym wyr\u00f3wnaniem osi optycznej. Ta lekka, kompaktowa konstrukcja zapewnia minimalne wykorzystanie powierzchni soczewki, przy zachowaniu nienagannej jako\u015bci obrazu.<\/p>\n<h2>Cz\u0119stotliwo\u015b\u0107 od\u015bwie\u017cania 60 Hz: P\u0142ynne rejestrowanie ruchu<\/h2>\n<p>Wyposa\u017cony w 60-hercowy detektor, Vista oferuje doskona\u0142\u0105 p\u0142ynno\u015b\u0107, umo\u017cliwiaj\u0105c precyzyjne rejestrowanie poruszaj\u0105cych si\u0119 zwierz\u0105t i scen o wysokiej pr\u0119dko\u015bci. Ta znacz\u0105ca aktualizacja z 50 Hz zapewnia p\u0142ynniejsze i dok\u0142adniejsze wizualizacje.<\/p>\n<h2>Obiektyw F0,9: Ulepszone przechwytywanie \u015bwiat\u0142a<\/h2>\n<p>Obiektyw F0,9 zosta\u0142 zaprojektowany w celu zwi\u0119kszenia odbioru \u015bwiat\u0142a o 20%, znacznie poprawiaj\u0105c jasno\u015b\u0107 i jako\u015b\u0107 obrazu w por\u00f3wnaniu do tradycyjnych obiektyw\u00f3w F1,0. To ulepszenie gwarantuje, \u017ce ka\u017cdy szczeg\u00f3\u0142 b\u0119dzie wyra\u017anie widoczny, czyni\u0105c Vist\u0119 idealnym towarzyszem do obserwacji nocnych.<\/p>\n<h2>Elastyczne \u0142adowanie: Wymienialne baterie na d\u0142u\u017csze dzia\u0142anie<\/h2>\n<p>Vista oferuje dwie opcje \u0142adowania: wymienne baterie IBP-7\/4400 mAh, kt\u00f3re mo\u017cna \u0142atwo wymieni\u0107, lub bezpo\u015brednie \u0142adowanie przez wbudowany port. Zapewnia to ci\u0105g\u0142o\u015b\u0107 dzia\u0142ania, aby\u015b m\u00f3g\u0142 skoncentrowa\u0107 si\u0119 na polowaniu bez problem\u00f3w z bateri\u0105.<\/p>\n<h2>Szeroki k\u0105t widzenia: Lepsza \u015bwiadomo\u015b\u0107 sceny<\/h2>\n<p>Dzi\u0119ki swojej wysokiej 2-krotnej podstawowej powi\u0119kszeniu i rozleg\u0142emu polu widzenia, Vista S50R zapewnia wyj\u0105tkow\u0105 perspektyw\u0119 otoczenia. Pozwala to na \u0142atwe dostrzeganie i monitorowanie wielu cel\u00f3w na rozleg\u0142ych obszarach, gwarantuj\u0105c, \u017ce ka\u017cdy ruch b\u0119dzie rejestrowany z wyrazisto\u015bci\u0105.<\/p>\n<h2>R\u00f3\u017cne palety kolor\u00f3w<\/h2>\n<p>Vista oferuje 7 r\u00f3\u017cnych palet kolor\u00f3w, w tym tryby monochromatyczne w kolorze czerwonym i czystej zieleni. Te przyjazne dla oczu opcje pomagaj\u0105 zmniejszy\u0107 zm\u0119czenie wzroku, zapewniaj\u0105c bezstresowe u\u017cytkowanie przez d\u0142u\u017cszy czas.<\/p>\n<h2>Intuicyjny design<\/h2>\n<p>Ciche przyciski Vista zapewniaj\u0105 cich\u0105 obs\u0142ug\u0119 w ciemno\u015bci, a obrotowa maska na oczy zapobiega wyciekowi \u015bwiat\u0142a, utrzymuj\u0105c ukryt\u0105 obecno\u015b\u0107 przed zwierz\u0119tami. Ca\u0142kowicie obci\u0105gni\u0119ta gumowana sk\u00f3rzana faktura zapewnia wygodny chwyt, czyni\u0105c d\u0142ugotrwa\u0142e u\u017cytkowanie \u0142atwym.<\/p>\n","protected":false},"excerpt":{"rendered":"<p>Nocpix VISTA S50R z LRF 1280&#215;1024 &lt;15mK NETD: Imersyjny wy\u015bwietlacz AMOLED 2560&#215;2560, czujnik 1280&#215;1024 wysokiej jako\u015bci, zintegrowany LRF, obiektyw F0.9, cz\u0119stotliwo\u015b\u0107 od\u015bwie\u017cania 60Hz, elastyczne \u0142adowanie, szeroki k\u0105t widzenia i przyjazny dla u\u017cytkownika design.<\/p>\n","protected":false},"featured_media":673173,"template":"","meta":{"_acf_changed":false},"product_brand":[14456],"product_cat":[12594,16092],"product_tag":[],"class_list":{"0":"post-672194","1":"product","2":"type-product","3":"status-publish","4":"has-post-thumbnail","6":"product_brand-nocpix","7":"product_cat-termowizja","8":"product_cat-thermal-cameras-pl","10":"first","11":"instock","12":"taxable","13":"shipping-taxable","14":"purchasable","15":"product-type-simple"},"acf":[],"_links":{"self":[{"href":"https:\/\/nbg.eu\/pl\/wp-json\/wp\/v2\/product\/672194","targetHints":{"allow":["GET"]}}],"collection":[{"href":"https:\/\/nbg.eu\/pl\/wp-json\/wp\/v2\/product"}],"about":[{"href":"https:\/\/nbg.eu\/pl\/wp-json\/wp\/v2\/types\/product"}],"wp:featuredmedia":[{"embeddable":true,"href":"https:\/\/nbg.eu\/pl\/wp-json\/wp\/v2\/media\/673173"}],"wp:attachment":[{"href":"https:\/\/nbg.eu\/pl\/wp-json\/wp\/v2\/media?parent=672194"}],"wp:term":[{"taxonomy":"product_brand","embeddable":true,"href":"https:\/\/nbg.eu\/pl\/wp-json\/wp\/v2\/product_brand?post=672194"},{"taxonomy":"product_cat","embeddable":true,"href":"https:\/\/nbg.eu\/pl\/wp-json\/wp\/v2\/product_cat?post=672194"},{"taxonomy":"product_tag","embeddable":true,"href":"https:\/\/nbg.eu\/pl\/wp-json\/wp\/v2\/product_tag?post=672194"}],"curies":[{"name":"wp","href":"https:\/\/api.w.org\/{rel}","templated":true}]}}