{"id":673430,"date":"2025-11-17T17:24:54","date_gmt":"2025-11-17T14:24:54","guid":{"rendered":"https:\/\/nbg.eu\/product\/kamera-termowizyjna-nocpix-vista-h50r-z-lrf-50mm-12um-640x512-15mk-netd\/"},"modified":"2026-04-14T16:12:26","modified_gmt":"2026-04-14T13:12:26","slug":"kamera-termowizyjna-nocpix-vista-h50r-z-lrf-50mm-12um-640x512-15mk-netd","status":"publish","type":"product","link":"https:\/\/nbg.eu\/pl\/produkt\/kamera-termowizyjna-nocpix-vista-h50r-z-lrf-50mm-12um-640x512-15mk-netd\/","title":{"rendered":"Nocpix Kamera Termowizyjna VISTA H50R LRF"},"content":{"rendered":"<h2>Nocpix VISTA H50R &#8211; Zaawansowana kamera termowizyjna z dalmierzem laserowym<\/h2>\n<p>Nocpix VISTA H50R to zaawansowana kamera termowizyjna z wbudowanym dalmierzem laserowym (LRF) przeznaczona do u\u017cytku w dzie\u0144 i w nocy. Zapewnia ona wyj\u0105tkow\u0105 jako\u015b\u0107 obrazu nawet w trudnych warunkach pogodowych, takich jak mg\u0142a, smog i deszcz, a tak\u017ce mo\u017ce wykrywa\u0107 cele przez przeszkody, takie jak ga\u0142\u0119zie, wysoka trawa i g\u0119ste zaro\u015bla, kt\u00f3re normalnie ograniczaj\u0105 widoczno\u015b\u0107.<\/p>\n<p>VISTA H50R jest wysoce wszechstronna i nadaje si\u0119 do r\u00f3\u017cnych zastosowa\u0144, w tym do polowa\u0144, zabezpieczenia, nadzoru, nawigacji terenowej oraz operacji poszukiwawczo-ratowniczych. Jej zaawansowana technologia termowizyjna zapewnia niezawodn\u0105 prac\u0119, dostarczaj\u0105c wyra\u017anych obraz\u00f3w i dok\u0142adnych pomiar\u00f3w w trudnych \u015brodowiskach.<\/p>\n<h2>Specyfikacje:<\/h2>\n<p>Rozdzielczo\u015b\u0107: 640 x 512<br \/>\nRozmiar piksela: 12<br \/>\nNETD, mK: \u226415<br \/>\nCz\u0119stotliwo\u015b\u0107 od\u015bwie\u017cania: 50<br \/>\nObiektyw: 50mm F0.9<br \/>\nPole widzenia: 8.8 x 7.0<br \/>\nPole widzenia (liniowe): 15 x 12<br \/>\nPowi\u0119kszenie: 4~40<br \/>\nZasi\u0119g wykrywania: 2600<br \/>\nOdleg\u0142o\u015b\u0107 od oczu: 25<br \/>\n\u015arednica wyj\u015bcia \u017arenicy: 8<br \/>\nDiopter: -4 ~ +6<br \/>\nTyp wy\u015bwietlacza: AMOLED<br \/>\nRozdzielczo\u015b\u0107 wy\u015bwietlacza: 2560 x 2560<br \/>\nBateria: Wymienna bateria litowo-jonowa IBP-7 \/ 4400mAh<br \/>\nMaksymalny czas pracy: 5.5<br \/>\nZasi\u0119g dalmierza: 1200<br \/>\nLaser: Klasa 1<br \/>\nWi-Fi\/App: TAK<br \/>\nMIC: TAK<br \/>\nPojemno\u015b\u0107 pami\u0119ci: 64GB<br \/>\nKlasa IP: IP67<br \/>\nMaksymalna temperatura robocza: -20 ~ +50<br \/>\nWaga (uncje): 22.93<br \/>\nWaga (g): 650<br \/>\nWymiary (in): 7.64 x 2.76 x 3.23<br \/>\nWymiary (mm): 194 x 70 x 82<\/p>\n<p>Detektor 640\u00d7512 12\u03bcm<br \/>\nNETD\u226415mK<br \/>\nCz\u0119stotliwo\u015b\u0107 od\u015bwie\u017cania 60Hz<br \/>\nObiektyw F0.9<br \/>\nWy\u015bwietlacz AMOLED 2560\u00d72560 w kszta\u0142cie okr\u0119gu<br \/>\nSzybko wymienialna bateria IBP-7<br \/>\nP\u0142ynne cyfrowe powi\u0119kszanie: 1\u00d7~8\u00d7<br \/>\nTryb ultra czysty<br \/>\nOchrona oczu przy niskiej jasno\u015bci, palecie kolor\u00f3w i ciep\u0142ym odcieniu<br \/>\nElektroniczna stabilizacja obrazu<\/p>\n","protected":false},"excerpt":{"rendered":"<p>Kamera termowizyjna Nocpix VISTA H50R to kamera 640&#215;512 o wielko\u015bci piksela 12 um, z NETD \u226415mK, obiektywem 50 mm F0.9 i wbudowanym dalmierzem laserowym, idealna do zastosowa\u0144 takich jak polowanie, ochrona i inne.<\/p>\n<p>Je\u015bli przedmiot jest niedost\u0119pny, skontaktuj si\u0119 z nami: shop@nbg.eu lub +359896147790.<\/p>\n","protected":false},"featured_media":673741,"template":"","meta":{"_acf_changed":false},"product_brand":[14456],"product_cat":[12594,16092],"product_tag":[],"class_list":{"0":"post-673430","1":"product","2":"type-product","3":"status-publish","4":"has-post-thumbnail","6":"product_brand-nocpix","7":"product_cat-termowizja","8":"product_cat-thermal-cameras-pl","10":"first","11":"instock","12":"taxable","13":"shipping-taxable","14":"purchasable","15":"product-type-simple"},"acf":[],"_links":{"self":[{"href":"https:\/\/nbg.eu\/pl\/wp-json\/wp\/v2\/product\/673430","targetHints":{"allow":["GET"]}}],"collection":[{"href":"https:\/\/nbg.eu\/pl\/wp-json\/wp\/v2\/product"}],"about":[{"href":"https:\/\/nbg.eu\/pl\/wp-json\/wp\/v2\/types\/product"}],"wp:featuredmedia":[{"embeddable":true,"href":"https:\/\/nbg.eu\/pl\/wp-json\/wp\/v2\/media\/673741"}],"wp:attachment":[{"href":"https:\/\/nbg.eu\/pl\/wp-json\/wp\/v2\/media?parent=673430"}],"wp:term":[{"taxonomy":"product_brand","embeddable":true,"href":"https:\/\/nbg.eu\/pl\/wp-json\/wp\/v2\/product_brand?post=673430"},{"taxonomy":"product_cat","embeddable":true,"href":"https:\/\/nbg.eu\/pl\/wp-json\/wp\/v2\/product_cat?post=673430"},{"taxonomy":"product_tag","embeddable":true,"href":"https:\/\/nbg.eu\/pl\/wp-json\/wp\/v2\/product_tag?post=673430"}],"curies":[{"name":"wp","href":"https:\/\/api.w.org\/{rel}","templated":true}]}}