{"id":673801,"date":"2025-11-17T17:24:57","date_gmt":"2025-11-17T14:24:57","guid":{"rendered":"https:\/\/nbg.eu\/product\/termowizyjna-kamera-nocpix-vista-h35r-z-lrf-35mm-12um-640x512-15mk-net\/"},"modified":"2026-04-14T16:12:23","modified_gmt":"2026-04-14T13:12:23","slug":"termowizyjna-kamera-nocpix-vista-h35r-z-lrf-35mm-12um-640x512-15mk-net","status":"publish","type":"product","link":"https:\/\/nbg.eu\/pl\/produkt\/termowizyjna-kamera-nocpix-vista-h35r-z-lrf-35mm-12um-640x512-15mk-net\/","title":{"rendered":"Nocpix Kamera Termowizyjna VISTA H35R LRF"},"content":{"rendered":"<h2>Nocpix VISTA H35R Termiczny Monokulr z Dalmierzem Laserowym<\/h2>\n<p>Nocpix VISTA H35R jest wielozadaniowym termicznym monokularem wyposa\u017conym w wbudowany dalmierz laserowy (LRF), zaprojektowanym do niezawodnego u\u017cytkowania zar\u00f3wno w dzie\u0144, jak i w nocy. To zaawansowane urz\u0105dzenie oferuje wyj\u0105tkow\u0105 wydajno\u015b\u0107 termicznego obrazowania, zapewniaj\u0105c czyste i szczeg\u00f3\u0142owe obrazowanie, nawet w trudnych warunkach atmosferycznych, takich jak mg\u0142a, smog i deszcz. Mo\u017ce wykrywa\u0107 cele przez przeszkody, takie jak ga\u0142\u0119zie, wysoka trawa i g\u0119ste zaro\u015bla, zapewniaj\u0105c efektywne dzia\u0142anie w \u015brodowiskach, w kt\u00f3rych tradycyjne optyki s\u0105 niewystarczaj\u0105ce.<\/p>\n<p>Idealny do szerokiego zakresu zastosowa\u0144, VISTA H35R jest doskona\u0142y do polowa\u0144, nadzoru, bezpiecze\u0144stwa, nawigacji po terenie oraz misji poszukiwawczo-ratowniczych. Dzi\u0119ki swojej nowoczesnej technologii i trwa\u0142ej konstrukcji, VISTA H35R gwarantuje precyzyjn\u0105 detekcj\u0119 i pomiar w najtrudniejszych warunkach.<\/p>\n<h2>Specyfikacja<\/h2>\n<p>Rozdzielczo\u015b\u0107: 640 x 512<br \/>\nRozmiar piksela: 12<br \/>\nNETD, mK: \u226415<br \/>\nCz\u0119stotliwo\u015b\u0107 klatek: 50<br \/>\nObiektyw: 35mm F0.9<br \/>\nK\u0105t widzenia: 12.5 x 10.0<br \/>\nK\u0105t widzenia (liniowy): 22 x 18<br \/>\nPowi\u0119kszenie: 3~28<br \/>\nZasi\u0119g wykrywania: 1800<br \/>\nOdleg\u0142o\u015b\u0107 od oczu: 25<br \/>\n\u015arednica \u017arenicy wyj\u015bciowej: 8<br \/>\nDioptra\u017c: -4 ~ +6<br \/>\nTyp wy\u015bwietlacza: AMOLED<br \/>\nRozdzielczo\u015b\u0107 wy\u015bwietlacza: 2560 x 2560<br \/>\nBateria: Wymienna litowo-jonowa bateria IBP-7 \/ 4400mAh<br \/>\nMaks. czas pracy: 5.5<br \/>\nZasi\u0119g dalmierza: 1200<br \/>\nLaser: Klasa 1<br \/>\nWi-Fi\/Aplikacja: TAK<br \/>\nMIC: TAK<br \/>\nPojemno\u015b\u0107 pami\u0119ci: 64GB<br \/>\nKlasa IP: IP67<br \/>\nMaks. temperatura pracy: -20 ~ +50<br \/>\nWaga (uncje): 22.58<br \/>\nWaga (g): 640<br \/>\nWymiary (in): 7.48 x 2.64 x 3.11<br \/>\nWymiary (mm): 190 x 67 x 79<\/p>\n<h2>Cechy<\/h2>\n<p>Detektor 640\u00d7512 12\u03bcm<br \/>\nNETD\u226415mK<br \/>\nWysoka cz\u0119stotliwo\u015b\u0107 klatek 60Hz<br \/>\nObiektyw F0.9<br \/>\nWy\u015bwietlacz AMOLED 2560\u00d72560 okr\u0105g\u0142y<br \/>\nWymienne akumulatory IBP-7<br \/>\nP\u0142ynne cyfrowe powi\u0119kszenie: 1\u00d7~8\u00d7<br \/>\nTryb ultra czysty<br \/>\nOchrona oczu z nisk\u0105 jasno\u015bci\u0105, palet\u0105 kolor\u00f3w i ciep\u0142ym odcieniem<br \/>\nElektroniczna stabilizacja obrazu<\/p>\n","protected":false},"excerpt":{"rendered":"<p>Termowizyjna kamera Nocpix VISTA H35R z obiektywem 35 mm, 12 um, 640&#215;512 &lt;15mk NET i dalmierzem laserowym, do niezawodnego zastosowania w dzie\u0144 i w nocy w trudnych warunkach.<\/p>\n","protected":false},"featured_media":673933,"template":"","meta":{"_acf_changed":false},"product_brand":[14456],"product_cat":[12594,16092],"product_tag":[],"class_list":{"0":"post-673801","1":"product","2":"type-product","3":"status-publish","4":"has-post-thumbnail","6":"product_brand-nocpix","7":"product_cat-termowizja","8":"product_cat-thermal-cameras-pl","10":"first","11":"instock","12":"taxable","13":"shipping-taxable","14":"purchasable","15":"product-type-simple"},"acf":[],"_links":{"self":[{"href":"https:\/\/nbg.eu\/pl\/wp-json\/wp\/v2\/product\/673801","targetHints":{"allow":["GET"]}}],"collection":[{"href":"https:\/\/nbg.eu\/pl\/wp-json\/wp\/v2\/product"}],"about":[{"href":"https:\/\/nbg.eu\/pl\/wp-json\/wp\/v2\/types\/product"}],"wp:featuredmedia":[{"embeddable":true,"href":"https:\/\/nbg.eu\/pl\/wp-json\/wp\/v2\/media\/673933"}],"wp:attachment":[{"href":"https:\/\/nbg.eu\/pl\/wp-json\/wp\/v2\/media?parent=673801"}],"wp:term":[{"taxonomy":"product_brand","embeddable":true,"href":"https:\/\/nbg.eu\/pl\/wp-json\/wp\/v2\/product_brand?post=673801"},{"taxonomy":"product_cat","embeddable":true,"href":"https:\/\/nbg.eu\/pl\/wp-json\/wp\/v2\/product_cat?post=673801"},{"taxonomy":"product_tag","embeddable":true,"href":"https:\/\/nbg.eu\/pl\/wp-json\/wp\/v2\/product_tag?post=673801"}],"curies":[{"name":"wp","href":"https:\/\/api.w.org\/{rel}","templated":true}]}}