{"id":673977,"date":"2025-11-17T17:25:01","date_gmt":"2025-11-17T14:25:01","guid":{"rendered":"https:\/\/nbg.eu\/product\/wzrokowe-termowizyjne-nocpix-slim-l35\/"},"modified":"2026-04-14T16:12:19","modified_gmt":"2026-04-14T13:12:19","slug":"wzrokowe-termowizyjne-nocpix-slim-l35","status":"publish","type":"product","link":"https:\/\/nbg.eu\/pl\/produkt\/wzrokowe-termowizyjne-nocpix-slim-l35\/","title":{"rendered":"Nocpix Celownik Termowizyjny Slim L35"},"content":{"rendered":"<h2>Luneta termowizyjna Nocpix Slim L35: Niezr\u00f3wnane osi\u0105gi w polowaniu<\/h2>\n<p>Przedstawiamy seri\u0119 SLIM: 2-w-1 r\u0119czny MONOKULAR lub luneta 3,5x (L35). Wybierz pomi\u0119dzy dwoma wysokowydajnymi rdzeniami, ciesz si\u0119 wy\u015bwietlaczem OLED 1024&#215;768 i korzystaj z wymiennej baterii 18650 na 10 godzin zasilania. Rejestruj ka\u017cdy moment z nagrywaniem uderzenia, aby niczego nie przegapi\u0107.<\/p>\n<p>Prze\u0142\u0105czaj si\u0119 p\u0142ynnie z celownik\u00f3w r\u0119cznych na optyczne bez konieczno\u015bci ponownego ustawiania, dzi\u0119ki konstrukcji 2-w-1 z mocowaniem QD. Ciesz si\u0119 komfortowym ogl\u0105daniem z wy\u015bwietlaczem AMOLED 1024&#215;768, nowym projektem okularu i wygodnym \u015brednic\u0105 wyj\u015bciow\u0105 10 mm. Wa\u017c\u0105c zaledwie 500 g, ta ultralekkia konstrukcja zapewnia wygod\u0119 w d\u0142ugotrwa\u0142ym u\u017cytkowaniu, zachowuj\u0105c Twoj\u0105 zwinno\u015b\u0107 w terenie.<\/p>\n<p>Wysokowydajne opcje g\u0142\u00f3wne &#8211; 384&#215;288@12\u03bcm lub 640&#215;512@12\u03bcm, NETD\u226418 mK zapewniaj\u0105 niezr\u00f3wnan\u0105 jako\u015b\u0107 obrazu, gwarantuj\u0105c, \u017ce ka\u017cdy detal jest uchwycony z zadziwiaj\u0105c\u0105 wyrazisto\u015bci\u0105, niezale\u017cnie od warunk\u00f3w polowania. Dzi\u0119ki technologii Reality+, Slim osi\u0105ga jako\u015b\u0107 obrazu przewy\u017cszaj\u0105c\u0105 inne marki z czujnikami tej samej klasy.<\/p>\n<p>Nigdy nie przegap strza\u0142u dzi\u0119ki funkcji RAV, kt\u00f3ra pozwala na ponowne prze\u017cycie i udost\u0119pnienie Twoich najbardziej ekscytuj\u0105cych moment\u00f3w polowania. Kontynuuj polowanie z wymienn\u0105, odporn\u0105 na niskie temperatury bateri\u0105 18650, oferuj\u0105c\u0105 do 8 godzin czuwania, nawet w ekstremalnych warunkach. Z podstawowym powi\u0119kszeniem 3,5x, SLIM L35 to Tw\u00f3j wyb\u00f3r na dalekie polowania, czyni\u0105c polowanie na kojoty bardziej dok\u0142adnym i skutecznym.<\/p>\n","protected":false},"excerpt":{"rendered":"<p>Luneta typu SLIM: dwufunkcyjna r\u0119czna luneta MONOKULARNA lub luneta 3,5x (L35) z wy\u015bwietlaczem OLED 1024&#215;768, akumulatorem 18650, rejestracj\u0105 uderze\u0144, czujnikiem termicznym i mo\u017cliwo\u015bci\u0105 szybkiej wymiany.<\/p>\n<p>Je\u015bli pozycja nie jest dost\u0119pna, prosimy o kontakt: shop@nbg.eu lub +359896147790<\/p>\n","protected":false},"featured_media":674727,"template":"","meta":{"_acf_changed":false},"product_brand":[14456],"product_cat":[16092],"product_tag":[],"class_list":{"0":"post-673977","1":"product","2":"type-product","3":"status-publish","4":"has-post-thumbnail","6":"product_brand-nocpix","7":"product_cat-thermal-cameras-pl","9":"first","10":"instock","11":"taxable","12":"shipping-taxable","13":"purchasable","14":"product-type-simple"},"acf":[],"_links":{"self":[{"href":"https:\/\/nbg.eu\/pl\/wp-json\/wp\/v2\/product\/673977","targetHints":{"allow":["GET"]}}],"collection":[{"href":"https:\/\/nbg.eu\/pl\/wp-json\/wp\/v2\/product"}],"about":[{"href":"https:\/\/nbg.eu\/pl\/wp-json\/wp\/v2\/types\/product"}],"wp:featuredmedia":[{"embeddable":true,"href":"https:\/\/nbg.eu\/pl\/wp-json\/wp\/v2\/media\/674727"}],"wp:attachment":[{"href":"https:\/\/nbg.eu\/pl\/wp-json\/wp\/v2\/media?parent=673977"}],"wp:term":[{"taxonomy":"product_brand","embeddable":true,"href":"https:\/\/nbg.eu\/pl\/wp-json\/wp\/v2\/product_brand?post=673977"},{"taxonomy":"product_cat","embeddable":true,"href":"https:\/\/nbg.eu\/pl\/wp-json\/wp\/v2\/product_cat?post=673977"},{"taxonomy":"product_tag","embeddable":true,"href":"https:\/\/nbg.eu\/pl\/wp-json\/wp\/v2\/product_tag?post=673977"}],"curies":[{"name":"wp","href":"https:\/\/api.w.org\/{rel}","templated":true}]}}