{"id":674766,"date":"2025-11-17T17:25:02","date_gmt":"2025-11-17T14:25:02","guid":{"rendered":"https:\/\/nbg.eu\/product\/thermal-sight-nocpix-slim-h35\/"},"modified":"2026-04-14T16:12:16","modified_gmt":"2026-04-14T13:12:16","slug":"thermal-sight-nocpix-slim-h35","status":"publish","type":"product","link":"https:\/\/nbg.eu\/pl\/produkt\/thermal-sight-nocpix-slim-h35\/","title":{"rendered":"Nocpix Celownik Termowizyjny Slim H35"},"content":{"rendered":"<h2>Termowizyjny celownik Nocpix Slim H35 &#8211; ultralekkia termowizja z osza\u0142amiaj\u0105c\u0105 jako\u015bci\u0105 obrazu<\/h2>\n<p>Przedstawiamy celownik SLIM &#8211; 2w1 jako przeno\u015bny MONOKULARZ lub 3,5x (L35) zakres. Wybieraj mi\u0119dzy dwoma wysokiej wydajno\u015bci rdzeniami, ciesz si\u0119 wy\u015bwietlaczem OLED 1024&#215;768 i korzystaj z wymiennej baterii 18650 zapewniaj\u0105cej 10 godzin pracy. Rejestruj ka\u017cd\u0105 chwil\u0119 z funkcj\u0105 nagrywania uderzenia, aby nic nie umkn\u0119\u0142o.<\/p>\n<p>Ciesz si\u0119 bezproblemowym ogl\u0105daniem dzi\u0119ki wy\u015bwietlaczowi AMOLED 1024&#215;768, nowej konstrukcji okularu i wygodnemu \u015brednicy wyj\u015bcia \u017arenicy 10 mm.<\/p>\n<p>Wa\u017c\u0105cy zaledwie 500 g, ten ultralekki projekt pozwala na d\u0142ugotrwa\u0142e u\u017cytkowanie, zachowuj\u0105c zwinno\u015b\u0107 w terenie.<\/p>\n<p>Wysokowydajne opcje g\u0142\u00f3wne &#8211; 384\u00d7288@12\u03bcm lub 640\u00d7512@12\u03bcm, NETD\u226418 mK zapewniaj\u0105 niezr\u00f3wnan\u0105 jako\u015b\u0107 obrazu, dzi\u0119ki czemu ka\u017cdy detal jest uchwycony z osza\u0142amiaj\u0105c\u0105 wyrazisto\u015bci\u0105, niezale\u017cnie od warunk\u00f3w polowania. Dzi\u0119ki technologii Reality+ Slim osi\u0105ga jako\u015b\u0107 obrazu przewy\u017cszaj\u0105c\u0105 inne marki z czujnikami w tej samej klasie.<\/p>\n<p>Nigdy nie przegap strza\u0142u dzi\u0119ki funkcji RAV, kt\u00f3ra pozwala odtworzy\u0107 i udost\u0119pni\u0107 najbardziej ekscytuj\u0105ce momenty z polowania.<\/p>\n<p>Kontynuuj polowanie z wymienn\u0105, odporn\u0105 na niskie temperatury bateri\u0105 18650, kt\u00f3ra oferuje do 8 godzin czuwania, nawet w ekstremalnych warunkach. Posiada r\u00f3wnie\u017c magnetyczny port \u0142adowania do \u0142atwego \u0142adowania, nawet w ca\u0142kowitej ciemno\u015bci.<\/p>\n","protected":false},"excerpt":{"rendered":"<p>Termowizyjne Nocpix Slim H35: monokularna\/3,5x luneta z 1024&#215;768 OLED, bateria 18650, nagrywanie wstrz\u0105s\u00f3w.<\/p>\n","protected":false},"featured_media":676188,"template":"","meta":{"_acf_changed":false},"product_brand":[14456],"product_cat":[16092],"product_tag":[],"class_list":{"0":"post-674766","1":"product","2":"type-product","3":"status-publish","4":"has-post-thumbnail","6":"product_brand-nocpix","7":"product_cat-thermal-cameras-pl","9":"first","10":"instock","11":"taxable","12":"shipping-taxable","13":"purchasable","14":"product-type-simple"},"acf":[],"_links":{"self":[{"href":"https:\/\/nbg.eu\/pl\/wp-json\/wp\/v2\/product\/674766","targetHints":{"allow":["GET"]}}],"collection":[{"href":"https:\/\/nbg.eu\/pl\/wp-json\/wp\/v2\/product"}],"about":[{"href":"https:\/\/nbg.eu\/pl\/wp-json\/wp\/v2\/types\/product"}],"wp:featuredmedia":[{"embeddable":true,"href":"https:\/\/nbg.eu\/pl\/wp-json\/wp\/v2\/media\/676188"}],"wp:attachment":[{"href":"https:\/\/nbg.eu\/pl\/wp-json\/wp\/v2\/media?parent=674766"}],"wp:term":[{"taxonomy":"product_brand","embeddable":true,"href":"https:\/\/nbg.eu\/pl\/wp-json\/wp\/v2\/product_brand?post=674766"},{"taxonomy":"product_cat","embeddable":true,"href":"https:\/\/nbg.eu\/pl\/wp-json\/wp\/v2\/product_cat?post=674766"},{"taxonomy":"product_tag","embeddable":true,"href":"https:\/\/nbg.eu\/pl\/wp-json\/wp\/v2\/product_tag?post=674766"}],"curies":[{"name":"wp","href":"https:\/\/api.w.org\/{rel}","templated":true}]}}