{"id":676605,"date":"2025-11-17T17:25:14","date_gmt":"2025-11-17T14:25:14","guid":{"rendered":"https:\/\/nbg.eu\/product\/termo-wzrokowy-nocpix-rico-2-s75r\/"},"modified":"2026-04-14T16:12:13","modified_gmt":"2026-04-14T13:12:13","slug":"termo-wzrokowy-nocpix-rico-2-s75r","status":"publish","type":"product","link":"https:\/\/nbg.eu\/pl\/produkt\/termo-wzrokowy-nocpix-rico-2-s75r\/","title":{"rendered":"Nocpix Celownik Termowizyjny Rico 2 S75R"},"content":{"rendered":"<h2>Nocpix Rico 2 S75R: Doskona\u0142o\u015b\u0107 w celowaniu na d\u0142ugie dystanse<\/h2>\n<p>Seria termowizyjnych celownik\u00f3w Nocpix RICO 2 S75R jest przeznaczona dla my\u015bliwych, kt\u00f3rzy wymagaj\u0105 najwy\u017cszej jako\u015bci w zakresie ostro\u015bci, zasi\u0119gu i komfortu. Zaprojektowany z wiod\u0105cym w bran\u017cy czujnikiem termicznym i wysok\u0105 cz\u0119stotliwo\u015bci\u0105 klatek, oferuje on niezr\u00f3wnan\u0105 jako\u015b\u0107 obrazu, kt\u00f3ra u\u0142atwia identyfikacj\u0119 i \u015bledzenie cel\u00f3w. Jego d\u0142uga ogniskowa i wbudowany dalmierz laserowy (LRF) zapewniaj\u0105 dok\u0142adny pomiar odleg\u0142o\u015bci do odleg\u0142ych cel\u00f3w, a zaawansowana konstrukcja optyczna dostarcza wci\u0105gaj\u0105ce wra\u017cenia z ogl\u0105dania bez zniekszta\u0142ce\u0144. Wyposa\u017cony w bezstopniow\u0105 d\u017awigni\u0119 powi\u0119kszenia i wyj\u0105tkow\u0105 odleg\u0142o\u015b\u0107 oka, seria Nocpix RICO 2 S75R umo\u017cliwia my\u015bliwym \u0142atwe dostosowanie powi\u0119kszenia i komfortowe korzystanie podczas d\u0142ugotrwa\u0142ych polowa\u0144. Dzi\u0119ki innowacyjnym technologiom i zorientowanemu na u\u017cytkownika projektowi, seria Nocpix RICO 2 S75R pozwala na polowanie poza granicami tego, co mo\u017cliwe.<\/p>\n<h2>Wysoka wydajno\u015b\u0107<\/h2>\n<p>Skorzystaj z wysokiej jako\u015bci czujnika drugiej generacji 12\u03bcm@60Hz, z NETD \u226415mK, dla ultra-ostrych, wysokokontrastrowych obraz\u00f3w i ulepszonej identyfikacji cel\u00f3w. Nocpix RICO 2 S75R jest wyposa\u017cony w wi\u0119ksze obiektywy (75 mm\/F1.0, 50 mm\/F1.0, 42 mm\/F1.0), oferuj\u0105ce ulepszone zdolno\u015bci zbierania \u015bwiat\u0142a dla wyj\u0105tkowej ostro\u015bci obrazu i wyd\u0142u\u017conego zasi\u0119gu detekcji. Seria RICO 2 pozwala na precyzyjne dostosowanie powi\u0119kszenia za pomoc\u0105 bezstopniowej d\u017awigni powi\u0119kszenia w stylu LPVO, zapewniaj\u0105c szybkie i bezproblemowe regulacje, aby z pewno\u015bci\u0105 anga\u017cowa\u0107 cele na ka\u017cdej odleg\u0142o\u015bci. Seria RICO 2 oferuje imponuj\u0105cy zasi\u0119g detekcji do 3896 m, daj\u0105c Ci znaczn\u0105 przewag\u0119 w polowaniach na d\u0142ugich dystansach i precyzyjnym celowaniu.<\/p>\n<h2>Elastyczne i precyzyjne celowanie<\/h2>\n<p>Nocpix RICO 2 S75R jest wyposa\u017cony w wbudowany dalmierz laserowy, oferuj\u0105cy detekcj\u0119 laserow\u0105 na odleg\u0142o\u015bciach do 1200 m z prawdziwym wyr\u00f3wnaniem osi optycznej, zapewniaj\u0105c precyzyjne pomiary odleg\u0142o\u015bci przy zachowaniu smuk\u0142ego i eleganckie wygl\u0105du. Ulepsz swoje trafienia z automatycznymi oblicze\u0144 balistycznych, wykorzystuj\u0105c wbudowany dalmierz laserowy, aby z \u0142atwo\u015bci\u0105 precyzyjnie trafia\u0107 w cele na du\u017cych odleg\u0142o\u015bciach.<\/p>\n<h2>Wyj\u0105tkowo wyra\u017ane i komfortowe ogl\u0105danie<\/h2>\n<p>1,03-calowy wy\u015bwietlacz OLED 2560\u00d72560 (S75R), wolny od zniekszta\u0142ce\u0144 okular, 70 mm odleg\u0142o\u015bci oka i 23 mm \u015brednicy wyj\u015bciowej zapewniaj\u0105 wyra\u017any, komfortowy widok podczas d\u0142ugich sesji. Model S75R jest wyposa\u017cony w bezprecedensow\u0105 odleg\u0142o\u015b\u0107 70 mm, kt\u00f3ra zapewnia maksymalny komfort podczas d\u0142ugotrwa\u0142ego u\u017cytkowania bez przem\u0119czenia oczu i gwarantuje bezpiecze\u0144stwo oczu.<\/p>\n","protected":false},"excerpt":{"rendered":"<p>Nowoczesny czujnik drugiej generacji 1280&#215;1024, elastyczny i precyzyjny wbudowany LRF, niezwykle wyra\u017any i komfortowy widok, bezpieczne i wygodne odleg\u0142e oczodo\u0142u. Nocpix Rico 2 S75R &#8211; ekspert w d\u0142ugodystansowym strzelaniu.<\/p>\n<p>Je\u015bli produkt jest niedost\u0119pny, prosimy o kontakt: shop@nbg.eu lub +359896147790<\/p>\n","protected":false},"featured_media":676712,"template":"","meta":{"_acf_changed":false},"product_brand":[14456],"product_cat":[16092],"product_tag":[],"class_list":{"0":"post-676605","1":"product","2":"type-product","3":"status-publish","4":"has-post-thumbnail","6":"product_brand-nocpix","7":"product_cat-thermal-cameras-pl","9":"first","10":"instock","11":"taxable","12":"shipping-taxable","13":"purchasable","14":"product-type-simple"},"acf":[],"_links":{"self":[{"href":"https:\/\/nbg.eu\/pl\/wp-json\/wp\/v2\/product\/676605","targetHints":{"allow":["GET"]}}],"collection":[{"href":"https:\/\/nbg.eu\/pl\/wp-json\/wp\/v2\/product"}],"about":[{"href":"https:\/\/nbg.eu\/pl\/wp-json\/wp\/v2\/types\/product"}],"wp:featuredmedia":[{"embeddable":true,"href":"https:\/\/nbg.eu\/pl\/wp-json\/wp\/v2\/media\/676712"}],"wp:attachment":[{"href":"https:\/\/nbg.eu\/pl\/wp-json\/wp\/v2\/media?parent=676605"}],"wp:term":[{"taxonomy":"product_brand","embeddable":true,"href":"https:\/\/nbg.eu\/pl\/wp-json\/wp\/v2\/product_brand?post=676605"},{"taxonomy":"product_cat","embeddable":true,"href":"https:\/\/nbg.eu\/pl\/wp-json\/wp\/v2\/product_cat?post=676605"},{"taxonomy":"product_tag","embeddable":true,"href":"https:\/\/nbg.eu\/pl\/wp-json\/wp\/v2\/product_tag?post=676605"}],"curies":[{"name":"wp","href":"https:\/\/api.w.org\/{rel}","templated":true}]}}