{"id":676855,"date":"2025-11-17T17:25:15","date_gmt":"2025-11-17T14:25:15","guid":{"rendered":"https:\/\/nbg.eu\/product\/termowizyjny-noczpix-rico-2-h75r\/"},"modified":"2026-04-14T16:12:10","modified_gmt":"2026-04-14T13:12:10","slug":"termowizyjny-noczpix-rico-2-h75r","status":"publish","type":"product","link":"https:\/\/nbg.eu\/pl\/produkt\/termowizyjny-noczpix-rico-2-h75r\/","title":{"rendered":"Nocpix Celownik Termowizyjny Rico 2 H75R"},"content":{"rendered":"<h2>Nocpix Rico 2 H75R: Perfekcja w strza\u0142ach na du\u017ce odleg\u0142o\u015bci<\/h2>\n<p>Seria termowizyjnych celownik\u00f3w Nocpix RICO 2 H75R zosta\u0142a zaprojektowana z my\u015bl\u0105 o my\u015bliwych, kt\u00f3rzy wymagaj\u0105 najwy\u017cszej jako\u015bci obrazu, zasi\u0119gu i komfortu. Wyposa\u017cona w wiod\u0105cy w bran\u017cy czujnik termowizyjny i wysok\u0105 cz\u0119stotliwo\u015b\u0107 od\u015bwie\u017cania, zapewnia niezr\u00f3wnan\u0105 jako\u015b\u0107 obrazu, u\u0142atwiaj\u0105c identyfikacj\u0119 celu i \u015bledzenie. D\u0142uga ogniskowa i wbudowany dalmierz laserowy pozwalaj\u0105 na precyzyjny pomiar odleg\u0142o\u015bci do odleg\u0142ych cel\u00f3w, a zaawansowana konstrukcja optyczna zapewnia wci\u0105gaj\u0105ce wra\u017cenia z obserwacji bez zniekszta\u0142ce\u0144. P\u0142ynna d\u017awignia do zmiany powi\u0119kszenia i wyj\u0105tkowa odleg\u0142o\u015b\u0107 od oka umo\u017cliwiaj\u0105 my\u015bliwym \u0142atwe dostosowanie powi\u0119kszenia i komfortowe u\u017cytkowanie podczas d\u0142ugich polowa\u0144. Innowacyjne technologie i ukierunkowanie na u\u017cytkownika sprawiaj\u0105, \u017ce seria Nocpix RICO 2 H75R jest szczytem wydajno\u015bci w polowaniach na d\u0142ugie dystanse.<\/p>\n<h2>Zaawansowana termowizja<\/h2>\n<p>Skorzystaj z wysokiej klasy czujnika termowizyjnego drugiej generacji 640@12\u03bcm@60Hz, z NETD \u226415mK, dla uzyskania ostrych, wysoko kontrastowych obraz\u00f3w i lepszej identyfikacji celu.<\/p>\n<h2>Lepsza ostro\u015b\u0107 dzi\u0119ki wi\u0119kszym obiektywom<\/h2>\n<p>Nocpix RICO 2 H75R jest wyposa\u017cony w wi\u0119ksze obiektywy (75 mm\/F1.0, 50 mm\/F1.0, 42 mm\/F1.0), zapewniaj\u0105c lepsze zdolno\u015bci zbierania \u015bwiat\u0142a dla wyj\u0105tkowej ostro\u015bci obrazu i zwi\u0119kszonego zasi\u0119gu detekcji.<\/p>\n<h2>\u0141atwa regulacja powi\u0119kszenia<\/h2>\n<p>Seria RICO 2 umo\u017cliwia precyzyjne dostosowanie powi\u0119kszenia dzi\u0119ki p\u0142ynnej d\u017awigni zbli\u017caj\u0105cej\/oddalaj\u0105cej, zapewniaj\u0105c szybkie i bezproblemowe dostosowania, aby\u015b m\u00f3g\u0142 z pewno\u015bci\u0105 anga\u017cowa\u0107 cele na dowolnej odleg\u0142o\u015bci.<\/p>\n<h2>Stworzony do polowa\u0144 na du\u017ce odleg\u0142o\u015bci<\/h2>\n<p>Seria RICO 2 mo\u017ce wykrywa\u0107 cele do 3896 m, daj\u0105c ci znaczn\u0105 przewag\u0119 w polowaniach na du\u017ce odleg\u0142o\u015bci i precyzyjnym celowaniu.<\/p>\n<h2>Elastyczny i precyzyjny wbudowany dalmierz laserowy<\/h2>\n<p>Nocpix RICO 2 H75R jest wyposa\u017cony w wbudowany dalmierz laserowy, oferuj\u0105cy detekcj\u0119 laserow\u0105 na odleg\u0142o\u015b\u0107 do 1200 m z prawdziwym wyr\u00f3wnaniem osi optycznej, zapewniaj\u0105c precyzyjne pomiary odleg\u0142o\u015bci przy zachowaniu eleganckiego wygl\u0105du.<\/p>\n<h2>Uproszczone obliczenia balistyczne<\/h2>\n<p>Upro\u015b\u0107 ustawienie trafienia, wykorzystuj\u0105c wbudowany dalmierz laserowy do \u0142atwego trafienia cel\u00f3w na du\u017cych odleg\u0142o\u015bciach.<\/p>\n<h2>Niezwykle wyra\u017any i komfortowy widok<\/h2>\n<p>Wy\u015bwietlacz OLED 1.03&#8243; 2560\u00d72560 (model S75R), bezowysi\u0142kowa soczewka okularu, 70 mm odleg\u0142o\u015b\u0107 \u017arenicy i 23 mm \u015brednica \u017arenicy wyj\u015bciowej zapewniaj\u0105 ostry, komfortowy widok podczas d\u0142ugich sesji.<\/p>\n<h2>Bezpiecze\u0144stwo i komfort<\/h2>\n<p>Model H75R jest wyposa\u017cony w niezr\u00f3wnan\u0105 odleg\u0142o\u015b\u0107 70 mm, co zapewnia maksymalny komfort podczas d\u0142ugotrwa\u0142ego u\u017cytkowania bez zm\u0119czenia oczu oraz gwarantuje bezpiecze\u0144stwo u\u017cytkownika.<\/p>\n","protected":false},"excerpt":{"rendered":"<p>Nocpix Rico 2 H75R &#8211; Ekspert w strzelaniu na d\u0142ugie dystanse z czujnikiem 640\u00d7512, 60Hz, zintegrowanym dalmierzem laserowym i ci\u0105g\u0142ym zoomem.<\/p>\n<p>Je\u015bli pozycja nie jest dost\u0119pna, prosimy o kontakt: shop@nbg.eu lub +359896147790<\/p>\n","protected":false},"featured_media":676927,"template":"","meta":{"_acf_changed":false},"product_brand":[14456],"product_cat":[16092],"product_tag":[],"class_list":{"0":"post-676855","1":"product","2":"type-product","3":"status-publish","4":"has-post-thumbnail","6":"product_brand-nocpix","7":"product_cat-thermal-cameras-pl","9":"first","10":"instock","11":"taxable","12":"shipping-taxable","13":"purchasable","14":"product-type-simple"},"acf":[],"_links":{"self":[{"href":"https:\/\/nbg.eu\/pl\/wp-json\/wp\/v2\/product\/676855","targetHints":{"allow":["GET"]}}],"collection":[{"href":"https:\/\/nbg.eu\/pl\/wp-json\/wp\/v2\/product"}],"about":[{"href":"https:\/\/nbg.eu\/pl\/wp-json\/wp\/v2\/types\/product"}],"wp:featuredmedia":[{"embeddable":true,"href":"https:\/\/nbg.eu\/pl\/wp-json\/wp\/v2\/media\/676927"}],"wp:attachment":[{"href":"https:\/\/nbg.eu\/pl\/wp-json\/wp\/v2\/media?parent=676855"}],"wp:term":[{"taxonomy":"product_brand","embeddable":true,"href":"https:\/\/nbg.eu\/pl\/wp-json\/wp\/v2\/product_brand?post=676855"},{"taxonomy":"product_cat","embeddable":true,"href":"https:\/\/nbg.eu\/pl\/wp-json\/wp\/v2\/product_cat?post=676855"},{"taxonomy":"product_tag","embeddable":true,"href":"https:\/\/nbg.eu\/pl\/wp-json\/wp\/v2\/product_tag?post=676855"}],"curies":[{"name":"wp","href":"https:\/\/api.w.org\/{rel}","templated":true}]}}