{"id":676984,"date":"2025-11-17T17:25:28","date_gmt":"2025-11-17T14:25:28","guid":{"rendered":"https:\/\/nbg.eu\/product\/noktowizor-nocpix-ace-s60r-na-szyne-zeiss\/"},"modified":"2026-04-14T17:21:35","modified_gmt":"2026-04-14T14:21:35","slug":"noktowizor-nocpix-ace-s60r-na-szyne-zeiss","status":"publish","type":"product","link":"https:\/\/nbg.eu\/pl\/produkt\/noktowizor-nocpix-ace-s60r-na-szyne-zeiss\/","title":{"rendered":"Nocpix Celownik Termowizyjny ACE S60R ZEISS RAIL"},"content":{"rendered":"<h2>Termiczna luneta NocPix ACE S60R<\/h2>\n<p>Termiczna luneta NocPix ACE S60R to nowy, najnowocze\u015bniejszy przyrz\u0105d przeznaczony dla elitarnych my\u015bliwych, kt\u00f3rzy wymagaj\u0105 najwy\u017cszej wydajno\u015bci w najbardziej wymagaj\u0105cych warunkach. Dzi\u0119ki zaawansowanej technologii i wytrzyma\u0142ej konstrukcji, ta wiod\u0105ca termiczna luneta zosta\u0142a zaprojektowana, aby pom\u00f3c ci zapanowa\u0107 nad noc\u0105 i okie\u0142zna\u0107 dziko\u015b\u0107. Niezale\u017cnie od tego, czy skanujeszpomnik na du\u017cych odleg\u0142o\u015bciach, czy \u015bledziszszybokie cele, ACE S60R oferuje niezr\u00f3wnan\u0105 jasno\u015b\u0107, precyzj\u0119 i niezawodno\u015b\u0107.<\/p>\n<p>W sercu tej niezwyk\u0142ej lunety znajduje si\u0119 czujnik termiczny Gen-2 HD o imponuj\u0105cej rozdzielczo\u015bci 1280&#215;1024 i ultraczu\u0142ym NETD wynosz\u0105cym \u226415mK. Ten czujnik nowej generacji pozwala ACE S60R wykrywa\u0107 nawet najdrobniejsze zmiany temperatury, dostarczaj\u0105c w czasie rzeczywistym wyra\u017anych i szczeg\u00f3\u0142owych obraz\u00f3w termicznych. Przy szybko\u015bci od\u015bwie\u017cania 50 Hz luneta zapewnia p\u0142ynne obrazowanie, kt\u00f3re nad\u0105\u017ca za szybko\u015bci\u0105 celu, umo\u017cliwiaj\u0105c precyzyjne celowanie.<\/p>\n<p>NocPix ACE S60R wyposa\u017cony jest r\u00f3wnie\u017c w obiektyw 60mm\/F1.0, kt\u00f3ry zbiera o 20% wi\u0119cej \u015bwiat\u0142a ni\u017c standardowe lunety, daj\u0105c ja\u015bniejsze i wyra\u017aniejsze obrazy, nawet w najmroczniejszych warunkach. Jego doskona\u0142a wykrywalno\u015b\u0107 na du\u017cych odleg\u0142o\u015bciach do 3100 metr\u00f3w pozwala na \u0142atwe identyfikowanie i \u015bledzenie odleg\u0142ych cel\u00f3w, co stanowi kluczow\u0105 przewag\u0119 w d\u0142ugodystansowym polowaniu i strzelectwie. Wraz z autorskim algorytmem przetwarzania obrazu Reality+ firmy NocPix, ACE S60R znacznie redukuje zak\u0142\u00f3cenia, dostarczaj\u0105c zawsze ostrych, wysokokonrastowych obraz\u00f3w.<\/p>\n<p>Dla tych, kt\u00f3rzy chc\u0105 jeszcze wi\u0119kszej jasno\u015bci obrazu, ACE S60R wyposa\u017cony jest w innowacyjny system Vision+. Okr\u0105g\u0142y, 1,03-calowy, 2560&#215;2560 wy\u015bwietlacz AMOLED, w po\u0142\u0105czeniu z wiod\u0105cym w bran\u017cy powi\u0119kszeniem okularowym, zapewnia niezr\u00f3wnan\u0105 optyczn\u0105 magnifikacj\u0119 bez rozmazywania lub zniekszta\u0142ce\u0144 typowych dla elektronicznego powi\u0119kszenia. Ta prze\u0142omowa technologia gwarantuje krystalicznie czysty widok i szerokie pole widzenia, niezale\u017cnie od tego, czy zbli\u017casz si\u0119 do celu, czy te\u017c skanuj\u0105 swoje otoczenie.<\/p>\n<p>Precyzja ma kluczowe znaczenie w polowaniach, a ACE S60R nie zawodzi. Wbudowany dalmierz laserowy (LRF) oferuje dok\u0142adne pomiary do 1200 metr\u00f3w. LRF jest p\u0142ynnie zintegrowany z eleganck\u0105konstrukcj\u0105, zachowuj\u0105c w\u0142a\u015bciw\u0105 o\u015b optyczn\u0105, jednocze\u015bnie umo\u017cliwiaj\u0105c ci obliczenie precyzyjnych odleg\u0142o\u015bci bez zak\u0142\u00f3cania ostro\u015bci. A dzi\u0119ki wbudowanej funkcjonalno\u015bci oblicze\u0144 balistycznych, ACE S60R gwarantuje, \u017ce twoje strza\u0142y b\u0119d\u0105 dok\u0142adne, bior\u0105c pod uwag\u0119 ka\u017cdy czynnik dla idealnej celno\u015bci.<\/p>\n<p>Zaprojektowany z my\u015bl\u0105 o my\u015bliwych, NocPix ACE S60R posiada r\u00f3wnie\u017c dwuogniskowy system zasilania z wbudowan\u0105 bateri\u0105 4000mAh i wymienn\u0105 bateri\u0105 18650 dla przed\u0142u\u017conego u\u017cytkowania w terenie. Nie musisz ju\u017c martwi\u0107 si\u0119 o wyczerpanie baterii w \u015brodku polowania &#8211; ten system jest zaprojektowany, aby wytrzyma\u0107 tak d\u0142ugo, jak twoja przygoda. Dodatkowo funkcje takie jak automatyczne wy\u0142\u0105czanie ekranu, nagrywanie wideo aktywowane wstrz\u0105sem i bezpokrywkowa konstrukcja sprawiaj\u0105, \u017ce ta termiczna luneta jest prawdziw\u0105 rewolucj\u0105 na polu.<\/p>\n<p>Wykonana z wysokiej wytrzyma\u0142o\u015bci stopu aluminium, luneta ACE S60R jest solidnie przetestowana, aby wytrzyma\u0107 ekstremalne wstrz\u0105sy i szorstkie u\u017cytkowanie. Posiadaj\u0105ca klas\u0119 ochrony IP67 przed wod\u0105, dzia\u0142a bez zarzutu w deszczu, kurzu i wymagaj\u0105cych warunkach, gwarantuj\u0105c, \u017ce twoja luneta b\u0119dzie r\u00f3wnie wytrzyma\u0142a, co twoje my\u015bliwskie instynkty.<\/p>\n<p>NocPix ACE S60R to wi\u0119cej ni\u017c tylko luneta termiczna &#8211; to najlepszy towarzysz polowa\u0144. Dzi\u0119ki najnowocze\u015bniejszej technologii, wyj\u0105tkowej wytrzyma\u0142o\u015bci i zaawansowanym funkcjom zaprojektowanym, aby ulepszy\u0107 twoje do\u015bwiadczenie z polowa\u0144, ta luneta na nowo zdefiniuje, czego mo\u017cesz oczekiwa\u0107 od swojego sprz\u0119tu. Przygotuj si\u0119, aby zapanowa\u0107 nad noc\u0105.<\/p>\n","protected":false},"excerpt":{"rendered":"<p>Termowizyjny celownik Nocpix ACE S60R to nowoczesne narz\u0119dzie przeznaczone dla wytrawnych my\u015bliwych, wyposa\u017cone w zaawansowan\u0105 technologi\u0119, wytrzyma\u0142\u0105 konstrukcj\u0119 oraz funkcje takie jak czujnik termowizyjny HD Gen-2, system Vision+, zintegrowany dalmierz laserowy i podw\u00f3jny system zasilania do uzyskania optymalnej wydajno\u015bci w wymagaj\u0105cych warunkach.<\/p>\n<p>Je\u015bli produkt nie jest dost\u0119pny, prosimy o kontakt: shop@nbg.eu lub +359896147790<\/p>\n","protected":false},"featured_media":677636,"template":"","meta":{"_acf_changed":false},"product_brand":[14456],"product_cat":[12594],"product_tag":[],"class_list":{"0":"post-676984","1":"product","2":"type-product","3":"status-publish","4":"has-post-thumbnail","6":"product_brand-nocpix","7":"product_cat-termowizja","9":"first","10":"instock","11":"taxable","12":"shipping-taxable","13":"purchasable","14":"product-type-simple"},"acf":[],"_links":{"self":[{"href":"https:\/\/nbg.eu\/pl\/wp-json\/wp\/v2\/product\/676984","targetHints":{"allow":["GET"]}}],"collection":[{"href":"https:\/\/nbg.eu\/pl\/wp-json\/wp\/v2\/product"}],"about":[{"href":"https:\/\/nbg.eu\/pl\/wp-json\/wp\/v2\/types\/product"}],"wp:featuredmedia":[{"embeddable":true,"href":"https:\/\/nbg.eu\/pl\/wp-json\/wp\/v2\/media\/677636"}],"wp:attachment":[{"href":"https:\/\/nbg.eu\/pl\/wp-json\/wp\/v2\/media?parent=676984"}],"wp:term":[{"taxonomy":"product_brand","embeddable":true,"href":"https:\/\/nbg.eu\/pl\/wp-json\/wp\/v2\/product_brand?post=676984"},{"taxonomy":"product_cat","embeddable":true,"href":"https:\/\/nbg.eu\/pl\/wp-json\/wp\/v2\/product_cat?post=676984"},{"taxonomy":"product_tag","embeddable":true,"href":"https:\/\/nbg.eu\/pl\/wp-json\/wp\/v2\/product_tag?post=676984"}],"curies":[{"name":"wp","href":"https:\/\/api.w.org\/{rel}","templated":true}]}}