{"id":677681,"date":"2025-11-17T17:25:33","date_gmt":"2025-11-17T14:25:33","guid":{"rendered":"https:\/\/nbg.eu\/product\/termowizja-nocpix-ace-h50r-12um-640x512-15mk-netd\/"},"modified":"2026-04-14T16:12:03","modified_gmt":"2026-04-14T13:12:03","slug":"termowizja-nocpix-ace-h50r-12um-640x512-15mk-netd","status":"publish","type":"product","link":"https:\/\/nbg.eu\/pl\/produkt\/termowizja-nocpix-ace-h50r-12um-640x512-15mk-netd\/","title":{"rendered":"Nocpix Celownik Termowizyjny ACE H50R"},"content":{"rendered":"<h2>Termowizyjny celownik do karabinu NocPix ACE H50R<\/h2>\n<p>Termowizyjny celownik do karabinu NocPix ACE H50R \u0142\u0105czy zaawansowan\u0105 technologi\u0119 z wytrzyma\u0142\u0105 konstrukcj\u0105, zapewniaj\u0105c niezr\u00f3wnan\u0105 przyjemno\u015b\u0107 z polowa\u0144. Wyposa\u017cony jest w czujnik termowizyjny o rozdzielczo\u015bci 640&#215;512 i NETD \u226412mK, zapewniaj\u0105cy doskona\u0142\u0105 jako\u015b\u0107 obrazu, zasi\u0119g detekcji do 3100 metr\u00f3w oraz wbudowany dalmierz laserowy do dok\u0142adnych pomiar\u00f3w do 1200 metr\u00f3w. Innowacyjny system Vision+ oferuje powi\u0119kszenie optyczne dla wyra\u017anego zbli\u017cenia, a podw\u00f3jny system baterii zapewnia d\u0142ugotrwa\u0142e dzia\u0142anie. Wykonany z wysokiej wytrzyma\u0142o\u015bci stopu aluminium i posiadaj\u0105cy ocen\u0119 IP67, ten celownik jest zaprojektowany do doskona\u0142ego dzia\u0142ania w ka\u017cdych warunkach na zewn\u0105trz i adaptacji do ka\u017cdej sytuacji.<\/p>\n<p>Termowizyjny celownik do karabinu NocPix ACE H50 to narz\u0119dzie najnowszej generacji, zaprojektowane w celu zredefiniowania do\u015bwiadczenia polowania, niezale\u017cnie od tego, czy poruszasz si\u0119 po ciemnej nocy, czy tropisz zwierzyn\u0119 na trudnym terenie. Jako cz\u0119\u015b\u0107 flagowej serii ACE firmy NocPix, ten przyrz\u0105d optyczno-termowizyjny wyr\u00f3\u017cnia si\u0119 doskona\u0142\u0105 jako\u015bci\u0105 obrazu i precyzj\u0105, dzi\u0119ki opracowanemu wewn\u0119trznie czujnikowi termowizyjnemu wysokiej rozdzielczo\u015bci oraz zaawansowanym systemom Reality+ i Vision+.<\/p>\n<p>Sercem NocPix ACE H50R jest czujnik termowizyjny HD drugiej generacji, kt\u00f3ry charakteryzuje si\u0119 rozdzielczo\u015bci\u0105 640&#215;512 i cz\u0119stotliwo\u015bci\u0105 od\u015bwie\u017cania 60 Hz, zapewniaj\u0105c niezwykle stabiln\u0105 wydajno\u015b\u0107. Z NETD \u226412mK, ten celownik wykrywa nawet najmniejsze r\u00f3\u017cnice temperatur, dostarczaj\u0105c szczeg\u00f3\u0142owych i p\u0142ynnych obraz\u00f3w termowizyjnych, idealnych do \u015bledzenia szybko poruszaj\u0105cych si\u0119 cel\u00f3w w czasie rzeczywistym. Zaawansowany algorytm obrazowania Reality+ dodatkowo poprawia to, eliminuj\u0105c szum temperatury otoczenia, zapewniaj\u0105c lepszy kontrast i jasno\u015b\u0107, nawet w trudnych warunkach polowa\u0144.<\/p>\n<p>ACE H50R jest wyposa\u017cony w obiektyw 50 mm\/F0,9, kt\u00f3ry pozwala na 20% wi\u0119ksze nat\u0119\u017cenie \u015bwiat\u0142a docieraj\u0105cego do czujnika, tworz\u0105c ja\u015bniejsze i wyra\u017aniejsze obrazy. Jest to kluczowe dla my\u015bliwych d\u0105\u017c\u0105cych do precyzji, poniewa\u017c zwi\u0119kszona transmisja \u015bwiat\u0142a zapewnia lepsz\u0105 widoczno\u015b\u0107 w warunkach s\u0142abego o\u015bwietlenia. Dodatkowo zasi\u0119g detekcji 3100 metr\u00f3w wyr\u00f3\u017cnia ACE, u\u0142atwiaj\u0105c identyfikacj\u0119 i \u015bledzenie odleg\u0142ych cel\u00f3w w spos\u00f3b bardziej efektywny ni\u017c kiedykolwiek.<\/p>\n<p>Zintegrowany system Vision+ wzbogaca do\u015bwiadczenie wizualne dzi\u0119ki okr\u0105g\u0142emu wy\u015bwietlaczowi AMOLED o rozdzielczo\u015bci 2560&#215;2560 i przek\u0105tnej 1,03 cala. Jego system powi\u0119kszenia optycznego, zaprojektowany tak, aby unikn\u0105\u0107 rozmycia i zniekszta\u0142ce\u0144 typowo zwi\u0105zanych z tradycyjnymi przybli\u017ceniami elektronicznymi, zapewnia my\u015bliwym wyra\u017ane, wysokiej rozdzielczo\u015bci zbli\u017cenia bez utraty szczeg\u00f3\u0142\u00f3w. Zapewnia to immersyjne i wygodne do\u015bwiadczenie ogl\u0105dania, niezale\u017cnie od tego, czy \u015bledzisz zwierzyn\u0119 z daleka, czy precyzyjnie celuj\u0105c.<\/p>\n<p>Zaprojektowany do d\u0142ugotrwa\u0142ego u\u017cytkowania w terenie, ACE wyposa\u017cony jest w podw\u00f3jny system baterii z wbudowan\u0105 bateri\u0105 4000 mAh i dodatkow\u0105 wymienn\u0105 bateri\u0105 18650, umo\u017cliwiaj\u0105c niezak\u0142\u00f3cone dzia\u0142anie podczas d\u0142ugich sesji polowa\u0144. Wytrzyma\u0142a konstrukcja, wykonana z wysokowytrzyma\u0142ego stopu aluminium, zapewnia, \u017ce ACE mo\u017ce wytrzyma\u0107 trudne \u015brodowiska na zewn\u0105trz i intensywne u\u017cytkowanie, przeszed\u0142szy rygorystyczne testy odporno\u015bci na uderzenia. Posiadaj\u0105c ocen\u0119 wodoodporno\u015bci IP67, celownik pozostaje niezawodny w niekorzystnych warunkach pogodowych, daj\u0105c my\u015bliwym poczucie spokoju niezale\u017cnie od \u015brodowiska.<\/p>\n<p>Zaprojektowany z my\u015bl\u0105 o my\u015bliwych, NocPix ACE H50R zawiera niezb\u0119dne funkcje, takie jak rejestrowanie wideo aktywowane poprzez odrzut oraz projekt bez przes\u0142ony zapewniaj\u0105cy \u0142atw\u0105 obs\u0142ug\u0119 w terenie. Wraz z \u0142atwymi w u\u017cyciu dodatkami, takimi jak regulator ostro\u015bci, os\u0142ona \u0142adowania oraz mo\u017cliwo\u015b\u0107 odtwarzania nagra\u0144 bezpo\u015brednio przez funkcj\u0119 Galeria, ten celownik \u0142\u0105czy wysok\u0105 wydajno\u015b\u0107 z wygod\u0105, zapewniaj\u0105c optymaln\u0105 przyjemno\u015b\u0107 z polowania.<\/p>\n","protected":false},"excerpt":{"rendered":"<p>Termowizyjny celownik Nocpix ACE H50R wyposa\u017cony jest w czujnik termowizyjny 640&#215;512 o NETD \u226412mK, umo\u017cliwia wykrywanie obiekt\u00f3w do 3100 m, posiada zintegrowany dalmierz laserowy i system Vision+, zapewniaj\u0105c niezr\u00f3wnan\u0105 jako\u015b\u0107 do\u015bwiadczenia my\u015bliwskiego.<\/p>\n<p>Je\u015bli produkt jest niedost\u0119pny, prosimy o kontakt: shop@nbg.eu lub +359896147790<\/p>\n","protected":false},"featured_media":677888,"template":"","meta":{"_acf_changed":false},"product_brand":[14456],"product_cat":[12594],"product_tag":[],"class_list":{"0":"post-677681","1":"product","2":"type-product","3":"status-publish","4":"has-post-thumbnail","6":"product_brand-nocpix","7":"product_cat-termowizja","9":"first","10":"outofstock","11":"taxable","12":"shipping-taxable","13":"purchasable","14":"product-type-simple"},"acf":[],"_links":{"self":[{"href":"https:\/\/nbg.eu\/pl\/wp-json\/wp\/v2\/product\/677681","targetHints":{"allow":["GET"]}}],"collection":[{"href":"https:\/\/nbg.eu\/pl\/wp-json\/wp\/v2\/product"}],"about":[{"href":"https:\/\/nbg.eu\/pl\/wp-json\/wp\/v2\/types\/product"}],"wp:featuredmedia":[{"embeddable":true,"href":"https:\/\/nbg.eu\/pl\/wp-json\/wp\/v2\/media\/677888"}],"wp:attachment":[{"href":"https:\/\/nbg.eu\/pl\/wp-json\/wp\/v2\/media?parent=677681"}],"wp:term":[{"taxonomy":"product_brand","embeddable":true,"href":"https:\/\/nbg.eu\/pl\/wp-json\/wp\/v2\/product_brand?post=677681"},{"taxonomy":"product_cat","embeddable":true,"href":"https:\/\/nbg.eu\/pl\/wp-json\/wp\/v2\/product_cat?post=677681"},{"taxonomy":"product_tag","embeddable":true,"href":"https:\/\/nbg.eu\/pl\/wp-json\/wp\/v2\/product_tag?post=677681"}],"curies":[{"name":"wp","href":"https:\/\/api.w.org\/{rel}","templated":true}]}}