{"id":678107,"date":"2025-11-17T17:25:36","date_gmt":"2025-11-17T14:25:36","guid":{"rendered":"https:\/\/nbg.eu\/product\/termowizyjny-monokular-nocpix-lumi-l35\/"},"modified":"2026-01-21T11:39:11","modified_gmt":"2026-01-21T08:39:11","slug":"termowizyjny-monokular-nocpix-lumi-l35","status":"publish","type":"product","link":"https:\/\/nbg.eu\/pl\/produkt\/termowizyjny-monokular-nocpix-lumi-l35\/","title":{"rendered":"Termowizyjny monokul\u00e1r Nocpix LUMI L35"},"content":{"rendered":"<h2>Maksymalna wydajno\u015b\u0107 z minimaln\u0105 wag\u0105 \u2013 Nocpix LUMI L35: Tw\u00f3j niezb\u0119dny towarzysz w Twoim polu<\/h2>\n<p>Seria termowizyjnych monokulary LUMI jest zaprojektowana do u\u017cytku w dzie\u0144 i w nocy oraz oferuje Ci wyj\u0105tkow\u0105 jako\u015b\u0107 obrazu nawet w trudnych warunkach atmosferycznych, takich jak mg\u0142a, smog lub deszcz. Nawet je\u015bli przeszkody, takie jak ga\u0142\u0119zie, wysokie trawy lub g\u0119sty zagajnik, utrudniaj\u0105 widoczno\u015b\u0107, dzi\u0119ki tej technologii zawsze b\u0119dziesz m\u00f3g\u0142 wyra\u017anie widzie\u0107 to, co znajduje si\u0119 przed Tob\u0105. S\u0105 r\u00f3wnie\u017c tak kompaktowe i lekkie, \u017ce mo\u017cesz je \u0142atwo wsz\u0119dzie ze sob\u0105 zabra\u0107.<\/p>\n<p>Kamery termowizyjne LUMI s\u0105 idealne do r\u00f3\u017cnych zastosowa\u0144, takich jak polowanie, nadz\u00f3r, bezpiecze\u0144stwo, orientacja w terenie lub operacje poszukiwawczo-ratownicze.<\/p>\n<h2>Niezr\u00f3wnana wydajno\u015b\u0107 obrazowania dla ostro zarysowanych obraz\u00f3w<\/h2>\n<p>Seria LUMI ustanawia nowe standardy pod wzgl\u0119dem jako\u015bci obrazu. Wyposa\u017cona w najbardziej zaawansowane algorytmy obrazowania i pot\u0119\u017cny czujnik termiczny z NETD &lt; 18 mK, kamera dostarcza ostro zarysowanych i realistycznych obraz\u00f3w. Wy\u015bwietlacz AMOLED z rozdzielczo\u015bci\u0105 1024 x 768 pikseli zapewnia wyj\u0105tkow\u0105 prezentacj\u0119 obrazu, a tryb Ultra Clear dodatkowo optymalizuje ostro\u015b\u0107 obrazu, szczeg\u00f3lnie w trudnych warunkach atmosferycznych.<\/p>\n<h2>Spersonalizowane do\u015bwiadczenie ogl\u0105dania \u2013 Idealnie dostosuj swoje urz\u0105dzenie<\/h2>\n<p>Dzi\u0119ki \u015bredniej wielko\u015bci czujnikowi 384 x 288 px i r\u00f3\u017cnym opcjom ustawie\u0144, mo\u017cesz dostosowa\u0107 urz\u0105dzenie dok\u0142adnie do swoich potrzeb. Wybierz spo\u015br\u00f3d 5 tryb\u00f3w kolor\u00f3w i zoptymalizuj sw\u00f3j widok na 10 poziomach jasno\u015bci, ostro\u015bci i kontrastu &#8211; dzi\u0119ki temu \u017caden detal nie umknie Twojej uwadze.<\/p>\n<h2>\u0141atwe udost\u0119pnianie wra\u017ce\u0144<\/h2>\n<p>Utrwalanie specjalnych chwil jest niezb\u0119dne dla wsp\u00f3\u0142czesnego my\u015bliwego. Dzi\u0119ki Nocpix LUMI L35 mo\u017cesz nie tylko wygodnie udost\u0119pnia\u0107 swoje nagrania za po\u015brednictwem aplikacji, ale tak\u017ce odtwarza\u0107 je bezpo\u015brednio na urz\u0105dzeniu &#8211; idealnie do natychmiastowego dzielenia si\u0119 swoimi wra\u017ceniami z innymi.<\/p>\n<h2>Mo\u017cliwo\u015b\u0107 elastycznego u\u017cytkowania dzi\u0119ki zdejmowanemu systemowi baterii<\/h2>\n<p>Seria LUMI jest wyposa\u017cona w standardowe baterie 18650, zapewniaj\u0105c Ci maksymaln\u0105 elastyczno\u015b\u0107. Bez wzgl\u0119du na to, gdzie si\u0119 znajdziesz, z do\u0142\u0105czon\u0105 \u0142adowark\u0105 do baterii b\u0119dziesz got\u00f3w w mgnieniu oka &#8211; i b\u0119dziesz m\u00f3g\u0142 kontynuowa\u0107 swoj\u0105 misj\u0119.<\/p>\n","protected":false},"excerpt":{"rendered":"<p>Maksymalna wydajno\u015b\u0107 przy minimalnej wadze \u2013 Nocpix LUMI L35: Tw\u00f3j niezast\u0105piony towarzysz w terenie. Czujnik 384 o 18 mK, wy\u015bwietlacz AMOLED o rozdzielczo\u015bci 1024 \u00d7 768 pikseli, wymienna bateria 18650, zakres wykrywania oko\u0142o 1800 metr\u00f3w, du\u017ce podstawowe powi\u0119kszenie do polowa\u0144 terenowych, kompaktowa konstrukcja.<br \/>\nJe\u015bli pozycja nie jest dost\u0119pna, prosimy o kontakt: shop@nbg.eu lub +359896147790<\/p>\n","protected":false},"featured_media":678270,"template":"","meta":{"_acf_changed":false},"product_brand":[14456],"product_cat":[12594,369],"product_tag":[],"class_list":{"0":"post-678107","1":"product","2":"type-product","3":"status-publish","4":"has-post-thumbnail","6":"product_brand-nocpix","7":"product_cat-termowizja","8":"product_cat-uncategorized","10":"first","11":"instock","12":"taxable","13":"shipping-taxable","14":"purchasable","15":"product-type-simple"},"acf":[],"_links":{"self":[{"href":"https:\/\/nbg.eu\/pl\/wp-json\/wp\/v2\/product\/678107","targetHints":{"allow":["GET"]}}],"collection":[{"href":"https:\/\/nbg.eu\/pl\/wp-json\/wp\/v2\/product"}],"about":[{"href":"https:\/\/nbg.eu\/pl\/wp-json\/wp\/v2\/types\/product"}],"wp:featuredmedia":[{"embeddable":true,"href":"https:\/\/nbg.eu\/pl\/wp-json\/wp\/v2\/media\/678270"}],"wp:attachment":[{"href":"https:\/\/nbg.eu\/pl\/wp-json\/wp\/v2\/media?parent=678107"}],"wp:term":[{"taxonomy":"product_brand","embeddable":true,"href":"https:\/\/nbg.eu\/pl\/wp-json\/wp\/v2\/product_brand?post=678107"},{"taxonomy":"product_cat","embeddable":true,"href":"https:\/\/nbg.eu\/pl\/wp-json\/wp\/v2\/product_cat?post=678107"},{"taxonomy":"product_tag","embeddable":true,"href":"https:\/\/nbg.eu\/pl\/wp-json\/wp\/v2\/product_tag?post=678107"}],"curies":[{"name":"wp","href":"https:\/\/api.w.org\/{rel}","templated":true}]}}