{"id":678356,"date":"2025-11-18T18:19:28","date_gmt":"2025-11-18T15:19:28","guid":{"rendered":"https:\/\/nbg.eu\/product\/nocpix-quest-l35r-384x288-netd-15mk\/"},"modified":"2026-04-14T16:11:57","modified_gmt":"2026-04-14T13:11:57","slug":"nocpix-quest-l35r-384x288-netd-15mk","status":"publish","type":"product","link":"https:\/\/nbg.eu\/pl\/produkt\/nocpix-quest-l35r-384x288-netd-15mk\/","title":{"rendered":"Nocpix Lornetka Termowizyjna Quest L35R"},"content":{"rendered":"<h2>Nocpix Quest L35R 384&#215;288 NETD \u226415mK: Uwolnij swoj\u0105 termowizj\u0119<\/h2>\n<p>QUEST jest lekki i przeno\u015bny, oferuj\u0105c zasi\u0119g wykrywania do 2600 m oraz wbudowany kamuflowany dalmierz laserowy z zasi\u0119giem do 1000 m, zapewniaj\u0105cy doskona\u0142\u0105 dok\u0142adno\u015b\u0107 i widoczno\u015b\u0107. Jego tradycyjny binokulowy design cechuje pe\u0142na gumowa pokrywa i rating IP67 dla wytrzyma\u0142o\u015bci i komfortu w trudnych warunkach. Wyposa\u017cony w wysokowydajny czujnik 640&#215;512 (NETD \u226415mK, 60Hz), QUEST zapewnia wyj\u0105tkow\u0105 ostro\u015b\u0107 obrazu, doskona\u0142\u0105 czu\u0142o\u015b\u0107 termiczn\u0105 i bezproblemow\u0105 obs\u0142ug\u0119 w wymagaj\u0105cych \u015brodowiskach.<\/p>\n<h2>Wyj\u0105tkowa jako\u015b\u0107 i ostro\u015b\u0107 obrazu<\/h2>\n<p>Nocpix QUEST posiada wzmocnienie obrazu R+, zapewniaj\u0105c doskona\u0142\u0105 ostro\u015b\u0107 i precyzj\u0119, w po\u0142\u0105czeniu z wy\u015bwietlaczem AMOLED 1920&#215;1200 dla niezapomnianego, przyjaznego dla oczu do\u015bwiadczenia ogl\u0105dania.<\/p>\n<h2>Doskona\u0142y czujnik dla doskona\u0142o\u015bci<\/h2>\n<p>Nocpix QUEST jest wyposa\u017cony w wysokowydajny czujnik (640&#215;512@12\u00b5m), kt\u00f3ry zapewnia wyj\u0105tkow\u0105 ostro\u015b\u0107 obrazu. Dzi\u0119ki NETD \u226415mK i cz\u0119stotliwo\u015bci od\u015bwie\u017cania 60 Hz, zapewnia doskona\u0142\u0105 czu\u0142o\u015b\u0107 termiczn\u0105, dostarczaj\u0105c wyra\u017anych i wizualnych obraz\u00f3w nawet w najbardziej wymagaj\u0105cych warunkach.<\/p>\n<h2>Pot\u0119\u017cne mo\u017cliwo\u015bci wykrywania<\/h2>\n<p>Nocpix QUEST oferuje zasi\u0119g wykrywania do 2600 m oraz wbudowany ukryty dalmierz laserowy z zasi\u0119giem do 1000 m, pozwalaj\u0105c Ci widzie\u0107 dalej i dok\u0142adniej ni\u017c kiedykolwiek wcze\u015bniej. Obs\u0142uguje r\u00f3wnie\u017c obliczenia balistyczne, zapewniaj\u0105c wsparcie danych do wsp\u00f3\u0142pracy \u0142owieckiej.<\/p>\n<h2>Ergonomiczna obs\u0142uga jedn\u0105 r\u0119k\u0105<\/h2>\n<p>Nocpix QUEST oferuje ergonomiczne, antypo\u015blizgowe uchwyty z uproszczonym uk\u0142adem 4 przycisk\u00f3w i centralnie umieszczonymi pokr\u0119t\u0142ami przewijania, umo\u017cliwiaj\u0105c \u0142atw\u0105 obs\u0142ug\u0119 jedn\u0105 r\u0119k\u0105 i bezpieczny chwyt w ka\u017cdych warunkach.<\/p>\n<h2>Lekki i przeno\u015bny<\/h2>\n<p>QUEST wa\u017cy zaledwie 700 g i zawiera w\u0142asn\u0105 torb\u0119 do noszenia, oferuj\u0105c \u0142atw\u0105 przeno\u015bno\u015b\u0107 i komfort podczas aktywno\u015bci terenowych, takich jak polowania i eksploracje.<\/p>\n<h2>Niezawodna wydajno\u015b\u0107 zasilania<\/h2>\n<p>Seria QUEST wyposa\u017cona jest w dwubateryjn\u0105 konstrukcj\u0119 z wbudowan\u0105 i wymienn\u0105 bateri\u0105 18650, zapewniaj\u0105c \u0142atw\u0105 wymian\u0119 i ci\u0105g\u0142e u\u017cytkowanie podczas Twojej przygody.<\/p>\n<h2>Wytrzyma\u0142a i wygodna konstrukcja<\/h2>\n<p>QUEST ma tradycyjny binokulowy design z zaawansowanym, pe\u0142nym gumowym pokryciem oraz klasyfikacj\u0119 IP67 odporno\u015bci na wod\u0119 i py\u0142, zapewniaj\u0105c trwa\u0142o\u015b\u0107 i og\u00f3lny komfort.<\/p>\n","protected":false},"excerpt":{"rendered":"<p>Nocpix QUEST L35R 384&#215;288 NETD &lt;15mK: Lekka, przeno\u015bna kamera termowizyjna z zasi\u0119giem detekcji 2600m, wbudowanym dalmierzem laserowym 1000m i wyj\u0105tkow\u0105 ostro\u015bci\u0105 obrazu.<\/p>\n<p>Je\u015bli produkt nie jest dost\u0119pny, skontaktuj si\u0119 z nami: shop@nbg.eu lub +359896147790<\/p><\/p>\n","protected":false},"featured_media":678394,"template":"","meta":{"_acf_changed":false},"product_brand":[14456],"product_cat":[14691,12594,16092],"product_tag":[],"class_list":{"0":"post-678356","1":"product","2":"type-product","3":"status-publish","4":"has-post-thumbnail","6":"product_brand-nocpix","7":"product_cat-lornetki","8":"product_cat-termowizja","9":"product_cat-thermal-cameras-pl","11":"first","12":"instock","13":"taxable","14":"shipping-taxable","15":"purchasable","16":"product-type-simple"},"acf":[],"_links":{"self":[{"href":"https:\/\/nbg.eu\/pl\/wp-json\/wp\/v2\/product\/678356","targetHints":{"allow":["GET"]}}],"collection":[{"href":"https:\/\/nbg.eu\/pl\/wp-json\/wp\/v2\/product"}],"about":[{"href":"https:\/\/nbg.eu\/pl\/wp-json\/wp\/v2\/types\/product"}],"wp:featuredmedia":[{"embeddable":true,"href":"https:\/\/nbg.eu\/pl\/wp-json\/wp\/v2\/media\/678394"}],"wp:attachment":[{"href":"https:\/\/nbg.eu\/pl\/wp-json\/wp\/v2\/media?parent=678356"}],"wp:term":[{"taxonomy":"product_brand","embeddable":true,"href":"https:\/\/nbg.eu\/pl\/wp-json\/wp\/v2\/product_brand?post=678356"},{"taxonomy":"product_cat","embeddable":true,"href":"https:\/\/nbg.eu\/pl\/wp-json\/wp\/v2\/product_cat?post=678356"},{"taxonomy":"product_tag","embeddable":true,"href":"https:\/\/nbg.eu\/pl\/wp-json\/wp\/v2\/product_tag?post=678356"}],"curies":[{"name":"wp","href":"https:\/\/api.w.org\/{rel}","templated":true}]}}