{"id":679461,"date":"2025-11-18T18:19:37","date_gmt":"2025-11-18T15:19:37","guid":{"rendered":"https:\/\/nbg.eu\/product\/nocpix-quest-h50r-lrf-640x512-netd-15mk\/"},"modified":"2026-04-14T16:11:54","modified_gmt":"2026-04-14T13:11:54","slug":"nocpix-quest-h50r-lrf-640x512-netd-15mk","status":"publish","type":"product","link":"https:\/\/nbg.eu\/pl\/produkt\/nocpix-quest-h50r-lrf-640x512-netd-15mk\/","title":{"rendered":"Nocpix Lornetka Termowizyjna Quest H50R LRF"},"content":{"rendered":"<h2>Nocpix Quest H50R LRF 640&#215;512 NETD \u226415mK<\/h2>\n<p>QUEST jest lekki i przeno\u015bny, oferuj\u0105c zakres wykrywania do 2600 m oraz wbudowany dyskretny LRF z zasi\u0119giem do 1000 m dla zwi\u0119kszonej dok\u0142adno\u015bci i widoczno\u015bci. Jego tradycyjny projekt lornetki posiada pe\u0142n\u0105 gumow\u0105 pokryw\u0119 i klas\u0119 IP67 dla wytrzyma\u0142o\u015bci i komfortu w trudnych warunkach. Wyposa\u017cony w wysokiej wydajno\u015bci czujnik 640&#215;512 (NETD \u226415mK, 60Hz), QUEST zapewnia wyj\u0105tkow\u0105 wyrazisto\u015b\u0107 obrazu, doskona\u0142\u0105 czu\u0142o\u015b\u0107 termiczn\u0105 i bezproblemow\u0105 prac\u0119 w wymagaj\u0105cych \u015brodowiskach.<\/p>\n<h2>Czujnik termiczny<\/h2>\n<p>Nocpix QUEST wykorzystuje ulepszenie obrazu R+ dla zwi\u0119kszonej wyrazisto\u015bci i precyzji, w po\u0142\u0105czeniu z wy\u015bwietlaczem AMOLED 1920&#215;1200 dla immersyjnego i przyjaznego dla oczu do\u015bwiadczenia.<\/p>\n<h2>Wy\u015bmienity czujnik zapewnia doskona\u0142o\u015b\u0107<\/h2>\n<p>Nocpix QUEST jest wyposa\u017cony w wysokowydajny czujnik (640&#215;512@12\u00b5m), kt\u00f3ry zapewnia wyj\u0105tkow\u0105 wyrazisto\u015b\u0107 obrazu. Z NETD \u226415mK i cz\u0119stotliwo\u015bci\u0105 60Hz, oferuje on doskona\u0142\u0105 czu\u0142o\u015b\u0107 termiczn\u0105, dostarczaj\u0105c jasnych i wyra\u017anych obraz\u00f3w nawet w najbardziej wymagaj\u0105cych warunkach.<\/p>\n<h2>Pot\u0119\u017cne mo\u017cliwo\u015bci wykrywania<\/h2>\n<p>Nocpix QUEST posiada zakres wykrywania do 2600 m oraz wbudowany ukryty LRF z zasi\u0119giem do 1000 m, umo\u017cliwiaj\u0105c widzenie dalej i dok\u0142adniej ni\u017c kiedykolwiek. Obs\u0142uguje r\u00f3wnie\u017c obliczenia balistyczne, zapewniaj\u0105c wsparcie danych dla wsp\u00f3\u0142pracy w polowaniu.<\/p>\n<h2>Obs\u0142uga jedn\u0105 r\u0119k\u0105<\/h2>\n<p>Nocpix QUEST oferuje ergonomiczn\u0105, antypo\u015blizgow\u0105 obs\u0142ug\u0119 z uproszczonym uk\u0142adem 4 przycisk\u00f3w i centralnie umieszczonymi pokr\u0119t\u0142ami przewijania, zapewniaj\u0105c \u0142atw\u0105 obs\u0142ug\u0119 jedn\u0105 r\u0119k\u0105 i pewny chwyt w ka\u017cdych warunkach.<\/p>\n<h2>Lekki i przeno\u015bny<\/h2>\n<p>QUEST wa\u017cy zaledwie 700 g i zawiera specjaln\u0105 torb\u0119 do przenoszenia, oferuj\u0105c \u0142atw\u0105 mobilno\u015b\u0107 i komfort podczas zaj\u0119\u0107 na \u015bwie\u017cym powietrzu, takich jak polowania i eksploracje.<\/p>\n<h2>Eliminacja zmartwie\u0144 o zasilanie<\/h2>\n<p>Seria QUEST posiada podw\u00f3jny system baterii z wbudowan\u0105 i wymienn\u0105 bateri\u0105 18650, zapewniaj\u0105c bezproblemow\u0105 wymian\u0119 i ci\u0105g\u0142e u\u017cytkowanie podczas Twojej przygody.<\/p>\n<h2>Tradycyjne do\u015bwiadczenie lornetki<\/h2>\n<p>QUEST ma tradycyjny design lornetki z wyrafinowanym, ca\u0142kowicie gumowanym wyko\u0144czeniem i klasyfikacj\u0105 IP67 odporno\u015bci na wod\u0119 i py\u0142, zapewniaj\u0105c trwa\u0142o\u015b\u0107 oraz og\u00f3lny komfort.<\/p>\n","protected":false},"excerpt":{"rendered":"<p>Nocpix Quest H50R LRF 640&#215;512 NETD &lt;15mK: Lekki, przeno\u015bny termowizor z zasi\u0119giem detekcji 2600m, 1000m LRF i wybitnym czujnikiem 640&#215;512.<\/p>\n<p>Je\u015bli pozycja nie jest dost\u0119pna, prosimy o kontakt: shop@nbg.eu lub +359896147790<\/p>\n","protected":false},"featured_media":680302,"template":"","meta":{"_acf_changed":false},"product_brand":[14456],"product_cat":[14691,12594,16092],"product_tag":[],"class_list":{"0":"post-679461","1":"product","2":"type-product","3":"status-publish","4":"has-post-thumbnail","6":"product_brand-nocpix","7":"product_cat-lornetki","8":"product_cat-termowizja","9":"product_cat-thermal-cameras-pl","11":"first","12":"instock","13":"taxable","14":"shipping-taxable","15":"purchasable","16":"product-type-simple"},"acf":[],"_links":{"self":[{"href":"https:\/\/nbg.eu\/pl\/wp-json\/wp\/v2\/product\/679461","targetHints":{"allow":["GET"]}}],"collection":[{"href":"https:\/\/nbg.eu\/pl\/wp-json\/wp\/v2\/product"}],"about":[{"href":"https:\/\/nbg.eu\/pl\/wp-json\/wp\/v2\/types\/product"}],"wp:featuredmedia":[{"embeddable":true,"href":"https:\/\/nbg.eu\/pl\/wp-json\/wp\/v2\/media\/680302"}],"wp:attachment":[{"href":"https:\/\/nbg.eu\/pl\/wp-json\/wp\/v2\/media?parent=679461"}],"wp:term":[{"taxonomy":"product_brand","embeddable":true,"href":"https:\/\/nbg.eu\/pl\/wp-json\/wp\/v2\/product_brand?post=679461"},{"taxonomy":"product_cat","embeddable":true,"href":"https:\/\/nbg.eu\/pl\/wp-json\/wp\/v2\/product_cat?post=679461"},{"taxonomy":"product_tag","embeddable":true,"href":"https:\/\/nbg.eu\/pl\/wp-json\/wp\/v2\/product_tag?post=679461"}],"curies":[{"name":"wp","href":"https:\/\/api.w.org\/{rel}","templated":true}]}}