{"id":681045,"date":"2025-12-17T14:06:52","date_gmt":"2025-12-17T11:06:52","guid":{"rendered":"https:\/\/nbg.eu\/product\/manly-peak-g10-black-cpm-s90v\/"},"modified":"2026-01-21T11:41:29","modified_gmt":"2026-01-21T08:41:29","slug":"manly-peak-g10-black-cpm-s90v","status":"publish","type":"product","link":"https:\/\/nbg.eu\/pl\/produkt\/manly-peak-g10-black-cpm-s90v\/","title":{"rendered":"Manly PEAK G10 BLACK CPM S90V"},"content":{"rendered":"<h2>Manly PEAK G10 BLACK CPM S90V &#8211; Wyj\u0105tkowy n\u00f3\u017c sk\u0142adany otwierany jednor\u0105cz<\/h2>\n<p>Do\u015bwiadcz wyj\u0105tkowego no\u017ca sk\u0142adanego Manly PEAK G10 BLACK CPM S90V, unikalnego i wszechstronnego narz\u0119dzia zaprojektowanego do r\u00f3\u017cnorodnych czynno\u015bci. Odchodz\u0105c od modelu Comrade, ten n\u00f3\u017c wyr\u00f3\u017cnia si\u0119 imponuj\u0105cym wzornictwem, co czyni go doskona\u0142ym towarzyszem do ka\u017cdego zadania.<\/p>\n<p>Dost\u0119pny w dw\u00f3ch r\u00f3\u017cnych wersjach, PEAK oferuje wygod\u0119 otwierania jednor\u0105cz lub dwur\u0105cz, dostosowuj\u0105c si\u0119 do Twoich osobistych preferencji. Wykonany z precyzj\u0105, ostrze jest wykonane ze stali CPM S90V o wysokiej wydajno\u015bci, zapewniaj\u0105c doskona\u0142e zachowanie ostro\u015bci i odporno\u015b\u0107 na korozj\u0119.<\/p>\n<p>Wytrzyma\u0142a r\u0119koje\u015b\u0107 G10 zapewnia bezpieczny i wygodny chwyt, czyni\u0105c PEAK niezawodnym wyborem do codziennego noszenia lub przyg\u00f3d na \u015bwie\u017cym powietrzu. Dzi\u0119ki mechanizmowi otwierania z otworem na kciuk i r\u0119czny system Backlock, ten n\u00f3\u017c oferuje p\u0142ynn\u0105 obs\u0142ug\u0119 jednor\u0105cz, pozwalaj\u0105c na \u0142atwe wykonywanie zada\u0144.<\/p>\n<p>Wa\u017c\u0105c zaledwie 115 gram\u00f3w, PEAK jest lekkim, a jednocze\u015bnie solidnym narz\u0119dziem, kt\u00f3re nie b\u0119dzie Ci\u0119 obci\u0105\u017ca\u0107. Niezale\u017cnie od tego, czy jeste\u015b mi\u0142o\u015bnikiem przyrody, operatorem taktycznym, czy po prostu osob\u0105 szukaj\u0105c\u0105 wszechstronnego i dobrze zaprojektowanego no\u017ca sk\u0142adanego, Manly PEAK G10 BLACK CPM S90V jest na to odpowiedzi\u0105.<\/p>\n","protected":false},"excerpt":{"rendered":"<p>PEAK CPM S90V czarny n\u00f3\u017c jednor\u00eaczny, fantastyczny design do wszelkich zastosowa\u00f1.<\/p>\n","protected":false},"featured_media":681120,"template":"","meta":{"_acf_changed":false},"product_brand":[15091],"product_cat":[12608,15386,15364],"product_tag":[],"class_list":{"0":"post-681045","1":"product","2":"type-product","3":"status-publish","4":"has-post-thumbnail","6":"product_brand-manly-knives","7":"product_cat-edc","8":"product_cat-folding-knives-pl","9":"product_cat-knives-pl","11":"first","12":"outofstock","13":"taxable","14":"shipping-taxable","15":"purchasable","16":"product-type-simple"},"acf":[],"_links":{"self":[{"href":"https:\/\/nbg.eu\/pl\/wp-json\/wp\/v2\/product\/681045","targetHints":{"allow":["GET"]}}],"collection":[{"href":"https:\/\/nbg.eu\/pl\/wp-json\/wp\/v2\/product"}],"about":[{"href":"https:\/\/nbg.eu\/pl\/wp-json\/wp\/v2\/types\/product"}],"wp:featuredmedia":[{"embeddable":true,"href":"https:\/\/nbg.eu\/pl\/wp-json\/wp\/v2\/media\/681120"}],"wp:attachment":[{"href":"https:\/\/nbg.eu\/pl\/wp-json\/wp\/v2\/media?parent=681045"}],"wp:term":[{"taxonomy":"product_brand","embeddable":true,"href":"https:\/\/nbg.eu\/pl\/wp-json\/wp\/v2\/product_brand?post=681045"},{"taxonomy":"product_cat","embeddable":true,"href":"https:\/\/nbg.eu\/pl\/wp-json\/wp\/v2\/product_cat?post=681045"},{"taxonomy":"product_tag","embeddable":true,"href":"https:\/\/nbg.eu\/pl\/wp-json\/wp\/v2\/product_tag?post=681045"}],"curies":[{"name":"wp","href":"https:\/\/api.w.org\/{rel}","templated":true}]}}