{"id":681146,"date":"2026-01-08T18:14:00","date_gmt":"2026-01-08T15:14:00","guid":{"rendered":"https:\/\/nbg.eu\/product\/manly-peak-black-14c28n\/"},"modified":"2026-01-21T11:41:26","modified_gmt":"2026-01-21T08:41:26","slug":"manly-peak-black-14c28n","status":"publish","type":"product","link":"https:\/\/nbg.eu\/pl\/produkt\/manly-peak-black-14c28n\/","title":{"rendered":"Manly PEAK BLACK 14C28N"},"content":{"rendered":"<h2>Manly PEAK BLACK 14C28N \u2013 Kwintesencja codziennego przeno\u015bnego no\u017ca<\/h2>\n<p>Kontynuuj\u0105c tradycj\u0119 Manly dostarczania rozs\u0105dnie wycenionych, wysokiej jako\u015bci no\u017cyk\u00f3w kieszonkowych, PEAK \u2013 14C28N Black (One Hand) jest uciele\u015bnieniem wszechstronno\u015bci i praktyczno\u015bci. Wykonany z precyzj\u0105, ten sk\u0142adany n\u00f3\u017c posiada ostrze ze stali 14C28N wyprodukowanej w Szwecji oraz r\u0119koje\u015b\u0107 z G10, zapewniaj\u0105c trwa\u0142e i niezawodne narz\u0119dzie tn\u0105ce do codziennych zada\u0144.<\/p>\n<p>Zaprojektowany do u\u017cytku ambidekstrycznego, odwracalny klips umo\u017cliwia \u0142atwy dost\u0119p zar\u00f3wno dla os\u00f3b prawor\u0119cznych, jak i lewor\u0119cznych, czyni\u0105c go doskona\u0142ym towarzyszem, niezale\u017cnie od preferencji r\u0119czno\u015bci. Mechanizm blokowania z ty\u0142u zapewnia bezpieczn\u0105 i niezawodn\u0105 blokad\u0119, gwarantuj\u0105c, \u017ce ostrze pozostanie na miejscu podczas u\u017cytkowania.<\/p>\n<p>Ca\u0142kowita d\u0142ugo\u015b\u0107 22 cm i d\u0142ugo\u015b\u0107 ostrza 9,4 cm sprawiaj\u0105, \u017ce PEAK \u2013 14C28N Black (One Hand) oferuje wygodny i daj\u0105cy si\u0119 kontrolowa\u0107 rozmiar, idealny do szerokiego zakresu zastosowa\u0144, od przyg\u00f3d na \u015bwie\u017cym powietrzu po codzienne zadania u\u017cytkowe. Wa\u017c\u0105c 115 g, ten n\u00f3\u017c zachowuje idealne proporcje mi\u0119dzy ci\u0119\u017carem a przeno\u015bno\u015bci\u0105, czyni\u0105c go niezawodnym i wszechstronnym wyborem do codziennego u\u017cytku.<\/p>\n<p>Wyposa\u017cony w ostrze 14C28N z satynowym wyko\u0144czeniem oraz eleganck\u0105 czarn\u0105 r\u0119koje\u015b\u0107 z G10, PEAK \u2013 14C28N Black (One Hand) nie tylko doskonale si\u0119 sprawdza, ale tak\u017ce cechuje si\u0119 stylowym i nowoczesnym wygl\u0105dem, kt\u00f3ry uzupe\u0142ni ka\u017cdy osobisty styl. Niezale\u017cnie od tego, czy jeste\u015b entuzjast\u0105 outdoor&#8217;u, majsterkowiczem, czy po prostu ceni\u0105cym dobrze wykonane narz\u0119dzie, Manly PEAK \u2013 14C28N Black (One Hand) to idealne uzupe\u0142nienie twojej kolekcji codziennego u\u017cytku.<\/p>\n","protected":false},"excerpt":{"rendered":"<p>Manly PEAK BLACK 14C28N &#8211; Rozs\u0105dnie wyceniony scyzoryk z hartowanej stali 14C28N, odwracany klips i blokada tylna.<\/p>\n","protected":false},"featured_media":685060,"template":"","meta":{"_acf_changed":false},"product_brand":[15091],"product_cat":[12608],"product_tag":[],"class_list":{"0":"post-681146","1":"product","2":"type-product","3":"status-publish","4":"has-post-thumbnail","6":"product_brand-manly-knives","7":"product_cat-edc","9":"first","10":"instock","11":"taxable","12":"shipping-taxable","13":"purchasable","14":"product-type-simple"},"acf":[],"_links":{"self":[{"href":"https:\/\/nbg.eu\/pl\/wp-json\/wp\/v2\/product\/681146","targetHints":{"allow":["GET"]}}],"collection":[{"href":"https:\/\/nbg.eu\/pl\/wp-json\/wp\/v2\/product"}],"about":[{"href":"https:\/\/nbg.eu\/pl\/wp-json\/wp\/v2\/types\/product"}],"wp:featuredmedia":[{"embeddable":true,"href":"https:\/\/nbg.eu\/pl\/wp-json\/wp\/v2\/media\/685060"}],"wp:attachment":[{"href":"https:\/\/nbg.eu\/pl\/wp-json\/wp\/v2\/media?parent=681146"}],"wp:term":[{"taxonomy":"product_brand","embeddable":true,"href":"https:\/\/nbg.eu\/pl\/wp-json\/wp\/v2\/product_brand?post=681146"},{"taxonomy":"product_cat","embeddable":true,"href":"https:\/\/nbg.eu\/pl\/wp-json\/wp\/v2\/product_cat?post=681146"},{"taxonomy":"product_tag","embeddable":true,"href":"https:\/\/nbg.eu\/pl\/wp-json\/wp\/v2\/product_tag?post=681146"}],"curies":[{"name":"wp","href":"https:\/\/api.w.org\/{rel}","templated":true}]}}