{"id":681518,"date":"2025-12-17T15:41:02","date_gmt":"2025-12-17T12:41:02","guid":{"rendered":"https:\/\/nbg.eu\/product\/manly-patriotka-d2-czarna\/"},"modified":"2026-01-21T11:39:36","modified_gmt":"2026-01-21T08:39:36","slug":"manly-patriotka-d2-czarna","status":"publish","type":"product","link":"https:\/\/nbg.eu\/pl\/produkt\/manly-patriotka-d2-czarna\/","title":{"rendered":"Manly PATRIOTKA D2 CZARNA"},"content":{"rendered":"<h2>Manly PATRIOT D2 BLACK: Codzienne wygoda i wszechstronna przydatno\u015b\u0107 w terenie<\/h2>\n<p>Przedstawiamy Manly PATRIOT D2 BLACK, n\u00f3\u017c z nieruchomym ostrzem, kt\u00f3ry \u0142\u0105czy udany projekt sk\u0142adanego no\u017ca Comrade z ulepszon\u0105 codzienn\u0105 praktyczno\u015bci\u0105. Wykonany z niemal identycznymi wymiarami, PATRIOT jest idealnym wyborem do szerokiej gamy zada\u0144, od codziennego u\u017cytku po polowania i kemping.<\/p>\n<p>Wyposa\u017cony w ostrze z satynowanej stali 1.2379 (D2), PATRIOT oferuje wyj\u0105tkow\u0105 wydajno\u015b\u0107 i trwa\u0142o\u015b\u0107. Konstrukcja pe\u0142nowymiarowa zapewnia niezawodn\u0105 wytrzyma\u0142o\u015b\u0107 i stabilno\u015b\u0107, czyni\u0105c z tego no\u017ca godnego zaufania towarzysza w ka\u017cdej sytuacji.<\/p>\n<p>Dost\u0119pny z wyborem uchwyt\u00f3w z G10 lub drewna orzechowego, PATRIOT zapewnia wygodny i pewny chwyt, zwi\u0119kszaj\u0105c jego wszechstronno\u015b\u0107 i przyjazno\u015b\u0107 w u\u017cytkowaniu. Kydex-owa pochwa oferuje bezpieczny i wygodny spos\u00f3b noszenia no\u017ca, zapewniaj\u0105c \u0142atwy dost\u0119p w razie potrzeby.<\/p>\n<p>Z ca\u0142kowit\u0105 d\u0142ugo\u015bci\u0105 21 cm i d\u0142ugo\u015bci\u0105 ostrza 9,1 cm, PATRIOT jest kompaktowym i zwinnym no\u017cem z nieruchomym ostrzem, kt\u00f3ry doskonale sprawdza si\u0119 w r\u00f3\u017cnorodnych zastosowaniach. Jego grubo\u015b\u0107 ostrza 4 mm i waga 126g zapewniaj\u0105 solidne i dobrze wywa\u017cone uczucie, czyni\u0105c z niego niezawodne narz\u0119dzie dla ka\u017cdego entuzjasty outdoor-u lub codziennego u\u017cytkownika.<\/p>\n<p>Niezale\u017cnie od tego, czy zajmujesz si\u0119 wyprawami w teren, kempingiem, polowaniami, czy po prostu potrzebujesz niezawodnego no\u017ca codziennego u\u017cytku, Manly PATRIOT D2 BLACK jest idealnym wyborem. \u0141\u0105cz\u0105c funkcjonalno\u015b\u0107, trwa\u0142o\u015b\u0107 i nowoczesny design, ten n\u00f3\u017c z nieruchomym ostrzem jest niezb\u0119dny dla tych, kt\u00f3rzy poszukuj\u0105 wszechstronnego i niezawodnego narz\u0119dzia do ci\u0119cia.<\/p>\n","protected":false},"excerpt":{"rendered":"<p>Manly PATRIOT D2 CZARNY: n\u00f3\u017c sta\u0142y na co dzie\u0144, ca\u0142kowita d\u0142ugo\u015b\u0107 21 cm, ostrze ze stali D2 o d\u0142ugo\u015bci 9,1 cm, 126 g, r\u0119koje\u015b\u0107 G10.<\/p>\n","protected":false},"featured_media":681697,"template":"","meta":{"_acf_changed":false},"product_brand":[15091],"product_cat":[2876],"product_tag":[],"class_list":{"0":"post-681518","1":"product","2":"type-product","3":"status-publish","4":"has-post-thumbnail","6":"product_brand-manly-knives","7":"product_cat-rahohvatki","9":"first","10":"instock","11":"taxable","12":"shipping-taxable","13":"purchasable","14":"product-type-simple"},"acf":[],"_links":{"self":[{"href":"https:\/\/nbg.eu\/pl\/wp-json\/wp\/v2\/product\/681518","targetHints":{"allow":["GET"]}}],"collection":[{"href":"https:\/\/nbg.eu\/pl\/wp-json\/wp\/v2\/product"}],"about":[{"href":"https:\/\/nbg.eu\/pl\/wp-json\/wp\/v2\/types\/product"}],"wp:featuredmedia":[{"embeddable":true,"href":"https:\/\/nbg.eu\/pl\/wp-json\/wp\/v2\/media\/681697"}],"wp:attachment":[{"href":"https:\/\/nbg.eu\/pl\/wp-json\/wp\/v2\/media?parent=681518"}],"wp:term":[{"taxonomy":"product_brand","embeddable":true,"href":"https:\/\/nbg.eu\/pl\/wp-json\/wp\/v2\/product_brand?post=681518"},{"taxonomy":"product_cat","embeddable":true,"href":"https:\/\/nbg.eu\/pl\/wp-json\/wp\/v2\/product_cat?post=681518"},{"taxonomy":"product_tag","embeddable":true,"href":"https:\/\/nbg.eu\/pl\/wp-json\/wp\/v2\/product_tag?post=681518"}],"curies":[{"name":"wp","href":"https:\/\/api.w.org\/{rel}","templated":true}]}}