{"id":681776,"date":"2025-12-17T15:55:16","date_gmt":"2025-12-17T12:55:16","guid":{"rendered":"https:\/\/nbg.eu\/product\/manly-city-orange-cpm-s90v\/"},"modified":"2026-01-21T12:29:09","modified_gmt":"2026-01-21T09:29:09","slug":"manly-city-orange-cpm-s90v","status":"publish","type":"product","link":"https:\/\/nbg.eu\/pl\/produkt\/manly-city-orange-cpm-s90v\/","title":{"rendered":"Manly City Orange CPM S90V"},"content":{"rendered":"<h2>Manly City CPM S90V &#8211; N\u00f3\u017c sk\u0142adany do codziennego u\u017cytku<\/h2>\n<p>Jak sugeruje jego nazwa, Manly City CPM S90V jest wyj\u0105tkowym no\u017cem do codziennego u\u017cytku w mie\u015bcie. Wpisuje si\u0119 on w filozofi\u0119 Manly, oferuj\u0105c\u0105 u\u017cytkownikom starannie wybrane, wysokiej jako\u015bci materia\u0142y w rozs\u0105dnej cenie. Pe\u0142nowypuk\u0142a g\u0142owica wykonana jest ze stali CPM S90V o twardo\u015bci Rockwella 60-62 HRC, zapewniaj\u0105c wyj\u0105tkow\u0105 trwa\u0142o\u015b\u0107 ostrza i odporno\u015b\u0107 na korozj\u0119.<\/p>\n<p>Zaprojektowany do u\u017cytku ambidekstrycznego, ten model wyposa\u017cony jest w odwracany klips do kieszeni i podw\u00f3jne po\u0142o\u017cenie sworznia, co czyni go odpowiednim zar\u00f3wno dla lewor\u0119cznych, jak i prawor\u0119cznych u\u017cytkownik\u00f3w. R\u0119koje\u015b\u0107 wykonana z G10 zapewnia bezpieczny i wygodny chwyt, a mechanizm otwierania jedn\u0105 r\u0119k\u0105 i blokada na tylnej spr\u0119\u017cynie gwarantuj\u0105 niezawodn\u0105 obs\u0142ug\u0119.<\/p>\n<p>Przy ca\u0142kowitej d\u0142ugo\u015bci 17,7 cm i d\u0142ugo\u015bci ostrza 7,0 cm, Manly City CPM S90V jest wszechstronnym no\u017cem do codziennego u\u017cytku, \u0142\u0105cz\u0105cym wysokiej jako\u015bci materia\u0142y, wyj\u0105tkow\u0105 wydajno\u015b\u0107 i przyjazne dla u\u017cytkownika funkcje. Wa\u017c\u0105cy tylko 95 g, jest on lekkim i \u0142atwo przeno\u015bnym towarzyszem do r\u00f3\u017cnorodnych codziennych zada\u0144.<\/p>\n","protected":false},"excerpt":{"rendered":"<p>N\u00f3\u017c EDC do codziennego noszenia. Ostrze ze stali CPM S90V, r\u0119koje\u015b\u0107 G10, odwracaj\u0105cy si\u0119 zaczep, odpowiedni dla lewo- i prawor\u0119cznych.<\/p>\n","protected":false},"featured_media":681893,"template":"","meta":{"_acf_changed":false},"product_brand":[15091],"product_cat":[12608],"product_tag":[],"class_list":{"0":"post-681776","1":"product","2":"type-product","3":"status-publish","4":"has-post-thumbnail","6":"product_brand-manly-knives","7":"product_cat-edc","9":"first","10":"instock","11":"taxable","12":"shipping-taxable","13":"purchasable","14":"product-type-simple"},"acf":[],"_links":{"self":[{"href":"https:\/\/nbg.eu\/pl\/wp-json\/wp\/v2\/product\/681776","targetHints":{"allow":["GET"]}}],"collection":[{"href":"https:\/\/nbg.eu\/pl\/wp-json\/wp\/v2\/product"}],"about":[{"href":"https:\/\/nbg.eu\/pl\/wp-json\/wp\/v2\/types\/product"}],"wp:featuredmedia":[{"embeddable":true,"href":"https:\/\/nbg.eu\/pl\/wp-json\/wp\/v2\/media\/681893"}],"wp:attachment":[{"href":"https:\/\/nbg.eu\/pl\/wp-json\/wp\/v2\/media?parent=681776"}],"wp:term":[{"taxonomy":"product_brand","embeddable":true,"href":"https:\/\/nbg.eu\/pl\/wp-json\/wp\/v2\/product_brand?post=681776"},{"taxonomy":"product_cat","embeddable":true,"href":"https:\/\/nbg.eu\/pl\/wp-json\/wp\/v2\/product_cat?post=681776"},{"taxonomy":"product_tag","embeddable":true,"href":"https:\/\/nbg.eu\/pl\/wp-json\/wp\/v2\/product_tag?post=681776"}],"curies":[{"name":"wp","href":"https:\/\/api.w.org\/{rel}","templated":true}]}}