{"id":682132,"date":"2026-01-08T18:13:52","date_gmt":"2026-01-08T15:13:52","guid":{"rendered":"https:\/\/nbg.eu\/product\/wojskowe-miasto-manly-14c28n\/"},"modified":"2026-01-21T11:41:31","modified_gmt":"2026-01-21T08:41:31","slug":"wojskowe-miasto-manly-14c28n","status":"publish","type":"product","link":"https:\/\/nbg.eu\/pl\/produkt\/wojskowe-miasto-manly-14c28n\/","title":{"rendered":"Wojskowe Miasto Manly 14C28N"},"content":{"rendered":"<h2>Manly City Military 14C28N: Nadzwyczajny n\u00f3\u017c do codziennego u\u017cytku<\/h2>\n<p>Manly City Military 14C28N to nadzwyczajny n\u00f3\u017c do codziennego u\u017cytku w mie\u015bcie, kt\u00f3ry uciele\u015bnia nasz\u0105 filozofi\u0119 oferowania starannie wyselekcjonowanych podstawowych materia\u0142\u00f3w w rozs\u0105dnej cenie. Z p\u0142ask\u0105 pe\u0142n\u0105 kraw\u0119dzi\u0105 wykonan\u0105 ze stali Sandvik 14C28N, ten model zosta\u0142 zaprojektowany z my\u015bl\u0105 o uniwersalno\u015bci i wygodzie.<\/p>\n<p>Wyposa\u017cony w odwracany klips i podw\u00f3jn\u0105 pozycj\u0119 trzpienia, Manly City Military 14C28N jest odpowiedni zar\u00f3wno dla os\u00f3b lewo-, jak i prawor\u0119cznych, zapewniaj\u0105c wygodny i dostosowywany uchwyt. Materia\u0142 r\u0119koje\u015bci G10 zapewnia bezpieczny i trwa\u0142y chwyt, a mechanizm otwierania jedn\u0105 r\u0119k\u0105 i blokowanie gwarantuj\u0105 p\u0142ynn\u0105 i niezawodn\u0105 obs\u0142ug\u0119.<\/p>\n<p>Specyfikacja techniczna:<\/p>\n<ul>\n<li>Model: CITY 14C28N Military Green Flat Handle<\/li>\n<li>Typ: N\u00f3\u017c sk\u0142adany<\/li>\n<li>Ca\u0142kowita d\u0142ugo\u015b\u0107: 17,7 cm<\/li>\n<li>D\u0142ugo\u015b\u0107 ostrza: 7,0 cm<\/li>\n<li>D\u0142ugo\u015b\u0107 w pozycji z\u0142o\u017conej: 10,5 cm<\/li>\n<li>Grubo\u015b\u0107 ostrza: 2,7 mm<\/li>\n<li>Waga: 95 g<\/li>\n<li>Materia\u0142 ostrza: 14C28N<\/li>\n<li>Materia\u0142 r\u0119koje\u015bci: G10<\/li>\n<li>Otwieranie: Bolec naci\u0105gowy<\/li>\n<li>Otwieranie: jedn\u0105 r\u0119k\u0105<\/li>\n<li>Typ blokady: Blokada tylna<\/li>\n<\/ul>\n","protected":false},"excerpt":{"rendered":"<p>Miejski n\u00f3\u017c wojskowy Manly City 14C28N to wyj\u0105tkowy n\u00f3\u017c do codziennego u\u017cytku wykonany ze stali Sandvik 14C28N i r\u0119koje\u015bci G10, odpowiedni dla lewo- i prawor\u0119cznych.<\/p>\n","protected":false},"featured_media":682301,"template":"","meta":{"_acf_changed":false},"product_brand":[15091],"product_cat":[12608],"product_tag":[],"class_list":{"0":"post-682132","1":"product","2":"type-product","3":"status-publish","4":"has-post-thumbnail","6":"product_brand-manly-knives","7":"product_cat-edc","9":"first","10":"instock","11":"taxable","12":"shipping-taxable","13":"purchasable","14":"product-type-simple"},"acf":[],"_links":{"self":[{"href":"https:\/\/nbg.eu\/pl\/wp-json\/wp\/v2\/product\/682132","targetHints":{"allow":["GET"]}}],"collection":[{"href":"https:\/\/nbg.eu\/pl\/wp-json\/wp\/v2\/product"}],"about":[{"href":"https:\/\/nbg.eu\/pl\/wp-json\/wp\/v2\/types\/product"}],"wp:featuredmedia":[{"embeddable":true,"href":"https:\/\/nbg.eu\/pl\/wp-json\/wp\/v2\/media\/682301"}],"wp:attachment":[{"href":"https:\/\/nbg.eu\/pl\/wp-json\/wp\/v2\/media?parent=682132"}],"wp:term":[{"taxonomy":"product_brand","embeddable":true,"href":"https:\/\/nbg.eu\/pl\/wp-json\/wp\/v2\/product_brand?post=682132"},{"taxonomy":"product_cat","embeddable":true,"href":"https:\/\/nbg.eu\/pl\/wp-json\/wp\/v2\/product_cat?post=682132"},{"taxonomy":"product_tag","embeddable":true,"href":"https:\/\/nbg.eu\/pl\/wp-json\/wp\/v2\/product_tag?post=682132"}],"curies":[{"name":"wp","href":"https:\/\/api.w.org\/{rel}","templated":true}]}}