{"id":682368,"date":"2026-01-09T22:09:00","date_gmt":"2026-01-09T19:09:00","guid":{"rendered":"https:\/\/nbg.eu\/product\/manly-city-g10-black-s90v\/"},"modified":"2026-01-21T12:28:45","modified_gmt":"2026-01-21T09:28:45","slug":"manly-city-g10-black-s90v","status":"publish","type":"product","link":"https:\/\/nbg.eu\/pl\/produkt\/manly-city-g10-black-s90v\/","title":{"rendered":"Manly City G10 Black S90V"},"content":{"rendered":"<h2>N\u00f3\u017c codziennego u\u017cytku Manly City G10 Black S90V<\/h2>\n<p>Jak sugeruje jego nazwa, n\u00f3\u017c Manly City G10 Black S90V jest wyj\u0105tkowym no\u017cem do codziennego u\u017cytku w mie\u015bcie. Wykonany zgodnie z nasz\u0105 filozofi\u0105 oferowania u\u017cytkownikom starannie wybranych, wysokiej jako\u015bci materia\u0142\u00f3w w przyst\u0119pnej cenie, ten sk\u0142adany n\u00f3\u017c szczyci si\u0119 pe\u0142nym ostrzem wykonanym ze stali CPM S90V o twardo\u015bci Rockwella 60-62 HRC. Jego odwracany klips kieszonkowy i podw\u00f3jna pozycja sworznia sprawiaj\u0105, \u017ce nadaje si\u0119 on zar\u00f3wno dla u\u017cytkownik\u00f3w prawo-, jak i lewor\u0119cznych.<\/p>\n<p>Mierz\u0105cy w sumie 17,7 cm d\u0142ugo\u015bci, z 7,0 cm ostrzem i 10,5 cm d\u0142ugo\u015bci\u0105 w pozycji z\u0142o\u017conej, n\u00f3\u017c ten charakteryzuje si\u0119 ostrzem o grubo\u015bci 2,7 mm i wa\u017cy zaledwie 95 g. R\u0119koje\u015b\u0107 wykonana jest z wytrzyma\u0142ego materia\u0142u 3D G10, a n\u00f3\u017c mo\u017cna otwiera\u0107 jedn\u0105 r\u0119k\u0105 za pomoc\u0105 guzika. Solidny mechanizm blokady gwarantuje bezpieczne i niezawodne rozk\u0142adanie ostrza.<\/p>\n<p>Dost\u0119pny w eleganckim, czarnym kolorze, n\u00f3\u017c Manly City G10 Black S90V to idealna codziennie noszona przywieszka, \u0142\u0105cz\u0105ca w sobie wysok\u0105 wydajno\u015b\u0107 i jako\u015b\u0107 wykonania w przyst\u0119pnej cenie.<\/p>\n","protected":false},"excerpt":{"rendered":"<p>Wyj\u0105tkowy codzienny n\u00f3\u017c miejski z ostrzem CPM S90V, r\u0119koje\u015bci\u0105 3D G10 i odwracaj\u0105cym si\u0119 klipsem.<\/p>\n","protected":false},"featured_media":682579,"template":"","meta":{"_acf_changed":false},"product_brand":[15091],"product_cat":[12608,15386,15364],"product_tag":[],"class_list":{"0":"post-682368","1":"product","2":"type-product","3":"status-publish","4":"has-post-thumbnail","6":"product_brand-manly-knives","7":"product_cat-edc","8":"product_cat-folding-knives-pl","9":"product_cat-knives-pl","11":"first","12":"outofstock","13":"taxable","14":"shipping-taxable","15":"purchasable","16":"product-type-simple"},"acf":[],"_links":{"self":[{"href":"https:\/\/nbg.eu\/pl\/wp-json\/wp\/v2\/product\/682368","targetHints":{"allow":["GET"]}}],"collection":[{"href":"https:\/\/nbg.eu\/pl\/wp-json\/wp\/v2\/product"}],"about":[{"href":"https:\/\/nbg.eu\/pl\/wp-json\/wp\/v2\/types\/product"}],"wp:featuredmedia":[{"embeddable":true,"href":"https:\/\/nbg.eu\/pl\/wp-json\/wp\/v2\/media\/682579"}],"wp:attachment":[{"href":"https:\/\/nbg.eu\/pl\/wp-json\/wp\/v2\/media?parent=682368"}],"wp:term":[{"taxonomy":"product_brand","embeddable":true,"href":"https:\/\/nbg.eu\/pl\/wp-json\/wp\/v2\/product_brand?post=682368"},{"taxonomy":"product_cat","embeddable":true,"href":"https:\/\/nbg.eu\/pl\/wp-json\/wp\/v2\/product_cat?post=682368"},{"taxonomy":"product_tag","embeddable":true,"href":"https:\/\/nbg.eu\/pl\/wp-json\/wp\/v2\/product_tag?post=682368"}],"curies":[{"name":"wp","href":"https:\/\/api.w.org\/{rel}","templated":true}]}}