{"id":682602,"date":"2026-01-09T22:08:59","date_gmt":"2026-01-09T19:08:59","guid":{"rendered":"https:\/\/nbg.eu\/product\/miejski-czarny-14c28n\/"},"modified":"2026-01-21T12:29:38","modified_gmt":"2026-01-21T09:29:38","slug":"miejski-czarny-14c28n","status":"publish","type":"product","link":"https:\/\/nbg.eu\/pl\/produkt\/miejski-czarny-14c28n\/","title":{"rendered":"Miejski Czarny 14C28N"},"content":{"rendered":"<h2>Manly City Black 14C28N: Wyj\u0105tkowy n\u00f3\u017c miejski na co dzie\u0144<\/h2>\n<p>Manly City Black 14C28N to wyj\u0105tkowy n\u00f3\u017c miejski na co dzie\u0144, kt\u00f3ry uciele\u015bnia nasz\u0105 filozofi\u0119 oferowania u\u017cytkownikom starannie wyselekcjonowanych podstawowych materia\u0142\u00f3w w rozs\u0105dnej cenie. Wyposa\u017cony w p\u0142askie ostrze wykonane z trwa\u0142ej stali Sandvik 14C28N, ten sk\u0142adany n\u00f3\u017c jest zaprojektowany, aby by\u0107 niezawodnym towarzyszem w codziennych zadaniach.<\/p>\n<p>Ca\u0142kowita d\u0142ugo\u015b\u0107 17,7 cm i d\u0142ugo\u015b\u0107 ostrza 7,0 cm sprawiaj\u0105, \u017ce Manly City Black 14C28N jest kompaktowym i wszechstronnym narz\u0119dziem. Po z\u0142o\u017ceniu mierzy 10,5 cm, co u\u0142atwia przenoszenie i przechowywanie. Grubo\u015b\u0107 ostrza 2,7 mm i ca\u0142kowita waga 95 g zapewniaj\u0105 zr\u00f3wnowa\u017cone i wygodne do\u015bwiadczenie u\u017cytkowania.<\/p>\n<p>Jedn\u0105 z wyr\u00f3\u017cniaj\u0105cych si\u0119 cech tego no\u017ca jest jego odwracaj\u0105cy si\u0119 klips, kt\u00f3ry czyni go odpowiednim zar\u00f3wno dla lewor\u0119cznych, jak i prawor\u0119cznych u\u017cytkownik\u00f3w. Materia\u0142 r\u0119koje\u015bci jest wykonany z trwa\u0142ego G10, zapewniaj\u0105c bezpieczny i antypo\u015blizgowy chwyt, nawet w mokrych lub wymagaj\u0105cych warunkach.<\/p>\n<p>Wyposa\u017cony w mechanizm otwierania dwoma r\u0119kami i niezawodny mechanizm blokuj\u0105cy, Manly City Black 14C28N oferuje bezpieczn\u0105 i pewn\u0105 obs\u0142ug\u0119, zapewniaj\u0105c, \u017ce Twoje zadania tn\u0105ce b\u0119d\u0105 wykonywane z pewno\u015bci\u0105 i precyzj\u0105. Elegancka, czarna kolorystyka dodaje no\u017cowi nowoczesnego i wyrafinowanego wygl\u0105du, czyni\u0105c go stylowym wyborem na co dzie\u0144.<\/p>\n","protected":false},"excerpt":{"rendered":"<p>Manly City Black 14C28N to wyj\u0105tkowy n\u00f3\u017c miejski do codziennego u\u017cytku z pe\u0142n\u0105, p\u0142ask\u0105 kraw\u0119dzi\u0105 ze stali Sandvik 14C28N oraz odwracalnym klipsem na lew\u0105 lub praw\u0105 r\u0119k\u0119.<\/p>\n","protected":false},"featured_media":682885,"template":"","meta":{"_acf_changed":false},"product_brand":[15091],"product_cat":[12608,15386,15364],"product_tag":[],"class_list":{"0":"post-682602","1":"product","2":"type-product","3":"status-publish","4":"has-post-thumbnail","6":"product_brand-manly-knives","7":"product_cat-edc","8":"product_cat-folding-knives-pl","9":"product_cat-knives-pl","11":"first","12":"instock","13":"taxable","14":"shipping-taxable","15":"purchasable","16":"product-type-simple"},"acf":[],"_links":{"self":[{"href":"https:\/\/nbg.eu\/pl\/wp-json\/wp\/v2\/product\/682602","targetHints":{"allow":["GET"]}}],"collection":[{"href":"https:\/\/nbg.eu\/pl\/wp-json\/wp\/v2\/product"}],"about":[{"href":"https:\/\/nbg.eu\/pl\/wp-json\/wp\/v2\/types\/product"}],"wp:featuredmedia":[{"embeddable":true,"href":"https:\/\/nbg.eu\/pl\/wp-json\/wp\/v2\/media\/682885"}],"wp:attachment":[{"href":"https:\/\/nbg.eu\/pl\/wp-json\/wp\/v2\/media?parent=682602"}],"wp:term":[{"taxonomy":"product_brand","embeddable":true,"href":"https:\/\/nbg.eu\/pl\/wp-json\/wp\/v2\/product_brand?post=682602"},{"taxonomy":"product_cat","embeddable":true,"href":"https:\/\/nbg.eu\/pl\/wp-json\/wp\/v2\/product_cat?post=682602"},{"taxonomy":"product_tag","embeddable":true,"href":"https:\/\/nbg.eu\/pl\/wp-json\/wp\/v2\/product_tag?post=682602"}],"curies":[{"name":"wp","href":"https:\/\/api.w.org\/{rel}","templated":true}]}}