{"id":682904,"date":"2026-01-08T18:15:12","date_gmt":"2026-01-08T15:15:12","guid":{"rendered":"https:\/\/nbg.eu\/product\/manly-blaze-walnut-wood-rwl-34\/"},"modified":"2026-01-21T12:28:45","modified_gmt":"2026-01-21T09:28:45","slug":"manly-blaze-walnut-wood-rwl-34","status":"publish","type":"product","link":"https:\/\/nbg.eu\/pl\/produkt\/manly-blaze-walnut-wood-rwl-34\/","title":{"rendered":"Manly Blaze Walnut Wood RWL-34"},"content":{"rendered":"<h2>Blaze RWL-34 Walnut: Idealne ostrze do pracy w terenie<\/h2>\n<p>Z wklepanym ostrzem i pe\u0142nym hartowaniem, n\u00f3\u017c Blaze RWL-34 Walnut jest najlepszym wyborem dla niezawodnej wydajno\u015bci na \u0142onie natury. Wykonany z dba\u0142o\u015bci\u0105 o szczeg\u00f3\u0142y, ten n\u00f3\u017c jest idealnym towarzyszem dla Twoich wypraw kempingowych, w\u0119dkarskich lub wysokog\u00f3rskich.<\/p>\n<p>R\u0119koje\u015b\u0107 wykonana jest z bu\u0142garskiego orzecha, zapewniaj\u0105c wygodny i pewny chwyt, nawet w najtrudniejszych warunkach. Czy potrzebujesz przeci\u0105\u0107 g\u0119st\u0105 ro\u015blinno\u015b\u0107, przygotowa\u0107 sw\u00f3j po\u0142\u00f3w, czy wykona\u0107 niezb\u0119dne czynno\u015bci przetrwania, Blaze RWL-34 Walnut sprostaje wyzwaniu.<\/p>\n<p>Z ostrzem o grubo\u015bci 4 mm wykonanym z wysokiej jako\u015bci stali RWL-34, n\u00f3\u017c ten ma twardo\u015b\u0107 ostrza 62 HRC, zapewniaj\u0105c wyj\u0105tkow\u0105 trwa\u0142o\u015b\u0107 i zachowanie kraw\u0119dzi. Z ca\u0142kowit\u0105 d\u0142ugo\u015bci\u0105 24,5 cm i d\u0142ugo\u015bci\u0105 ostrza 11,9 cm, Blaze RWL-34 Walnut oferuje idealn\u0105 r\u00f3wnowag\u0119 mi\u0119dzy rozmiarem a manewrowo\u015bci\u0105.<\/p>\n<p>Wa\u017c\u0105c tylko 210 gram\u00f3w, ten n\u00f3\u017c jest \u0142atwy do noszenia i nie b\u0119dzie Ci\u0119 obci\u0105\u017ca\u0107, czyni\u0105c go idealnym towarzyszem Twoich przyg\u00f3d na \u015bwie\u017cym powietrzu. Do\u0142\u0105czone sk\u00f3rzane etui zapewnia dodatkow\u0105 warstw\u0119 ochrony i wygody, pozwalaj\u0105c Ci mie\u0107 Tw\u00f3j Blaze RWL-34 Walnut zawsze pod r\u0119k\u0105.<\/p>\n","protected":false},"excerpt":{"rendered":"<p>N\u00f3\u017c survivalowy Blaze RWL-34 Walnut z r\u0119koje\u015bci\u0105 z drewna orzechowego i ostrzem o twardo\u015bci 62 HRC.<\/p>\n","protected":false},"featured_media":683194,"template":"","meta":{"_acf_changed":false},"product_brand":[15091],"product_cat":[15364],"product_tag":[],"class_list":{"0":"post-682904","1":"product","2":"type-product","3":"status-publish","4":"has-post-thumbnail","6":"product_brand-manly-knives","7":"product_cat-knives-pl","9":"first","10":"instock","11":"taxable","12":"shipping-taxable","13":"purchasable","14":"product-type-simple"},"acf":[],"_links":{"self":[{"href":"https:\/\/nbg.eu\/pl\/wp-json\/wp\/v2\/product\/682904","targetHints":{"allow":["GET"]}}],"collection":[{"href":"https:\/\/nbg.eu\/pl\/wp-json\/wp\/v2\/product"}],"about":[{"href":"https:\/\/nbg.eu\/pl\/wp-json\/wp\/v2\/types\/product"}],"wp:featuredmedia":[{"embeddable":true,"href":"https:\/\/nbg.eu\/pl\/wp-json\/wp\/v2\/media\/683194"}],"wp:attachment":[{"href":"https:\/\/nbg.eu\/pl\/wp-json\/wp\/v2\/media?parent=682904"}],"wp:term":[{"taxonomy":"product_brand","embeddable":true,"href":"https:\/\/nbg.eu\/pl\/wp-json\/wp\/v2\/product_brand?post=682904"},{"taxonomy":"product_cat","embeddable":true,"href":"https:\/\/nbg.eu\/pl\/wp-json\/wp\/v2\/product_cat?post=682904"},{"taxonomy":"product_tag","embeddable":true,"href":"https:\/\/nbg.eu\/pl\/wp-json\/wp\/v2\/product_tag?post=682904"}],"curies":[{"name":"wp","href":"https:\/\/api.w.org\/{rel}","templated":true}]}}