{"id":683268,"date":"2025-12-17T17:30:35","date_gmt":"2025-12-17T14:30:35","guid":{"rendered":"https:\/\/nbg.eu\/product\/manly-blaze-black-g10-rwl-34\/"},"modified":"2026-01-21T11:41:30","modified_gmt":"2026-01-21T08:41:30","slug":"manly-blaze-black-g10-rwl-34","status":"publish","type":"product","link":"https:\/\/nbg.eu\/pl\/produkt\/manly-blaze-black-g10-rwl-34\/","title":{"rendered":"Manly Blaze Black G10 RWL-34"},"content":{"rendered":"<h2>Manly Blaze Black G10 RWL-34 &#8211; Najlepszy n\u00f3\u017c do bushcraftu<\/h2>\n<p>Blaze RWL-34 Black to idealny n\u00f3\u017c do bushcraftu. Z pe\u0142nym trzpieniem i konstrukcj\u0105 z najwy\u017cszej jako\u015bci stali proszkowej RWL-34, trwa\u0142o\u015b\u0107 tego no\u017ca jest gwarantowana. R\u0119koje\u015b\u0107 wykonana jest z teksturowanego czarnego materia\u0142u G10, odpornego na korozj\u0119. N\u00f3\u017c mo\u017cna \u0142atwo wyj\u0105\u0107 z pochwy (wykonanej z kydex) jednym ruchem r\u0119ki, a mocowanie na pasek mo\u017ce by\u0107 poziome lub pionowe.<\/p>\n<p>Je\u015bli potrzebujesz niezawodnego no\u017ca w g\u00f3rach, na kempingu lub na rybach, Blaze jest dla Ciebie.<\/p>\n<h2>Specyfikacja techniczna<\/h2>\n<p>Nazwa: Blaze \u2013 RWL-34 Black<br \/>\nTyp: Sta\u0142y ostrze<br \/>\nCa\u0142kowita d\u0142ugo\u015b\u0107: 24,5 cm<br \/>\nD\u0142ugo\u015b\u0107 ostrza: 11,9 cm<br \/>\nGrubo\u015b\u0107 ostrza: 4 mm<br \/>\nTwardo\u015b\u0107 ostrza: 62 hrc<br \/>\nWaga: 210g<br \/>\nMateria\u0142 ostrza: RWL-34<br \/>\nMateria\u0142 r\u0119koje\u015bci: G10<br \/>\nMateria\u0142 pochwy: Kydex<\/p>\n","protected":false},"excerpt":{"rendered":"<p>Blaze RWL-34 Czarny: idealna n\u00f3\u017c survivalowy z tward\u0105 ostrz\u0105, pe\u0142nym trzpieniem i stali proszkowej RWL-34.<\/p>\n","protected":false},"featured_media":683288,"template":"","meta":{"_acf_changed":false},"product_brand":[15091],"product_cat":[2876],"product_tag":[],"class_list":{"0":"post-683268","1":"product","2":"type-product","3":"status-publish","4":"has-post-thumbnail","6":"product_brand-manly-knives","7":"product_cat-rahohvatki","9":"first","10":"instock","11":"taxable","12":"shipping-taxable","13":"purchasable","14":"product-type-simple"},"acf":[],"_links":{"self":[{"href":"https:\/\/nbg.eu\/pl\/wp-json\/wp\/v2\/product\/683268","targetHints":{"allow":["GET"]}}],"collection":[{"href":"https:\/\/nbg.eu\/pl\/wp-json\/wp\/v2\/product"}],"about":[{"href":"https:\/\/nbg.eu\/pl\/wp-json\/wp\/v2\/types\/product"}],"wp:featuredmedia":[{"embeddable":true,"href":"https:\/\/nbg.eu\/pl\/wp-json\/wp\/v2\/media\/683288"}],"wp:attachment":[{"href":"https:\/\/nbg.eu\/pl\/wp-json\/wp\/v2\/media?parent=683268"}],"wp:term":[{"taxonomy":"product_brand","embeddable":true,"href":"https:\/\/nbg.eu\/pl\/wp-json\/wp\/v2\/product_brand?post=683268"},{"taxonomy":"product_cat","embeddable":true,"href":"https:\/\/nbg.eu\/pl\/wp-json\/wp\/v2\/product_cat?post=683268"},{"taxonomy":"product_tag","embeddable":true,"href":"https:\/\/nbg.eu\/pl\/wp-json\/wp\/v2\/product_tag?post=683268"}],"curies":[{"name":"wp","href":"https:\/\/api.w.org\/{rel}","templated":true}]}}