{"id":683362,"date":"2025-12-17T17:40:13","date_gmt":"2025-12-17T14:40:13","guid":{"rendered":"https:\/\/nbg.eu\/product\/manly-blaze-czarny-g10-d2\/"},"modified":"2026-01-21T11:39:01","modified_gmt":"2026-01-21T08:39:01","slug":"manly-blaze-czarny-g10-d2","status":"publish","type":"product","link":"https:\/\/nbg.eu\/pl\/produkt\/manly-blaze-czarny-g10-d2\/","title":{"rendered":"Manly Blaze Czarny G10 D2"},"content":{"rendered":"<h2>N\u00f3\u017c Blaze D2 Black: Niezawodny n\u00f3\u017c survivalowy do przyg\u00f3d na \u015bwie\u017cym powietrzu<\/h2>\n<p>N\u00f3\u017c Blaze D2 Black to idealna bro\u0144 survivalowa, zaprojektowana do wytrzyma\u0142ego u\u017cytku na zewn\u0105trz. Dzi\u0119ki sta\u0142emu ostrzu i konstrukcji pe\u0142nego trzonu, ten n\u00f3\u017c oferuje niezr\u00f3wnan\u0105 stabilno\u015b\u0107 i wytrzyma\u0142o\u015b\u0107, zapewniaj\u0105c, \u017ce poradzi sobie z najtrudniejszymi zadaniami. Teksturowana czarna r\u0119koje\u015b\u0107 G10 jest odporna na korozj\u0119, zapewniaj\u0105c pewny chwyt nawet w wilgotnych warunkach.<\/p>\n<p>Blaze mo\u017cna \u0142atwo wyj\u0105\u0107 z kydeksowej pochwy jedn\u0105 r\u0119k\u0105, umo\u017cliwiaj\u0105c szybki dost\u0119p, gdy jest najbardziej potrzebny. Wszechstronny mocowani na pasek mo\u017ce by\u0107 ustawiony poziomo lub pionowo, u\u0142atwiaj\u0105c noszenie podczas przyg\u00f3d.<\/p>\n<p>Czy to radzenie sobie z wyzwaniami w dzikim terenie, camping czy w\u0119dkarstwo, n\u00f3\u017c Blaze D2 Black jest niezawodnym towarzyszem, na kt\u00f3rym mo\u017cesz polega\u0107. Wykonany z precyzj\u0105, ten n\u00f3\u017c ma twardo\u015b\u0107 ostrza 61 HRC, zapewniaj\u0105c, \u017ce poradzi sobie z szerok\u0105 gam\u0105 zada\u0144 z \u0142atwo\u015bci\u0105. Dzi\u0119ki materia\u0142owi ostrza 1.2379 (D2) i solidnej konstrukcji, Blaze D2 Black jest zbudowany na lata, czyni\u0105c go niezb\u0119dnym narz\u0119dziem dla ka\u017cdego entuzjasty outdooru.<\/p>\n","protected":false},"excerpt":{"rendered":"<p>Blaze D2 Black &#8211; idealna n\u00f3\u017c do bushcraftu. R\u0119koje\u015b\u0107 z teksturowanego G10, ostrze ze stali D2, pochwa z kydexu.<\/p>\n","protected":false},"featured_media":683408,"template":"","meta":{"_acf_changed":false},"product_brand":[15091],"product_cat":[2876],"product_tag":[],"class_list":{"0":"post-683362","1":"product","2":"type-product","3":"status-publish","4":"has-post-thumbnail","6":"product_brand-manly-knives","7":"product_cat-rahohvatki","9":"first","10":"instock","11":"taxable","12":"shipping-taxable","13":"purchasable","14":"product-type-simple"},"acf":[],"_links":{"self":[{"href":"https:\/\/nbg.eu\/pl\/wp-json\/wp\/v2\/product\/683362","targetHints":{"allow":["GET"]}}],"collection":[{"href":"https:\/\/nbg.eu\/pl\/wp-json\/wp\/v2\/product"}],"about":[{"href":"https:\/\/nbg.eu\/pl\/wp-json\/wp\/v2\/types\/product"}],"wp:featuredmedia":[{"embeddable":true,"href":"https:\/\/nbg.eu\/pl\/wp-json\/wp\/v2\/media\/683408"}],"wp:attachment":[{"href":"https:\/\/nbg.eu\/pl\/wp-json\/wp\/v2\/media?parent=683362"}],"wp:term":[{"taxonomy":"product_brand","embeddable":true,"href":"https:\/\/nbg.eu\/pl\/wp-json\/wp\/v2\/product_brand?post=683362"},{"taxonomy":"product_cat","embeddable":true,"href":"https:\/\/nbg.eu\/pl\/wp-json\/wp\/v2\/product_cat?post=683362"},{"taxonomy":"product_tag","embeddable":true,"href":"https:\/\/nbg.eu\/pl\/wp-json\/wp\/v2\/product_tag?post=683362"}],"curies":[{"name":"wp","href":"https:\/\/api.w.org\/{rel}","templated":true}]}}