{"id":683431,"date":"2025-12-17T18:06:26","date_gmt":"2025-12-17T15:06:26","guid":{"rendered":"https:\/\/nbg.eu\/product\/nocpix-m6t25s-kamera-termowizyjna-do-samochodu-z-inteligentna-detekcja-goracych-obiektow\/"},"modified":"2026-01-21T11:45:00","modified_gmt":"2026-01-21T08:45:00","slug":"nocpix-m6t25s-kamera-termowizyjna-do-samochodu-z-inteligentna-detekcja-goracych-obiektow","status":"publish","type":"product","link":"https:\/\/nbg.eu\/pl\/produkt\/nocpix-m6t25s-kamera-termowizyjna-do-samochodu-z-inteligentna-detekcja-goracych-obiektow\/","title":{"rendered":"Nocpix M6T25S Kamera termowizyjna do samochodu z inteligentn\u0105 detekcj\u0105 gor\u0105cych obiekt\u00f3w"},"content":{"rendered":"<h2>Nocpix M6T25S Kamera termowizyjna do samochodu z inteligentn\u0105 detekcj\u0105 gor\u0105cych obiekt\u00f3w<\/h2>\n<p>Przedstawiamy serii MT od Nocpix, innowacyjny skaner kopu\u0142owy zaprojektowany specjalnie z my\u015bl\u0105 o polowaniach. To idealny wyb\u00f3r nie tylko do prowadzenia pojazdu podczas polowania, ale r\u00f3wnie\u017c przystosowany do r\u00f3\u017cnych metod i nawyk\u00f3w \u0142owieckich. Wyposa\u017cony w zaawansowane modele SI oraz wydajny uk\u0142ad obliczeniowy, MT zapewnia stabiln\u0105 prac\u0119 nawet podczas jazdy, a dok\u0142adna detekcja, blokowanie i \u015bledzenie ofiary zapewniaj\u0105 wysokiej jako\u015bci obrazy i wyj\u0105tkowe wra\u017cenia z polowania.<\/p>\n<h2>Wydajno\u015b\u0107 dzi\u0119ki SI<\/h2>\n<p>Nap\u0119dzany przez model g\u0142\u0119bokiego uczenia YOLO V5 oraz 2T mocy obliczeniowej, ten system zosta\u0142 zaprojektowany, aby usprawni\u0107 Twoje do\u015bwiadczenie z polowa\u0144. Model g\u0142\u0119bokiego uczenia, wyszkolony na ogromnym zbiorze danych, umo\u017cliwia szybkie automatyczne rozpoznawanie i \u015bledzenie ofiary, z precyzyjnymi ramkami wok\u00f3\u0142 celu. To sprawia, \u017ce ca\u0142y proces polowania &#8211; identyfikacja, namierzanie i \u015bledzenie &#8211; jest du\u017co \u0142atwiejszy i p\u0142ynniejszy, zmniejszaj\u0105c wysi\u0142ek wymagany do wykonania ka\u017cdego z tych krok\u00f3w samodzielnie.<\/p>\n<h2>Bezstykowy widok panoramiczny 360\u00b0 z zakresem nachylenia 90\u00b0<\/h2>\n<p>MT oferuje szeroki widok panoramiczny 360\u00b0 z zakresem nachylenia 90\u00b0, zapewniaj\u0105c pe\u0142ne pokrycie. Gwarantuje to kompletne, p\u0142ynne \u015bledzenie ofiary bez martwych p\u00f3l.<\/p>\n<h2>Ko\u0144cowa stabilizacja<\/h2>\n<p>Stabilizacja w 2 osiach umo\u017cliwia MT dostarczanie stabilnego obrazu, a automatyczna kalibracja koryguje przesuni\u0119cie obiektywu spowodowane nier\u00f3wno\u015bciami drogi lub innymi czynnikami zewn\u0119trznymi, utrzymuj\u0105c sta\u0142y kierunek.<\/p>\n<h2>Ekstremalnie cicha obs\u0142uga<\/h2>\n<p>M6T25S wykorzystuje bezszczotkowy silnik do poziomej rotacji 360 stopni oraz dynamiczny uk\u0142ad wywa\u017caj\u0105cy, co oznacza, \u017ce pracuje na niskim poziomie decybeli podczas obrotu i nachylenia, zapewniaj\u0105c niezak\u0142\u00f3cone i przyjemne do\u015bwiadczenie z polowania.<\/p>\n<h2>R\u00f3\u017cne metody po\u0142\u0105czenia i wy\u015bwietlania<\/h2>\n<p>Aby dostosowa\u0107 si\u0119 do r\u00f3\u017cnych nawyk\u00f3w u\u017cytkowania i scenariuszy, obs\u0142ugiwane s\u0105 dwie metody po\u0142\u0105czenia: kablowe i WiFi. Po\u0142\u0105czenie kablowe zapewnia relatywnie bardziej stabiln\u0105 transmisj\u0119 obrazu, podczas gdy WiFi oferuje wygodniejsze i bezprzewodowe do\u015bwiadczenie. Transmisja obrazu w czasie rzeczywistym jest dost\u0119pna na dowolnym urz\u0105dzeniu z zainstalowan\u0105 aplikacj\u0105 Nocpix, w tym m.in. na iPadach, smartfonach itp.<\/p>\n","protected":false},"excerpt":{"rendered":"<p>Kamera termowizyjna do samochodu Nocpix M6T25S z inteligentnym wykrywaniem obiekt\u00f3w gor\u0105cych. Inteligentne wyszukiwanie, skuteczny zasi\u0119g 2300 m, pilot zdalnego sterowania, 2 akumulatorki do 7 godzin pracy.<\/p>\n<p>Je\u015bli produkt nie jest dost\u0119pny, skontaktuj si\u0119 z nami: shop@nbg.eu lub +359896147790<\/p>\n","protected":false},"featured_media":683599,"template":"","meta":{"_acf_changed":false},"product_brand":[14456],"product_cat":[12594],"product_tag":[],"class_list":{"0":"post-683431","1":"product","2":"type-product","3":"status-publish","4":"has-post-thumbnail","6":"product_brand-nocpix","7":"product_cat-termowizja","9":"first","10":"instock","11":"taxable","12":"shipping-taxable","13":"purchasable","14":"product-type-simple"},"acf":[],"_links":{"self":[{"href":"https:\/\/nbg.eu\/pl\/wp-json\/wp\/v2\/product\/683431","targetHints":{"allow":["GET"]}}],"collection":[{"href":"https:\/\/nbg.eu\/pl\/wp-json\/wp\/v2\/product"}],"about":[{"href":"https:\/\/nbg.eu\/pl\/wp-json\/wp\/v2\/types\/product"}],"wp:featuredmedia":[{"embeddable":true,"href":"https:\/\/nbg.eu\/pl\/wp-json\/wp\/v2\/media\/683599"}],"wp:attachment":[{"href":"https:\/\/nbg.eu\/pl\/wp-json\/wp\/v2\/media?parent=683431"}],"wp:term":[{"taxonomy":"product_brand","embeddable":true,"href":"https:\/\/nbg.eu\/pl\/wp-json\/wp\/v2\/product_brand?post=683431"},{"taxonomy":"product_cat","embeddable":true,"href":"https:\/\/nbg.eu\/pl\/wp-json\/wp\/v2\/product_cat?post=683431"},{"taxonomy":"product_tag","embeddable":true,"href":"https:\/\/nbg.eu\/pl\/wp-json\/wp\/v2\/product_tag?post=683431"}],"curies":[{"name":"wp","href":"https:\/\/api.w.org\/{rel}","templated":true}]}}