{"id":683642,"date":"2026-01-08T18:14:29","date_gmt":"2026-01-08T15:14:29","guid":{"rendered":"https:\/\/nbg.eu\/product\/termowizyjna-kamera-nocpix-vista-h50-50-mm-12-%ce%bcm-640x512-15-mk-netd\/"},"modified":"2026-04-14T16:11:06","modified_gmt":"2026-04-14T13:11:06","slug":"termowizyjna-kamera-nocpix-vista-h50-50-mm-12-%ce%bcm-640x512-15-mk-netd","status":"publish","type":"product","link":"https:\/\/nbg.eu\/pl\/produkt\/termowizyjna-kamera-nocpix-vista-h50-50-mm-12-%ce%bcm-640x512-15-mk-netd\/","title":{"rendered":"Nocpix Kamera Termowizyjna VISTA H50"},"content":{"rendered":"<h2>Nocpix VISTA H50 &#8211; Kamera termowizyjna do u\u017cytku w dzie\u0144 i w nocy<\/h2>\n<p>Nocpix VISTA H50 to nowoczesna kamera termowizyjna przeznaczona do u\u017cytku w dzie\u0144 i w nocy. Zapewnia ona wysokiej jako\u015bci obrazy nawet w trudnych warunkach pogodowych, takich jak mg\u0142a, smog i deszcz, oraz mo\u017ce wykrywa\u0107 cele przez przeszkody, takie jak ga\u0142\u0119zie, wysoka trawa i g\u0119sty las, kt\u00f3re normalnie utrudniaj\u0105 widoczno\u015b\u0107.<\/p>\n<p>VISTA H50 jest bardzo wszechstronna i nadaje si\u0119 do r\u00f3\u017cnych zastosowa\u0144, takich jak polowania, bezpiecze\u0144stwo, nadz\u00f3r, nawigacja terenowa oraz operacje poszukiwawczo-ratownicze. Jej zaawansowana technologia termowizyjna gwarantuje niezawodne dzia\u0142anie, dostarczaj\u0105c wyra\u017anych obraz\u00f3w i dok\u0142adnych pomiar\u00f3w w trudnych \u015brodowiskach.<\/p>\n<h2>Kluczowe specyfikacje:<\/h2>\n<p>Rozdzielczo\u015b\u0107: 640 x 512<br \/>\nRozmiar piksela: 12<br \/>\nNETD, mK: \u226415<br \/>\nCz\u0119stotliwo\u015b\u0107 od\u015bwie\u017cania: 50<br \/>\nObiektyw: 50mm F0.9<br \/>\nPole widzenia: 8.8 x 7.0<br \/>\nPole widzenia (liniowe): 15 x 12<br \/>\nPowi\u0119kszenie: 4~40<br \/>\nZasi\u0119g wykrywania: 2600<br \/>\nOdleg\u0142o\u015b\u0107 od oczu: 25<br \/>\n\u015arednica wyj\u015bciowa \u017arenicy: 8<br \/>\nDiopter: -4 ~ +6<br \/>\nTyp wy\u015bwietlacza: AMOLED<br \/>\nRozdzielczo\u015b\u0107 wy\u015bwietlacza: 2560 x 2560<br \/>\nBateria: Wymienna bateria litowo-jonowa IBP-7 \/ 4400mAh<br \/>\nMaksymalny czas pracy: 5.5<br \/>\nWi-Fi\/Aplikacja: TAK<br \/>\nMikrofon: TAK<br \/>\nPojemno\u015b\u0107 pami\u0119ci: 64GB<br \/>\nKlasa ochrony IP: IP67<br \/>\nMaksymalna temperatura pracy: -20 ~ +50<br \/>\nWaga (uncje): 22.93<br \/>\nWaga (g): 650<br \/>\nWymiary (cale): 7.64 x 2.76 x 3.23<br \/>\nWymiary (mm): 194 x 70 x 82<\/p>\n","protected":false},"excerpt":{"rendered":"<p>Kamera termowizyjna Nocpix VISTA H50 to urz\u0105dzenie o rozdzielczo\u015bci 640&#215;512 pikseli, z czujnikiem 12\u03bcm, czu\u0142o\u015bci\u0105 \u226415mK NETD, obiektywem 50mm F0.9 i wy\u015bwietlaczem AMOLED 2560&#215;2560.<\/p>\n<p>Je\u015bli pozycja jest niedost\u0119pna, skontaktuj si\u0119 z nami: shop@nbg.eu lub +359896147790<\/p>\n<p>\n","protected":false},"featured_media":683702,"template":"","meta":{"_acf_changed":false},"product_brand":[14456],"product_cat":[12594,16092],"product_tag":[],"class_list":{"0":"post-683642","1":"product","2":"type-product","3":"status-publish","4":"has-post-thumbnail","6":"product_brand-nocpix","7":"product_cat-termowizja","8":"product_cat-thermal-cameras-pl","10":"first","11":"instock","12":"taxable","13":"shipping-taxable","14":"purchasable","15":"product-type-simple"},"acf":[],"_links":{"self":[{"href":"https:\/\/nbg.eu\/pl\/wp-json\/wp\/v2\/product\/683642","targetHints":{"allow":["GET"]}}],"collection":[{"href":"https:\/\/nbg.eu\/pl\/wp-json\/wp\/v2\/product"}],"about":[{"href":"https:\/\/nbg.eu\/pl\/wp-json\/wp\/v2\/types\/product"}],"wp:featuredmedia":[{"embeddable":true,"href":"https:\/\/nbg.eu\/pl\/wp-json\/wp\/v2\/media\/683702"}],"wp:attachment":[{"href":"https:\/\/nbg.eu\/pl\/wp-json\/wp\/v2\/media?parent=683642"}],"wp:term":[{"taxonomy":"product_brand","embeddable":true,"href":"https:\/\/nbg.eu\/pl\/wp-json\/wp\/v2\/product_brand?post=683642"},{"taxonomy":"product_cat","embeddable":true,"href":"https:\/\/nbg.eu\/pl\/wp-json\/wp\/v2\/product_cat?post=683642"},{"taxonomy":"product_tag","embeddable":true,"href":"https:\/\/nbg.eu\/pl\/wp-json\/wp\/v2\/product_tag?post=683642"}],"curies":[{"name":"wp","href":"https:\/\/api.w.org\/{rel}","templated":true}]}}