{"id":683738,"date":"2026-01-08T18:13:33","date_gmt":"2026-01-08T15:13:33","guid":{"rendered":"https:\/\/nbg.eu\/product\/termowizyjna-kamera-nocpix-vista-h35-bez-dalmierza-35mm-12um-640x512-15mk-net\/"},"modified":"2026-04-14T16:11:23","modified_gmt":"2026-04-14T13:11:23","slug":"termowizyjna-kamera-nocpix-vista-h35-bez-dalmierza-35mm-12um-640x512-15mk-net","status":"publish","type":"product","link":"https:\/\/nbg.eu\/pl\/produkt\/termowizyjna-kamera-nocpix-vista-h35-bez-dalmierza-35mm-12um-640x512-15mk-net\/","title":{"rendered":"Nocpix Kamera Termowizyjna VISTA H35"},"content":{"rendered":"<h2>Nocpix VISTA H35 Termiczna Monokularna &#8211; 35mm 12um 640&#215;512 \u226415mK NET<\/h2>\n<p>Nocpix VISTA H35 jest wszechstronn\u0105 termiczn\u0105 monokularn\u0105 zaprojektowan\u0105 do niezawodnego u\u017cytkowania zar\u00f3wno w dzie\u0144, jak i w nocy. To zaawansowane urz\u0105dzenie oferuje wyj\u0105tkowe mo\u017cliwo\u015bci termowizyjne, zapewniaj\u0105c wyra\u017ane i szczeg\u00f3\u0142owe obrazy nawet w trudnych warunkach pogodowych, takich jak mg\u0142a, smog i deszcz. Potrafi wykrywa\u0107 cele przez przeszkody, takie jak ga\u0142\u0119zie, wysoka trawa i g\u0119ste zaro\u015bla, zapewniaj\u0105c skuteczne dzia\u0142anie w \u015brodowiskach, w kt\u00f3rych tradycyjne optyki s\u0105 niewystarczaj\u0105ce.<\/p>\n<p>Idealny do szerokiego zakresu zastosowa\u0144, VISTA H35 doskonale nadaje si\u0119 do polowa\u0144, nadzoru, bezpiecze\u0144stwa, nawigacji po terenie oraz akcji poszukiwawczo-ratowniczych. Dzi\u0119ki najnowocze\u015bniejszej technologii i wytrzyma\u0142ej konstrukcji, VISTA H35 zapewnia precyzyjne wykrywanie i pomiary w najtrudniejszych warunkach.<\/p>\n<h2>Funkcje<\/h2>\n<p>-640\u00d7512 detektor 12\u03bcm<br \/>\nNETD\u226415mK<br \/>\n-60Hz wysoka cz\u0119stotliwo\u015b\u0107 klatek<br \/>\n-Obiektyw F0.9<br \/>\n-AMOLED 2560\u00d72560 okr\u0105g\u0142y wy\u015bwietlacz<br \/>\n-Szybko wymienialna akumulator IBP-7<br \/>\n-P\u0142ynne cyfrowe powi\u0119kszenie: 1\u00d7~8\u00d7<br \/>\n-Tryb ultra czysty<br \/>\n-Ochrona oczu z nisk\u0105 jasno\u015bci\u0105, palet\u0105 kolor\u00f3w i ciep\u0142ym odcieniem<br \/>\n-Elektroniczna stabilizacja obrazu<\/p>\n","protected":false},"excerpt":{"rendered":"<p>Kamera termowizyjna Nocpix VISTA H35 bez dalmierza &#8211; 35mm 12um 640&#215;512 &lt;15mk NETTO<\/p>\n<p>Je\u015bli przedmiot nie jest dost\u0119pny, prosimy o kontakt: shop@nbg.eu lub +359896147790<\/p>\n<p>\n","protected":false},"featured_media":683895,"template":"","meta":{"_acf_changed":false},"product_brand":[14456],"product_cat":[12594,16092],"product_tag":[],"class_list":{"0":"post-683738","1":"product","2":"type-product","3":"status-publish","4":"has-post-thumbnail","6":"product_brand-nocpix","7":"product_cat-termowizja","8":"product_cat-thermal-cameras-pl","10":"first","11":"instock","12":"taxable","13":"shipping-taxable","14":"purchasable","15":"product-type-simple"},"acf":[],"_links":{"self":[{"href":"https:\/\/nbg.eu\/pl\/wp-json\/wp\/v2\/product\/683738","targetHints":{"allow":["GET"]}}],"collection":[{"href":"https:\/\/nbg.eu\/pl\/wp-json\/wp\/v2\/product"}],"about":[{"href":"https:\/\/nbg.eu\/pl\/wp-json\/wp\/v2\/types\/product"}],"wp:featuredmedia":[{"embeddable":true,"href":"https:\/\/nbg.eu\/pl\/wp-json\/wp\/v2\/media\/683895"}],"wp:attachment":[{"href":"https:\/\/nbg.eu\/pl\/wp-json\/wp\/v2\/media?parent=683738"}],"wp:term":[{"taxonomy":"product_brand","embeddable":true,"href":"https:\/\/nbg.eu\/pl\/wp-json\/wp\/v2\/product_brand?post=683738"},{"taxonomy":"product_cat","embeddable":true,"href":"https:\/\/nbg.eu\/pl\/wp-json\/wp\/v2\/product_cat?post=683738"},{"taxonomy":"product_tag","embeddable":true,"href":"https:\/\/nbg.eu\/pl\/wp-json\/wp\/v2\/product_tag?post=683738"}],"curies":[{"name":"wp","href":"https:\/\/api.w.org\/{rel}","templated":true}]}}