{"id":683929,"date":"2026-01-08T18:14:25","date_gmt":"2026-01-08T15:14:25","guid":{"rendered":"https:\/\/nbg.eu\/product\/kamera-termowizyjna-nocpix-rico-2-h50r\/"},"modified":"2026-04-14T16:11:10","modified_gmt":"2026-04-14T13:11:10","slug":"kamera-termowizyjna-nocpix-rico-2-h50r","status":"publish","type":"product","link":"https:\/\/nbg.eu\/pl\/produkt\/kamera-termowizyjna-nocpix-rico-2-h50r\/","title":{"rendered":"Nocpix Kamera Termowizyjna Rico 2 H50R"},"content":{"rendered":"<h2>Nocpix Rico 2 H50R: Ekspert strzelania na d\u0142ugie dystanse<\/h2>\n<p>Seria termowizyjnych celownik\u00f3w Nocpix RICO 2 H50R jest zaprojektowana dla my\u015bliwych, kt\u00f3rzy oczekuj\u0105 najlepszej jako\u015bci, zasi\u0119gu i komfortu. Zaprojektowana z wiod\u0105cym w bran\u017cy czujnikiem termowizyjnym i wysok\u0105 cz\u0119stotliwo\u015bci\u0105 klatek, zapewnia ultra wysokiej jako\u015bci obraz, kt\u00f3ry u\u0142atwia identyfikacj\u0119 i \u015bledzenie celu. Jej d\u0142uga ogniskowa i wbudowany dalmierz laserowy zapewniaj\u0105 dok\u0142adny pomiar odleg\u0142o\u015bci do odleg\u0142ych cel\u00f3w, a zaawansowana konstrukcja optyczna dostarcza immersyjnego do\u015bwiadczenia bez zniekszta\u0142ce\u0144. Wyposa\u017cona w bezkrokow\u0105 d\u017awigni\u0119 powi\u0119kszenia i wyj\u0105tkowy odst\u0119p od oka, seria Nocpix RICO 2 H50R pozwala my\u015bliwym bez wysi\u0142ku dostosowywa\u0107 powi\u0119kszenie i czu\u0107 si\u0119 wygodnie podczas d\u0142ugich polowa\u0144. Dzi\u0119ki innowacyjnym technologiom i projektowi zorientowanym na u\u017cytkownika, seria Nocpix RICO 2 H50R pozwala na polowanie poza granicami tego, co mo\u017cliwe.<\/p>\n<h2>Kluczowe cechy:<\/h2>\n<p>Korzystaj z czujnika drugiej generacji 12\u03bcm@60Hz, z NETD \u226420mK, dla ostrego, wysoko kontrastowego obrazu i ulepszonej identyfikacji celu.<\/p>\n<p>Nocpix RICO 2 H50R jest wyposa\u017cony w wi\u0119ksze obiektywy (50 mm\/F1.0, 42 mm\/F1.0), oferuj\u0105ce lepsze zdolno\u015bci zbierania \u015bwiat\u0142a dla wyj\u0105tkowej ostro\u015bci obrazu i wyd\u0142u\u017conego zasi\u0119gu wykrywania.<\/p>\n<p>Seria RICO 2 pozwala na precyzyjn\u0105 regulacj\u0119 powi\u0119kszenia za pomoc\u0105 bezkrokowej d\u017awigni LPVO, zapewniaj\u0105c szybk\u0105 i bezproblemow\u0105 regulacj\u0119 w celu pewnego zaanga\u017cowania cel\u00f3w na dowolnej odleg\u0142o\u015bci.<\/p>\n<p>Seria RICO 2 oferuje imponuj\u0105cy zasi\u0119g wykrywania do 2600 m, daj\u0105c znacz\u0105c\u0105 przewag\u0119 w polowaniach na d\u0142ugie dystanse i precyzyjnym celowaniu.<\/p>\n<p>Nocpix RICO 2 H50R jest wyposa\u017cony w zintegrowany dalmierz laserowy, oferuj\u0105cy detekcj\u0119 laserow\u0105 na odleg\u0142o\u015b\u0107 do 1200 m z prawdziwym wyr\u00f3wnaniem osi optycznej, zapewniaj\u0105c dok\u0142adne pomiary odleg\u0142o\u015bci przy zachowaniu smuk\u0142ego i elegantckiego designu.<\/p>\n<p>Uproszczaj umieszczanie strza\u0142u za pomoc\u0105 automatycznych oblicze\u0144 balistycznych, wykorzystuj\u0105c zintegrowany dalmierz laserowy do \u0142atwego trafienia w cel na du\u017cych odleg\u0142o\u015bciach.<\/p>\n<p>1.03&#8243; 2560\u00d72560 wy\u015bwietlacz OLED (H50R), wolny od zniekszta\u0142ce\u0144 okular, 70 mm odst\u0119p od oka i 23 mm \u017arnica wyj\u015bciowa zapewniaj\u0105 ostry, wygodny widok podczas d\u0142ugich sesji.<\/p>\n<p>Model H50R jest wyposa\u017cony w bezprecedensowy 70 mm odst\u0119p, kt\u00f3ry zapewnia maksymalny komfort podczas d\u0142ugotrwa\u0142ego u\u017cytkowania bez zm\u0119czenia oczu i gwarantuje bezpiecze\u0144stwo oczu.<\/p>\n","protected":false},"excerpt":{"rendered":"<p>Termowizyjny Nocpix Rico 2 H50R. Ekspert do d\u0142ugich dystans\u00f3w. Czujnik 640&#215;512, 60Hz, zintegrowane dalmierze laserowe, zoom ci\u0105g\u0142y.<br \/>\nJe\u015bli produkt nie jest dost\u0119pny, prosimy o kontakt: shop@nbg.eu lub +359896147790<\/p>\n","protected":false},"featured_media":684899,"template":"","meta":{"_acf_changed":false},"product_brand":[14456],"product_cat":[12594,16092],"product_tag":[],"class_list":{"0":"post-683929","1":"product","2":"type-product","3":"status-publish","4":"has-post-thumbnail","6":"product_brand-nocpix","7":"product_cat-termowizja","8":"product_cat-thermal-cameras-pl","10":"first","11":"instock","12":"taxable","13":"shipping-taxable","14":"purchasable","15":"product-type-simple"},"acf":[],"_links":{"self":[{"href":"https:\/\/nbg.eu\/pl\/wp-json\/wp\/v2\/product\/683929","targetHints":{"allow":["GET"]}}],"collection":[{"href":"https:\/\/nbg.eu\/pl\/wp-json\/wp\/v2\/product"}],"about":[{"href":"https:\/\/nbg.eu\/pl\/wp-json\/wp\/v2\/types\/product"}],"wp:featuredmedia":[{"embeddable":true,"href":"https:\/\/nbg.eu\/pl\/wp-json\/wp\/v2\/media\/684899"}],"wp:attachment":[{"href":"https:\/\/nbg.eu\/pl\/wp-json\/wp\/v2\/media?parent=683929"}],"wp:term":[{"taxonomy":"product_brand","embeddable":true,"href":"https:\/\/nbg.eu\/pl\/wp-json\/wp\/v2\/product_brand?post=683929"},{"taxonomy":"product_cat","embeddable":true,"href":"https:\/\/nbg.eu\/pl\/wp-json\/wp\/v2\/product_cat?post=683929"},{"taxonomy":"product_tag","embeddable":true,"href":"https:\/\/nbg.eu\/pl\/wp-json\/wp\/v2\/product_tag?post=683929"}],"curies":[{"name":"wp","href":"https:\/\/api.w.org\/{rel}","templated":true}]}}