{"id":684914,"date":"2026-01-08T18:13:14","date_gmt":"2026-01-08T15:13:14","guid":{"rendered":"https:\/\/nbg.eu\/product\/termokamera-nocpix-ace-h50-12um-640x512-15mk-netd\/"},"modified":"2026-04-14T16:11:37","modified_gmt":"2026-04-14T13:11:37","slug":"termokamera-nocpix-ace-h50-12um-640x512-15mk-netd","status":"publish","type":"product","link":"https:\/\/nbg.eu\/pl\/produkt\/termokamera-nocpix-ace-h50-12um-640x512-15mk-netd\/","title":{"rendered":"Nocpix Kamera Termowizyjna ACE H50"},"content":{"rendered":"<h2>Nocpix ACE H50 Termiczna Luneta Celownicza: Niezr\u00f3wnane Osi\u0105gi My\u015bliwskie<\/h2>\n<p>Nocpix ACE H50 termiczna luneta celownicza \u0142\u0105czy zaawansowan\u0105 technologi\u0119 z wytrzyma\u0142\u0105 konstrukcj\u0105, zapewniaj\u0105c niezr\u00f3wnan\u0105 przyjemno\u015b\u0107 z polowa\u0144. Wyposa\u017cona jest w termiczny sensor o rozdzielczo\u015bci 640&#215;512 i NETD \u226412mK, oferuj\u0105c wyj\u0105tkow\u0105 wyrazisto\u015b\u0107 obrazu oraz zasi\u0119g detekcji do 3100 metr\u00f3w. Innowacyjny system Vision+ zapewnia powi\u0119kszenie okularowe dla wyra\u017anego zbli\u017cenia, a podw\u00f3jny system zasilania gwarantuje d\u0142ugi czas pracy. Wykonana z wysokiej wytrzyma\u0142o\u015bci stopu aluminium i posiadaj\u0105ca klas\u0119 szczelno\u015bci IP67, ta luneta jest zaprojektowana, aby doskonale sprawdza\u0107 si\u0119 w ka\u017cdym \u015brodowisku i dostosowywa\u0107 si\u0119 do ka\u017cdej sytuacji.<\/p>\n<p>Nocpix ACE H50 termiczna luneta celownicza to nowatorskie narz\u0119dzie zaprojektowane, aby zredefiniowa\u0107 do\u015bwiadczenie polowa\u0144, niezale\u017cnie od tego, czy przemierzasz ciemn\u0105 noc, czy \u015bledzisz ofiar\u0119 przez trudny teren. Jako flagowy model serii ACE firmy Nocpix, ta termiczna luneta optyczna wyr\u00f3\u017cnia si\u0119 wyj\u0105tkow\u0105 jako\u015bci\u0105 obrazu i precyzj\u0105, dzi\u0119ki opracowanemu we w\u0142asnym zakresie czujnikowi termicznemu o wysokiej rozdzielczo\u015bci oraz zaawansowanym systemom Reality+ i Vision+.<\/p>\n<p>W sercu Nocpix ACE H50 znajduje si\u0119 czujnik termiczny HD Gen-2, kt\u00f3ry cechuje si\u0119 rozdzielczo\u015bci\u0105 640&#215;512 i cz\u0119stotliwo\u015bci\u0105 od\u015bwie\u017cania 60Hz, zapewniaj\u0105c niesamowicie stabiln\u0105 wydajno\u015b\u0107. Przy NETD \u226412mK, ta luneta wykrywa nawet najmniejsze r\u00f3\u017cnice temperatur, dostarczaj\u0105c szczeg\u00f3\u0142owych i p\u0142ynnych obraz\u00f3w termicznych, idealnych do \u015bledzenia szybko poruszaj\u0105cych si\u0119 cel\u00f3w w czasie rzeczywistym. Zaawansowany algorytm Reality+ dodatkowo to ulepsza, eliminuj\u0105c szum temperatury otoczenia i zapewniaj\u0105c lepszy kontrast oraz wyrazisto\u015b\u0107 nawet w trudnych warunkach my\u015bliwskich.<\/p>\n<p>ACE H50 jest wyposa\u017cony w obiektyw 50mm\/F0.9, kt\u00f3ry pozwala na 20% wi\u0119cej \u015bwiat\u0142a docieraj\u0105cego do czujnika, tworz\u0105c ja\u015bniejsze i wyra\u017aniejsze obrazy. Ma to kluczowe znaczenie dla my\u015bliwych d\u0105\u017c\u0105cych do precyzji, poniewa\u017c ulepszona transmisja \u015bwiat\u0142a zapewnia lepsz\u0105 widoczno\u015b\u0107 w s\u0142abym o\u015bwietleniu. Dodatkowo, zasi\u0119g detekcji wynosz\u0105cy 3100 metr\u00f3w wyr\u00f3\u017cnia ACE, u\u0142atwiaj\u0105c identyfikacj\u0119 i \u015bledzenie odleg\u0142ych cel\u00f3w bardziej efektywnie ni\u017c kiedykolwiek.<\/p>\n<p>Zintegrowany system Vision+ poprawia do\u015bwiadczenie wizualne dzi\u0119ki okr\u0105g\u0142emu wy\u015bwietlaczowi AMOLED o rozdzielczo\u015bci 2560&#215;2560 i \u015brednicy 1,03 cala. Jego system optycznego powi\u0119kszenia, zaprojektowany tak, aby unikn\u0105\u0107 rozmycia i zniekszta\u0142cenia typowo zwi\u0105zanych z tradycyjnymi powi\u0119kszeniami elektronicznymi, zapewnia my\u015bliwym wyra\u017ane, wysokorozdzielcze zbli\u017cenia bez utraty szczeg\u00f3\u0142\u00f3w. Daje to immersyjne i wygodne do\u015bwiadczenie obserwacji, niezale\u017cnie od tego, czy \u015bledzisz ofiar\u0119 z daleka, czy skupiasz si\u0119 na precyzyjnym celu.<\/p>\n<p>Zaprojektowany z my\u015bl\u0105 o d\u0142ugim u\u017cytkowaniu w terenie, ACE wyposa\u017cony jest w podw\u00f3jny system baterii z wbudowan\u0105 bateri\u0105 4000 mAh i dodatkow\u0105 zdejmowan\u0105 bateri\u0105 18650, umo\u017cliwiaj\u0105c niezak\u0142\u00f3con\u0105 prac\u0119 podczas d\u0142ugich sesji polowa\u0144. Wytrzyma\u0142a konstrukcja wykonana ze stopu wysokiej wytrzyma\u0142o\u015bci aluminium zapewnia, \u017ce ACE wytrzyma surowe \u015brodowisko outdoorowe i ci\u0119\u017ckie u\u017cytkowanie, przeszed\u0142szy rygorystyczne testy odporno\u015bci na uderzenia. Dzi\u0119ki klasie szczelno\u015bci IP67, luneta pozostaje niezawodna w niesprzyjaj\u0105cych warunkach pogodowych, daj\u0105c my\u015bliwym spok\u00f3j niezale\u017cnie od \u015brodowiska.<\/p>\n<p>Zaprojektowany z my\u015bl\u0105 o my\u015bliwych, Nocpix ACE H50 zawiera istotne funkcje, takie jak aktywowany skokiem wideo i bezproblematowa konstrukcja bez migawki dla \u0142atwej obs\u0142ugi w terenie. Wraz z \u0142atwymi w u\u017cyciu funkcjami, takimi jak regulator ostro\u015bci, pokrywa \u0142adowania i mo\u017cliwo\u015b\u0107 bezpo\u015bredniego odtwarzania film\u00f3w przez funkcj\u0119 Galeria, ta luneta \u0142\u0105czy wysok\u0105 wydajno\u015b\u0107 z wygod\u0105, zapewniaj\u0105c optymalny komfort polowa\u0144.<\/p>\n","protected":false},"excerpt":{"rendered":"<p>Celownik termiczny NocPix ACE H50 oferuje rozdzielczo\u015b\u0107 640&#215;512, \u226415mK NETD, zasi\u0119g wykrywania 3100m oraz podw\u00f3jny system baterii, zapewniaj\u0105c wyj\u0105tkowe do\u015bwiadczenie my\u015bliwskie.<\/p>\n","protected":false},"featured_media":684956,"template":"","meta":{"_acf_changed":false},"product_brand":[14456],"product_cat":[12594,16092],"product_tag":[],"class_list":{"0":"post-684914","1":"product","2":"type-product","3":"status-publish","4":"has-post-thumbnail","6":"product_brand-nocpix","7":"product_cat-termowizja","8":"product_cat-thermal-cameras-pl","10":"first","11":"instock","12":"taxable","13":"shipping-taxable","14":"purchasable","15":"product-type-simple"},"acf":[],"_links":{"self":[{"href":"https:\/\/nbg.eu\/pl\/wp-json\/wp\/v2\/product\/684914","targetHints":{"allow":["GET"]}}],"collection":[{"href":"https:\/\/nbg.eu\/pl\/wp-json\/wp\/v2\/product"}],"about":[{"href":"https:\/\/nbg.eu\/pl\/wp-json\/wp\/v2\/types\/product"}],"wp:featuredmedia":[{"embeddable":true,"href":"https:\/\/nbg.eu\/pl\/wp-json\/wp\/v2\/media\/684956"}],"wp:attachment":[{"href":"https:\/\/nbg.eu\/pl\/wp-json\/wp\/v2\/media?parent=684914"}],"wp:term":[{"taxonomy":"product_brand","embeddable":true,"href":"https:\/\/nbg.eu\/pl\/wp-json\/wp\/v2\/product_brand?post=684914"},{"taxonomy":"product_cat","embeddable":true,"href":"https:\/\/nbg.eu\/pl\/wp-json\/wp\/v2\/product_cat?post=684914"},{"taxonomy":"product_tag","embeddable":true,"href":"https:\/\/nbg.eu\/pl\/wp-json\/wp\/v2\/product_tag?post=684914"}],"curies":[{"name":"wp","href":"https:\/\/api.w.org\/{rel}","templated":true}]}}