{"id":685071,"date":"2026-01-08T18:13:21","date_gmt":"2026-01-08T15:13:21","guid":{"rendered":"https:\/\/nbg.eu\/product\/thermal-monocular-nocpix-lumi-p13\/"},"modified":"2026-04-14T16:11:30","modified_gmt":"2026-04-14T13:11:30","slug":"thermal-monocular-nocpix-lumi-p13","status":"publish","type":"product","link":"https:\/\/nbg.eu\/pl\/produkt\/thermal-monocular-nocpix-lumi-p13\/","title":{"rendered":"Nocpix Monokular Termowizyjny LUMI P13"},"content":{"rendered":"<h2>Maksymalna wydajno\u015b\u0107 przy minimalnej wadze &#8211; Nocpix LUMI P13: Zawsze miej oko na otoczenie<\/h2>\n<p>Seria termowizyjnych monokulark\u0102\u0142w LUMI jest przeznaczona do u\u0139\u017aytku zar\u0102\u0142wno w dzie\u00c5\u201e, jak i w nocy i oferuje wyj\u00c4 tkow\u0105 jako\u0139\u203a\u00c4\u2021 obrazu, nawet w trudnych warunkach atmosferycznych, takich jak mg\u0142a, smog lub deszcz. Nawet je\u0139\u203ali przeszkody, takie jak ga\u0142\u00c4\u2122zie, wysoka trawa lub g\u00c4\u2122ste zielsko, utrudniaj\u0105 widoczno\u0139\u203a\u00c4\u2021, dzi\u00c4\u2122ki tej technologii zawsze b\u00c4\u2122dziesz m\u0102\u0142g\u00c5\u201a wyra\u0139\u015fnie widzie\u00c4\u2021, co znajduje si\u00c4\u2122 przed tob\u00c4\u2026. S\u00c4\u2026 one r\u0102\u0142wnie\u017c tak kompaktowe i lekkie, \u0139\u017ae mo\u0139\u013desz je \u00c5\u201aatwo nosi\u00c4\u2021 wsz\u00c4\u2122dzie ze sob\u00c4\u2026.<\/p>\n<p>Kamery termowizyjne LUMI sprawdzaj\u00c4\u2026 si\u00c4\u2122 doskonale w r\u0102\u0142\u0139\u013dnych zastosowaniach, takich jak polowania, nadz\u0102\u0142r, bezpiecze\u00c5\u201estwo, orientacja terenowa lub akcje poszukiwawczo-ratownicze.<\/p>\n<h2>Niezr\u0102\u0142wnane mo\u0139\u013dliwo\u0139\u203aci obrazowania dla ostro \u0139\u203aciejszych obraz\u0102\u0142w<\/h2>\n<p>Seria LUMI wyznacza nowe standardy pod wzgl\u00c4\u2122dem jako\u0139\u203aci obrazu. Wyposa\u0139\u013dona w najbardziej zaawansowane algorytmy obrazowania i pot\u00c4\u2122\u0139\u013any czujnik termiczny z NETD &lt; 20 mK, kamera dostarcza ostrych i realistycznych obraz\u0102\u0142w. Wy\u0139\u203awietlacz AMOLED o rozdzielczo\u0139\u203aci 1440 x 1080 pikseli zapewnia wyj\u00c4 tkow\u0105 prezentacj\u00c4\u2122 obrazu, a tryb Ultra Clear dodatkowo optymalizuje jasngo\u0139\u203a\u00c4\u2021 obrazu, szczeg\u0102\u0142lnie w trudnych warunkach atmosferycznych.<\/p>\n<h2>Spersonalizowane do\u0139\u203awiadczenie ogl\u00c4\u2026dania &#8211; Dostosuj swoje urz\u00c4\u2026dzenie perfekcyjnie<\/h2>\n<p>Dzi\u00c4\u2122ki czujnikowi 256 x 192 px i r\u0102\u0142\u0139\u013dnym opcjom regulacji mo\u0139\u013desz dostosowa\u0107 urz\u00c4\u2026dzenie dok\u00c5\u201aadnie do swoich potrzeb. Wybierz z 5 tryb\u0102\u0142w kolorystycznych i zoptymalizuj sw\u0102\u0142j widok przy 10 poziomach jasno\u0139\u203aci, ostro\u0139\u203aci i kontrastu &#8211; tak aby \u0139\u013aaden szczeg\u0102\u0142\u00c5\u201a nie umkn\u00c4\u2026\u00c5\u201a twojej uwadze.<\/p>\n<h2>Dzielenie si\u00c4\u2122 do\u0139\u203awiadczeniami jest \u00c5\u201aatwe z LUMI<\/h2>\n<p>Uchwycenie specjalnych moment\u0102\u0142w jest niezb\u00c4\u2122dne dla wsp\u0102\u0142\u00c5\u201aczesnego my\u0139\u203aliwego. Z Nocpix LUMI P13 mo\u0139\u013desz nie tylko \u00c5\u201aatwo udost\u00c4\u2122pni\u0107 swoje nagrania za pomoc\u00c4\u2026 aplikacji, ale r\u0102\u0142wnie\u017c odtworzy\u0107 je bezpo\u0139\u203arednio na urz\u00c4\u2026dzeniu &#8211; idealnie na natychmiastowe dzielenie si\u00c4\u2122 swoimi do\u0139\u203awiadczeniami z innymi.<\/p>\n<h2>Mo\u0139\u013de by\u0107 u\u0139\u013dywany elastycznie dzi\u00c4\u2122ki wymiennej baterii<\/h2>\n<p>Seria LUMI jest wyposa\u0139\u013dona w standardowe baterie 18650, co daje Ci maksymaln\u00c4\u2026 elastyczno\u0139\u203a\u00c4\u2021. Niezale\u0139\u013dnie od tego, gdzie si\u00c4\u2122 udajesz, z do\u00c5\u201a\u00c4\u2026czonym \u00c5\u0104adowark\u0105 baterii b\u00c4\u2122dziesz gotowy w mgnieniu oka &#8211; i b\u00c4\u2122dziesz m\u0102\u0142g\u00c5\u201a kontynuowa\u0107 swoj\u00c4\u2026 misj\u00c4\u2122.<\/p>\n","protected":false},"excerpt":{"rendered":"<p>Najwy\u017csza wydajno\u015b\u0107 przy minimalnej wadze &#8211; Nocpix LUMI P13: Zawsze miej oko na swoim celu.<\/p>\n<p>Je\u015bli przedmiot nie jest dost\u0119pny, skontaktuj si\u0119 z nami: shop@nbg.eu lub +359896147790<\/p>\n<p>\n","protected":false},"featured_media":685218,"template":"","meta":{"_acf_changed":false},"product_brand":[14456],"product_cat":[16091,12594],"product_tag":[],"class_list":{"0":"post-685071","1":"product","2":"type-product","3":"status-publish","4":"has-post-thumbnail","6":"product_brand-nocpix","7":"product_cat-monoculars-pl","8":"product_cat-termowizja","10":"first","11":"instock","12":"taxable","13":"shipping-taxable","14":"purchasable","15":"product-type-simple"},"acf":[],"_links":{"self":[{"href":"https:\/\/nbg.eu\/pl\/wp-json\/wp\/v2\/product\/685071","targetHints":{"allow":["GET"]}}],"collection":[{"href":"https:\/\/nbg.eu\/pl\/wp-json\/wp\/v2\/product"}],"about":[{"href":"https:\/\/nbg.eu\/pl\/wp-json\/wp\/v2\/types\/product"}],"wp:featuredmedia":[{"embeddable":true,"href":"https:\/\/nbg.eu\/pl\/wp-json\/wp\/v2\/media\/685218"}],"wp:attachment":[{"href":"https:\/\/nbg.eu\/pl\/wp-json\/wp\/v2\/media?parent=685071"}],"wp:term":[{"taxonomy":"product_brand","embeddable":true,"href":"https:\/\/nbg.eu\/pl\/wp-json\/wp\/v2\/product_brand?post=685071"},{"taxonomy":"product_cat","embeddable":true,"href":"https:\/\/nbg.eu\/pl\/wp-json\/wp\/v2\/product_cat?post=685071"},{"taxonomy":"product_tag","embeddable":true,"href":"https:\/\/nbg.eu\/pl\/wp-json\/wp\/v2\/product_tag?post=685071"}],"curies":[{"name":"wp","href":"https:\/\/api.w.org\/{rel}","templated":true}]}}